{"id":13241,"date":"2025-08-19T16:00:18","date_gmt":"2025-08-19T19:00:18","guid":{"rendered":"https:\/\/letsgofitness.cl\/?post_type=product&#038;p=13241"},"modified":"2026-04-10T11:08:53","modified_gmt":"2026-04-10T14:08:53","slug":"preventa-super-squat","status":"publish","type":"product","link":"https:\/\/letsgofitness.cl\/index.php\/producto\/preventa-super-squat\/","title":{"rendered":"SUPER SQUAT"},"content":{"rendered":"<p>La m\u00e1quina<strong> SUPER SQUAT<\/strong>, est\u00e1 dise\u00f1ada para adaptarse a quienes prefieran realizar sentadillas de frente o en sentido contrario, sus almohadillas para el cuello de doble posici\u00f3n, permiten realizar sentadillas tanto hacia adelante como hacia atr\u00e1s, adapt\u00e1ndose a las preferencias de cada usuario, gracias a su robusta construcci\u00f3n y a sus niveles de resistencia ajustables, esta m\u00e1quina es perfecta para desarrollar fuerza y resistencia en la parte inferior del cuerpo.<\/p>\n<p><strong><span dir=\"auto\">M\u00fasculos trabajados:<\/span><\/strong><span dir=\"auto\">\u00a0cu\u00e1driceps, gl\u00fateos, isquiotibiales y pantorrillas.<\/span><\/p>\n<p>&nbsp;<\/p>\n<p><strong>\u00a0 \u00a0 \u00a0 CARACTER\u00cdSTICAS T\u00c9CNICAS:<\/strong><\/p>\n<ul>\n<li><span dir=\"auto\">Almohadillas para el cuello con 2 posiciones que permiten realizar sentadillas tanto hacia adelante como hacia atr\u00e1s.<\/span><\/li>\n<li><span dir=\"auto\">Carga m\u00e1xima de 400 kg<\/span><\/li>\n<li><span dir=\"auto\">Manijas de agarre m\u00faltiple para apoyo y equilibrio de la parte superior del cuerpo.<\/span><\/li>\n<li><span dir=\"auto\">4 soportes de peso para una carga de discos.<\/span><\/li>\n<li><span dir=\"auto\">Placa de pie grande de acero duradero con dise\u00f1o cuadriculado y antideslizante<\/span><\/li>\n<li><span dir=\"auto\">Marco comercial de tubos de 100 x 50 x 3 mm de espesor<\/span><\/li>\n<li><span dir=\"auto\">2 soportes de almacenamiento de discos extra largos.<\/span><\/li>\n<li><span dir=\"auto\">Tapicer\u00eda comercial de PU para m\u00e1xima durabilidad.<\/span><\/li>\n<li>DIMENSIONES: 181 X 160 X 122 CM<\/li>\n<\/ul>\n","protected":false},"excerpt":{"rendered":"<p>La m\u00e1quina SUPER SQUAT, est\u00e1 dise\u00f1ada para adaptarse a quienes prefieran realizar sentadillas de frente o en sentido contrario, sus almohadillas para el cuello de doble<span class=\"excerpt-hellip\"> [\u2026]<\/span><\/p>\n","protected":false},"featured_media":13306,"template":"","meta":{"_joinchat":[]},"product_brand":[],"product_cat":[135],"product_tag":[],"class_list":{"0":"post-13241","1":"product","2":"type-product","3":"status-publish","4":"has-post-thumbnail","6":"product_cat-oferta","8":"first","9":"instock","10":"sale","11":"shipping-taxable","12":"purchasable","13":"product-type-simple"},"_links":{"self":[{"href":"https:\/\/letsgofitness.cl\/index.php\/wp-json\/wp\/v2\/product\/13241","targetHints":{"allow":["GET"]}}],"collection":[{"href":"https:\/\/letsgofitness.cl\/index.php\/wp-json\/wp\/v2\/product"}],"about":[{"href":"https:\/\/letsgofitness.cl\/index.php\/wp-json\/wp\/v2\/types\/product"}],"wp:featuredmedia":[{"embeddable":true,"href":"https:\/\/letsgofitness.cl\/index.php\/wp-json\/wp\/v2\/media\/13306"}],"wp:attachment":[{"href":"https:\/\/letsgofitness.cl\/index.php\/wp-json\/wp\/v2\/media?parent=13241"}],"wp:term":[{"taxonomy":"product_brand","embeddable":true,"href":"https:\/\/letsgofitness.cl\/index.php\/wp-json\/wp\/v2\/product_brand?post=13241"},{"taxonomy":"product_cat","embeddable":true,"href":"https:\/\/letsgofitness.cl\/index.php\/wp-json\/wp\/v2\/product_cat?post=13241"},{"taxonomy":"product_tag","embeddable":true,"href":"https:\/\/letsgofitness.cl\/index.php\/wp-json\/wp\/v2\/product_tag?post=13241"}],"curies":[{"name":"wp","href":"https:\/\/api.w.org\/{rel}","templated":true}]}}