{"id":13004,"date":"2025-07-27T18:22:56","date_gmt":"2025-07-27T21:22:56","guid":{"rendered":"https:\/\/letsgofitness.cl\/?post_type=product&#038;p=13004"},"modified":"2026-04-10T11:08:54","modified_gmt":"2026-04-10T14:08:54","slug":"preventa-set-barras-z-peso-fijo-hexagonales-rack","status":"publish","type":"product","link":"https:\/\/letsgofitness.cl\/index.php\/producto\/preventa-set-barras-z-peso-fijo-hexagonales-rack\/","title":{"rendered":"SET BARRAS Z PESO FIJO HEXAGONALES + RACK"},"content":{"rendered":"<div>\n<ul>\n<li><span dir=\"auto\">Soporte de barra de doble cara resistente.<\/span><\/li>\n<li><span dir=\"auto\">Ideal para uso comercial.<\/span><\/li>\n<li><span dir=\"auto\">Su dise\u00f1o optimiza el espacio en el gimnasio.<\/span><\/li>\n<li><span dir=\"auto\">Barras de fundici\u00f3n s\u00f3lida revestidas de goma para proteger el suelo y el equipo.<\/span><\/li>\n<li><span dir=\"auto\">Fabricado en acero de alta calidad.<\/span><\/li>\n<li><span dir=\"auto\">El soporte cuenta con patas de goma para proteger el suelo.<\/span><\/li>\n<li>INCLUYE BARRAS CURVAS HEXAGONALES DE 10 &#8211; 15 &#8211; 20 &#8211; 25 &#8211; 30 &#8211; 35 &#8211; 40 &#8211; 45 &#8211; 50 KG<\/li>\n<\/ul>\n<\/div>\n","protected":false},"excerpt":{"rendered":"<p>Soporte de barra de doble cara resistente. Ideal para uso comercial. Su dise\u00f1o optimiza el espacio en el gimnasio. Barras de fundici\u00f3n s\u00f3lida revestidas de goma<span class=\"excerpt-hellip\"> [\u2026]<\/span><\/p>\n","protected":false},"featured_media":13021,"template":"","meta":{"_joinchat":[]},"product_brand":[],"product_cat":[106,107,118,135,122],"product_tag":[],"class_list":{"0":"post-13004","1":"product","2":"type-product","3":"status-publish","4":"has-post-thumbnail","6":"product_cat-accesorios","7":"product_cat-accesorios-barras","8":"product_cat-hexagonales","9":"product_cat-oferta","10":"product_cat-stock","12":"first","13":"instock","14":"sale","15":"shipping-taxable","16":"purchasable","17":"product-type-simple"},"_links":{"self":[{"href":"https:\/\/letsgofitness.cl\/index.php\/wp-json\/wp\/v2\/product\/13004","targetHints":{"allow":["GET"]}}],"collection":[{"href":"https:\/\/letsgofitness.cl\/index.php\/wp-json\/wp\/v2\/product"}],"about":[{"href":"https:\/\/letsgofitness.cl\/index.php\/wp-json\/wp\/v2\/types\/product"}],"wp:featuredmedia":[{"embeddable":true,"href":"https:\/\/letsgofitness.cl\/index.php\/wp-json\/wp\/v2\/media\/13021"}],"wp:attachment":[{"href":"https:\/\/letsgofitness.cl\/index.php\/wp-json\/wp\/v2\/media?parent=13004"}],"wp:term":[{"taxonomy":"product_brand","embeddable":true,"href":"https:\/\/letsgofitness.cl\/index.php\/wp-json\/wp\/v2\/product_brand?post=13004"},{"taxonomy":"product_cat","embeddable":true,"href":"https:\/\/letsgofitness.cl\/index.php\/wp-json\/wp\/v2\/product_cat?post=13004"},{"taxonomy":"product_tag","embeddable":true,"href":"https:\/\/letsgofitness.cl\/index.php\/wp-json\/wp\/v2\/product_tag?post=13004"}],"curies":[{"name":"wp","href":"https:\/\/api.w.org\/{rel}","templated":true}]}}