{"id":12945,"date":"2025-07-24T23:41:07","date_gmt":"2025-07-25T02:41:07","guid":{"rendered":"https:\/\/letsgofitness.cl\/?post_type=product&#038;p=12945"},"modified":"2026-04-10T11:13:10","modified_gmt":"2026-04-10T14:13:10","slug":"biceps-curl-strength-st3","status":"publish","type":"product","link":"https:\/\/letsgofitness.cl\/index.php\/producto\/biceps-curl-strength-st3\/","title":{"rendered":"BICEPS CURL STRENGTH ST3"},"content":{"rendered":"<p>Esta m\u00e1quina dise\u00f1ada para maximizar el trabajo aislado de biceps, permite una ejecuci\u00f3n segura y precisa debido al soporte para brazos, de peso libre para discos ol\u00edmpicos. Ajustes de altura en el asiento y agarre de manos.<\/p>\n<p><strong><em>Especificaciones t\u00e9cnicas:<\/em><\/strong><\/p>\n<ul>\n<li>Dimensiones: 122 X 157 X 148 cm<\/li>\n<li>Peso: 180 kg.<\/li>\n<li>\u00a0Tubo de acero de alta calidad Q235 &#8211; 3mm<\/li>\n<li>Color negro<\/li>\n<li>Recubrimiento anticorrosivo<\/li>\n<li>Tapicer\u00eda de alta calidad<\/li>\n<li>Uso inuitivo<\/li>\n<li>Agarre de pies de gorma para mayor estabilidad y seguridad<\/li>\n<\/ul>\n","protected":false},"excerpt":{"rendered":"<p>Esta m\u00e1quina dise\u00f1ada para maximizar el trabajo aislado de biceps, permite una ejecuci\u00f3n segura y precisa debido al soporte para brazos, de peso libre para discos<span class=\"excerpt-hellip\"> [\u2026]<\/span><\/p>\n","protected":false},"featured_media":12946,"template":"","meta":{"_joinchat":[]},"product_brand":[],"product_cat":[305,135,122],"product_tag":[],"class_list":{"0":"post-12945","1":"product","2":"type-product","3":"status-publish","4":"has-post-thumbnail","6":"product_cat-biceps","7":"product_cat-oferta","8":"product_cat-stock","10":"first","11":"instock","12":"sale","13":"shipping-taxable","14":"purchasable","15":"product-type-simple"},"_links":{"self":[{"href":"https:\/\/letsgofitness.cl\/index.php\/wp-json\/wp\/v2\/product\/12945","targetHints":{"allow":["GET"]}}],"collection":[{"href":"https:\/\/letsgofitness.cl\/index.php\/wp-json\/wp\/v2\/product"}],"about":[{"href":"https:\/\/letsgofitness.cl\/index.php\/wp-json\/wp\/v2\/types\/product"}],"wp:featuredmedia":[{"embeddable":true,"href":"https:\/\/letsgofitness.cl\/index.php\/wp-json\/wp\/v2\/media\/12946"}],"wp:attachment":[{"href":"https:\/\/letsgofitness.cl\/index.php\/wp-json\/wp\/v2\/media?parent=12945"}],"wp:term":[{"taxonomy":"product_brand","embeddable":true,"href":"https:\/\/letsgofitness.cl\/index.php\/wp-json\/wp\/v2\/product_brand?post=12945"},{"taxonomy":"product_cat","embeddable":true,"href":"https:\/\/letsgofitness.cl\/index.php\/wp-json\/wp\/v2\/product_cat?post=12945"},{"taxonomy":"product_tag","embeddable":true,"href":"https:\/\/letsgofitness.cl\/index.php\/wp-json\/wp\/v2\/product_tag?post=12945"}],"curies":[{"name":"wp","href":"https:\/\/api.w.org\/{rel}","templated":true}]}}