{"id":1290,"date":"2020-08-21T23:17:49","date_gmt":"2020-08-22T02:17:49","guid":{"rendered":"https:\/\/letsgofitness.cl\/?post_type=product&#038;p=1290"},"modified":"2026-04-10T11:11:11","modified_gmt":"2026-04-10T14:11:11","slug":"hip-trainer","status":"publish","type":"product","link":"https:\/\/letsgofitness.cl\/index.php\/producto\/hip-trainer\/","title":{"rendered":"HIP TRAINER (GLUTE KICK) POWERCROWN"},"content":{"rendered":"<p>Dise\u00f1o elegante y est\u00e9tico y una calidad para uso profesional. Est\u00e1 ergon\u00f3micamente dise\u00f1ada para proporcionar un movimiento natural, maximizar la efectividad de los ejercicios.<\/p>\n<p>&nbsp;<\/p>\n<h6><strong>DIMENSIONES Y PESO:<\/strong><\/h6>\n<p>Medidas: 216 x 100 x 150 cm<\/p>\n<p>Peso: 218 KG<\/p>\n<p>Peso m\u00e1ximo de usuario: 180 KG<\/p>\n<p>STACK: 77 KG<\/p>\n","protected":false},"excerpt":{"rendered":"<p>Dise\u00f1o elegante y est\u00e9tico y una calidad para uso profesional. Est\u00e1 ergon\u00f3micamente dise\u00f1ada para proporcionar un movimiento natural, maximizar la efectividad de los ejercicios. &nbsp; DIMENSIONES<span class=\"excerpt-hellip\"> [\u2026]<\/span><\/p>\n","protected":false},"featured_media":5972,"template":"","meta":{"_joinchat":[]},"product_brand":[],"product_cat":[130,213,132,32,48],"product_tag":[],"class_list":{"0":"post-1290","1":"product","2":"type-product","3":"status-publish","4":"has-post-thumbnail","6":"product_cat-boss-strength","7":"product_cat-gluteo","8":"product_cat-powercrown","9":"product_cat-profesional","10":"product_cat-peso-integrado-profesional","12":"first","13":"outofstock","14":"sale","15":"shipping-taxable","16":"purchasable","17":"product-type-simple"},"_links":{"self":[{"href":"https:\/\/letsgofitness.cl\/index.php\/wp-json\/wp\/v2\/product\/1290","targetHints":{"allow":["GET"]}}],"collection":[{"href":"https:\/\/letsgofitness.cl\/index.php\/wp-json\/wp\/v2\/product"}],"about":[{"href":"https:\/\/letsgofitness.cl\/index.php\/wp-json\/wp\/v2\/types\/product"}],"wp:featuredmedia":[{"embeddable":true,"href":"https:\/\/letsgofitness.cl\/index.php\/wp-json\/wp\/v2\/media\/5972"}],"wp:attachment":[{"href":"https:\/\/letsgofitness.cl\/index.php\/wp-json\/wp\/v2\/media?parent=1290"}],"wp:term":[{"taxonomy":"product_brand","embeddable":true,"href":"https:\/\/letsgofitness.cl\/index.php\/wp-json\/wp\/v2\/product_brand?post=1290"},{"taxonomy":"product_cat","embeddable":true,"href":"https:\/\/letsgofitness.cl\/index.php\/wp-json\/wp\/v2\/product_cat?post=1290"},{"taxonomy":"product_tag","embeddable":true,"href":"https:\/\/letsgofitness.cl\/index.php\/wp-json\/wp\/v2\/product_tag?post=1290"}],"curies":[{"name":"wp","href":"https:\/\/api.w.org\/{rel}","templated":true}]}}