{"id":1289,"date":"2020-08-21T23:14:25","date_gmt":"2020-08-22T02:14:25","guid":{"rendered":"https:\/\/letsgofitness.cl\/?post_type=product&#038;p=1289"},"modified":"2026-05-05T11:20:05","modified_gmt":"2026-05-05T14:20:05","slug":"adjustable-flat-decline-bench-bs","status":"publish","type":"product","link":"https:\/\/letsgofitness.cl\/index.php\/producto\/adjustable-flat-decline-bench-bs\/","title":{"rendered":"BANCO ABDOMINAL\/FUNCIONAL PLANO &#8211; DECLINADO BOSS STRENGTH"},"content":{"rendered":"<p>El BANCO ABDOMINAL\/FUNCIONAL PLANO -DECLINADO es un banco elegante y duradero con m\u00faltiples posiciones de ajuste para diferenciar los niveles de dificultad y para configurar correctamente al usuario. Con su amplia almohadilla trasera y soporte ajustable para las piernas, los usuarios se sienten extremadamente estables y proporciona una experiencia de entrenamiento segura, adem\u00e1s de una comodidad \u00f3ptima al realizar el ejercicio. Incluso tiene ruedas integradas para facilitar el transporte a trav\u00e9s de sus instalaciones.<\/p>\n<p>Con su dise\u00f1o est\u00e9tico, esta m\u00e1quina encaja perfectamente en cualquier gimnasio.<\/p>\n<p>&nbsp;<\/p>\n<h6>\u00a0 \u00a0<strong>CARACTER\u00cdSTICAS T\u00c9CNICAS:<\/strong><\/h6>\n<ul>\n<li>M\u00faltiples posiciones de ajuste.<\/li>\n<li>Almohadilla ancha para la espalda y reposapiernas ajustable.<\/li>\n<li>Ruedas integradas.<\/li>\n<li>Marco de acero macizo.<\/li>\n<li>Uso profesional.<\/li>\n<\/ul>\n<p>&nbsp;<\/p>\n<h6>\u00a0 \u00a0<strong>DIMENSIONES Y PESO:<\/strong><\/h6>\n<p>Medidas: (L x W x H): 157.5 x 71.7 x 98.3 CM.<\/p>\n<p>Peso: 51 kg.<\/p>\n<p>Capacidad de carga m\u00e1x.: 280 kg.<\/p>\n<p>Peso m\u00e1x. del usuario: 180 kg.<\/p>\n","protected":false},"excerpt":{"rendered":"<p>El BANCO ABDOMINAL\/FUNCIONAL PLANO -DECLINADO es un banco elegante y duradero con m\u00faltiples posiciones de ajuste para diferenciar los niveles de dificultad y para configurar correctamente<span class=\"excerpt-hellip\"> [\u2026]<\/span><\/p>\n","protected":false},"featured_media":6494,"template":"","meta":{"_joinchat":[]},"product_brand":[],"product_cat":[140,32],"product_tag":[],"class_list":{"0":"post-1289","1":"product","2":"type-product","3":"status-publish","4":"has-post-thumbnail","6":"product_cat-bancos-rack-smith","7":"product_cat-profesional","9":"first","10":"outofstock","11":"sale","12":"shipping-taxable","13":"purchasable","14":"product-type-simple"},"_links":{"self":[{"href":"https:\/\/letsgofitness.cl\/index.php\/wp-json\/wp\/v2\/product\/1289","targetHints":{"allow":["GET"]}}],"collection":[{"href":"https:\/\/letsgofitness.cl\/index.php\/wp-json\/wp\/v2\/product"}],"about":[{"href":"https:\/\/letsgofitness.cl\/index.php\/wp-json\/wp\/v2\/types\/product"}],"wp:featuredmedia":[{"embeddable":true,"href":"https:\/\/letsgofitness.cl\/index.php\/wp-json\/wp\/v2\/media\/6494"}],"wp:attachment":[{"href":"https:\/\/letsgofitness.cl\/index.php\/wp-json\/wp\/v2\/media?parent=1289"}],"wp:term":[{"taxonomy":"product_brand","embeddable":true,"href":"https:\/\/letsgofitness.cl\/index.php\/wp-json\/wp\/v2\/product_brand?post=1289"},{"taxonomy":"product_cat","embeddable":true,"href":"https:\/\/letsgofitness.cl\/index.php\/wp-json\/wp\/v2\/product_cat?post=1289"},{"taxonomy":"product_tag","embeddable":true,"href":"https:\/\/letsgofitness.cl\/index.php\/wp-json\/wp\/v2\/product_tag?post=1289"}],"curies":[{"name":"wp","href":"https:\/\/api.w.org\/{rel}","templated":true}]}}