{"id":1288,"date":"2020-08-21T23:11:27","date_gmt":"2020-08-22T02:11:27","guid":{"rendered":"https:\/\/letsgofitness.cl\/?post_type=product&#038;p=1288"},"modified":"2026-03-02T11:39:18","modified_gmt":"2026-03-02T14:39:18","slug":"ab-back-machine-boss-strenght","status":"publish","type":"product","link":"https:\/\/letsgofitness.cl\/index.php\/producto\/ab-back-machine-boss-strenght\/","title":{"rendered":"AB-BACK MACHINE BOSS STRENGTH 2"},"content":{"rendered":"<p>El banco AB-BACK Machine modelo 2, es un banco ideal para entrenar y fortalecer los m\u00fasculos de la espalda baja, isquiotibiales y gl\u00fateos.<\/p>\n<p>&nbsp;<\/p>\n<h6><strong>CARACTER\u00cdSTICAS T\u00c9CNICAS:<\/strong><\/h6>\n<ul>\n<li>Fabricado con una estructura sencilla y funcional.<\/li>\n<li>Con plataforma met\u00e1lica amplia para apoyar los pies, lo que permite\u00a0comodidad del usuario al momento de realizar el ejercicio.<\/li>\n<li>Tapiz: Espuma forrada con cuero sint\u00e9tico<\/li>\n<li>Ajuste de tapiz para adaptar seg\u00fan la altura del usuario.<\/li>\n<\/ul>\n<p>&nbsp;<\/p>\n<h6><strong>DIMENSIONES Y PESO:<\/strong><\/h6>\n<p>Medidas: 108 x 67,2 x 71 cm<\/p>\n<p>Peso: 27kg<\/p>\n","protected":false},"excerpt":{"rendered":"<p>El banco AB-BACK Machine modelo 2, es un banco ideal para entrenar y fortalecer los m\u00fasculos de la espalda baja, isquiotibiales y gl\u00fateos. &nbsp; CARACTER\u00cdSTICAS T\u00c9CNICAS:<span class=\"excerpt-hellip\"> [\u2026]<\/span><\/p>\n","protected":false},"featured_media":5936,"template":"","meta":{"_joinchat":[]},"product_brand":[],"product_cat":[140,130,32],"product_tag":[],"class_list":{"0":"post-1288","1":"product","2":"type-product","3":"status-publish","4":"has-post-thumbnail","6":"product_cat-bancos-rack-smith","7":"product_cat-boss-strength","8":"product_cat-profesional","10":"first","11":"instock","12":"sale","13":"shipping-taxable","14":"purchasable","15":"product-type-simple"},"_links":{"self":[{"href":"https:\/\/letsgofitness.cl\/index.php\/wp-json\/wp\/v2\/product\/1288","targetHints":{"allow":["GET"]}}],"collection":[{"href":"https:\/\/letsgofitness.cl\/index.php\/wp-json\/wp\/v2\/product"}],"about":[{"href":"https:\/\/letsgofitness.cl\/index.php\/wp-json\/wp\/v2\/types\/product"}],"wp:featuredmedia":[{"embeddable":true,"href":"https:\/\/letsgofitness.cl\/index.php\/wp-json\/wp\/v2\/media\/5936"}],"wp:attachment":[{"href":"https:\/\/letsgofitness.cl\/index.php\/wp-json\/wp\/v2\/media?parent=1288"}],"wp:term":[{"taxonomy":"product_brand","embeddable":true,"href":"https:\/\/letsgofitness.cl\/index.php\/wp-json\/wp\/v2\/product_brand?post=1288"},{"taxonomy":"product_cat","embeddable":true,"href":"https:\/\/letsgofitness.cl\/index.php\/wp-json\/wp\/v2\/product_cat?post=1288"},{"taxonomy":"product_tag","embeddable":true,"href":"https:\/\/letsgofitness.cl\/index.php\/wp-json\/wp\/v2\/product_tag?post=1288"}],"curies":[{"name":"wp","href":"https:\/\/api.w.org\/{rel}","templated":true}]}}