{"id":1284,"date":"2020-08-21T22:56:01","date_gmt":"2020-08-22T01:56:01","guid":{"rendered":"https:\/\/letsgofitness.cl\/?post_type=product&#038;p=1284"},"modified":"2026-04-06T16:08:10","modified_gmt":"2026-04-06T19:08:10","slug":"biceps-curl-boss-strenght","status":"publish","type":"product","link":"https:\/\/letsgofitness.cl\/index.php\/producto\/biceps-curl-boss-strenght\/","title":{"rendered":"BICEPS CURL BOSS STRENGHT"},"content":{"rendered":"<h6><strong>CARACTER\u00cdSTICAS T\u00c9CNICAS:<\/strong><\/h6>\n<ul>\n<li>Es una silla de ejercicios para brazos frontales, dise\u00f1ada para que puedas entrenar los m\u00fasculos de tus brazos, como curls de b\u00edceps de forma eficaz y variada.<\/li>\n<li>Puede ajustar la altura de la silla y el \u00e1ngulo de inclinaci\u00f3n para adaptarse a su postura y nivel de entrenamiento.<\/li>\n<li>Fabricado con materiales de alta calidad, lo que garantiza durabilidad y seguridad durante todo el uso.<\/li>\n<li>Este producto est\u00e1 dise\u00f1ado para soportar pesos y el uso diario en un entorno de entrenamiento.<\/li>\n<\/ul>\n<h6><strong>DIMENSIONES Y PESO:<\/strong><\/h6>\n<p>Medidas: 104,7 X 75,2 X 101,9 cm<\/p>\n","protected":false},"excerpt":{"rendered":"<p>COLOR DISPONIBLE:<\/p>\n<p>GRIS<\/p>\n","protected":false},"featured_media":1268,"template":"","meta":{"_joinchat":[]},"product_brand":[],"product_cat":[140,130,135,122,32],"product_tag":[],"class_list":{"0":"post-1284","1":"product","2":"type-product","3":"status-publish","4":"has-post-thumbnail","6":"product_cat-bancos-rack-smith","7":"product_cat-boss-strength","8":"product_cat-oferta","9":"product_cat-stock","10":"product_cat-profesional","12":"first","13":"instock","14":"sale","15":"shipping-taxable","16":"purchasable","17":"product-type-simple"},"_links":{"self":[{"href":"https:\/\/letsgofitness.cl\/index.php\/wp-json\/wp\/v2\/product\/1284","targetHints":{"allow":["GET"]}}],"collection":[{"href":"https:\/\/letsgofitness.cl\/index.php\/wp-json\/wp\/v2\/product"}],"about":[{"href":"https:\/\/letsgofitness.cl\/index.php\/wp-json\/wp\/v2\/types\/product"}],"wp:featuredmedia":[{"embeddable":true,"href":"https:\/\/letsgofitness.cl\/index.php\/wp-json\/wp\/v2\/media\/1268"}],"wp:attachment":[{"href":"https:\/\/letsgofitness.cl\/index.php\/wp-json\/wp\/v2\/media?parent=1284"}],"wp:term":[{"taxonomy":"product_brand","embeddable":true,"href":"https:\/\/letsgofitness.cl\/index.php\/wp-json\/wp\/v2\/product_brand?post=1284"},{"taxonomy":"product_cat","embeddable":true,"href":"https:\/\/letsgofitness.cl\/index.php\/wp-json\/wp\/v2\/product_cat?post=1284"},{"taxonomy":"product_tag","embeddable":true,"href":"https:\/\/letsgofitness.cl\/index.php\/wp-json\/wp\/v2\/product_tag?post=1284"}],"curies":[{"name":"wp","href":"https:\/\/api.w.org\/{rel}","templated":true}]}}