{"id":12818,"date":"2025-07-30T18:44:40","date_gmt":"2025-07-30T21:44:40","guid":{"rendered":"https:\/\/letsgofitness.cl\/?post_type=product&#038;p=12818"},"modified":"2026-04-10T11:08:46","modified_gmt":"2026-04-10T14:08:46","slug":"leg-curl-exoform-impulse","status":"publish","type":"product","link":"https:\/\/letsgofitness.cl\/index.php\/producto\/leg-curl-exoform-impulse\/","title":{"rendered":"LEG CURL EXOFORM &#8211; IMPULSE"},"content":{"rendered":"<h5>CARACTER\u00cdSTICAS:<\/h5>\n<ul>\n<li>Los tubos verticales son con tubo especial en tama\u00f1o 72.8\u00d7141.7\u00d73mm, y la parte funcional con tubo de pista de carreras en tama\u00f1o 40\u00d7133\u00d73mm, sometidos a doble recubrimiento en polvo y proceso de pintura que garantiza alta calidad y ultra durabilidad.<\/li>\n<li>La consola incorporada, dise\u00f1ada por el equipo de American UI, muestra las repeticiones y el tiempo.<\/li>\n<li>Con el sistema de asistencia de resorte en espiral, el nuevo ajuste de asiento de 3 articulaciones es conciso, ahorra costos y ofrece una instalaci\u00f3n f\u00e1cil.<\/li>\n<li>La tapicer\u00eda de dise\u00f1o ergon\u00f3mico es con espuma de PU que ofrece comodidad y protecci\u00f3n de seguridad.<\/li>\n<li>Se aplican tanto el sistema de transmisi\u00f3n por correa como por cable. El cable autolubricado American Loss con 12 fibras complejas recubiertas de nylon garantiza una vida \u00fatil 300.000 ciclos. La correa es con alambre de acero incrustado que garantiza una ultra durabilidad y una larga vida \u00fatil.<\/li>\n<li>Una variedad de posiciones de entrenamiento est\u00e1n especialmente dise\u00f1adas para satisfacer una variedad de necesidades de ejercicio.<\/li>\n<li>Manilla de dise\u00f1o ergon\u00f3mico hecho con material TPU y anillo de agarre de aluminio, y Todas las piezas de hardware expuestas son niqueladas o de acero inoxidable. El dise\u00f1o conciso ofrece comodidad y seguridad. Todos los componentes din\u00e1micos est\u00e1n protegidos por razones de seguridad.<\/li>\n<li>Los soportes de iPad y los porta botellas est\u00e1n separados para cumplir con varios requisitos.<\/li>\n<\/ul>\n<h5>\u00a0 \u00a0ESPECIFICACIONES T\u00c9CNICAS:<\/h5>\n<ul>\n<li>Dimensiones: 1240*1541*1489 mm<\/li>\n<li>Peso neto: 183,6 kg<\/li>\n<li>Peso bruto: 206,9 kg<\/li>\n<\/ul>\n","protected":false},"excerpt":{"rendered":"<p>CARACTER\u00cdSTICAS: Los tubos verticales son con tubo especial en tama\u00f1o 72.8\u00d7141.7\u00d73mm, y la parte funcional con tubo de pista de carreras en tama\u00f1o 40\u00d7133\u00d73mm, sometidos a<span class=\"excerpt-hellip\"> [\u2026]<\/span><\/p>\n","protected":false},"featured_media":13051,"template":"","meta":{"_joinchat":[]},"product_brand":[],"product_cat":[211,122,32,48],"product_tag":[],"class_list":{"0":"post-12818","1":"product","2":"type-product","3":"status-publish","4":"has-post-thumbnail","6":"product_cat-impulse","7":"product_cat-stock","8":"product_cat-profesional","9":"product_cat-peso-integrado-profesional","11":"first","12":"instock","13":"sale","14":"shipping-taxable","15":"purchasable","16":"product-type-simple"},"_links":{"self":[{"href":"https:\/\/letsgofitness.cl\/index.php\/wp-json\/wp\/v2\/product\/12818","targetHints":{"allow":["GET"]}}],"collection":[{"href":"https:\/\/letsgofitness.cl\/index.php\/wp-json\/wp\/v2\/product"}],"about":[{"href":"https:\/\/letsgofitness.cl\/index.php\/wp-json\/wp\/v2\/types\/product"}],"wp:featuredmedia":[{"embeddable":true,"href":"https:\/\/letsgofitness.cl\/index.php\/wp-json\/wp\/v2\/media\/13051"}],"wp:attachment":[{"href":"https:\/\/letsgofitness.cl\/index.php\/wp-json\/wp\/v2\/media?parent=12818"}],"wp:term":[{"taxonomy":"product_brand","embeddable":true,"href":"https:\/\/letsgofitness.cl\/index.php\/wp-json\/wp\/v2\/product_brand?post=12818"},{"taxonomy":"product_cat","embeddable":true,"href":"https:\/\/letsgofitness.cl\/index.php\/wp-json\/wp\/v2\/product_cat?post=12818"},{"taxonomy":"product_tag","embeddable":true,"href":"https:\/\/letsgofitness.cl\/index.php\/wp-json\/wp\/v2\/product_tag?post=12818"}],"curies":[{"name":"wp","href":"https:\/\/api.w.org\/{rel}","templated":true}]}}