{"id":12807,"date":"2025-08-06T16:46:16","date_gmt":"2025-08-06T19:46:16","guid":{"rendered":"https:\/\/letsgofitness.cl\/?post_type=product&#038;p=12807"},"modified":"2026-04-10T11:08:46","modified_gmt":"2026-04-10T14:08:46","slug":"squat-impulse","status":"publish","type":"product","link":"https:\/\/letsgofitness.cl\/index.php\/producto\/squat-impulse\/","title":{"rendered":"SQUAT &#8211; IMPULSE"},"content":{"rendered":"<p><span class=\"DescriptionHeader\">Descripci\u00f3n:<\/span><\/p>\n<ul>\n<li>Plataforma ajustable con seis posiciones de \u00e1ngulo y una amplia plataforma (750*665), que permite diversas posiciones de pie para trabajar m\u00fasculos espec\u00edficos de piernas y gl\u00fateos.<\/li>\n<li class=\"DescriptionBody\">Dos posiciones de inicio ajustables para usuarios de diferentes alturas.<\/li>\n<li class=\"DescriptionBody\">Mango con c\u00f3modos ajustes de doble cara para posturas hacia adelante y hacia atr\u00e1s, con ajuste tanto a la izquierda como a la derecha.<\/li>\n<li class=\"DescriptionBody\">Contrapeso adicional para reducir el peso inicial sin carga.<\/li>\n<li class=\"DescriptionBody\">Dise\u00f1o de estructura de enlace para una curva de fuerza razonable.<\/li>\n<li class=\"DescriptionBody\">Equipado con cuatro porta discos de almacenamiento, con una capacidad m\u00e1xima de almacenamiento de 400 kg.<\/li>\n<\/ul>\n","protected":false},"excerpt":{"rendered":"<p>Descripci\u00f3n: Plataforma ajustable con seis posiciones de \u00e1ngulo y una amplia plataforma (750*665), que permite diversas posiciones de pie para trabajar m\u00fasculos espec\u00edficos de piernas y<span class=\"excerpt-hellip\"> [\u2026]<\/span><\/p>\n","protected":false},"featured_media":12797,"template":"","meta":{"_joinchat":[]},"product_brand":[],"product_cat":[211,122,32,47],"product_tag":[],"class_list":{"0":"post-12807","1":"product","2":"type-product","3":"status-publish","4":"has-post-thumbnail","6":"product_cat-impulse","7":"product_cat-stock","8":"product_cat-profesional","9":"product_cat-peso-libre-profesional","11":"first","12":"outofstock","13":"sale","14":"shipping-taxable","15":"purchasable","16":"product-type-simple"},"_links":{"self":[{"href":"https:\/\/letsgofitness.cl\/index.php\/wp-json\/wp\/v2\/product\/12807","targetHints":{"allow":["GET"]}}],"collection":[{"href":"https:\/\/letsgofitness.cl\/index.php\/wp-json\/wp\/v2\/product"}],"about":[{"href":"https:\/\/letsgofitness.cl\/index.php\/wp-json\/wp\/v2\/types\/product"}],"wp:featuredmedia":[{"embeddable":true,"href":"https:\/\/letsgofitness.cl\/index.php\/wp-json\/wp\/v2\/media\/12797"}],"wp:attachment":[{"href":"https:\/\/letsgofitness.cl\/index.php\/wp-json\/wp\/v2\/media?parent=12807"}],"wp:term":[{"taxonomy":"product_brand","embeddable":true,"href":"https:\/\/letsgofitness.cl\/index.php\/wp-json\/wp\/v2\/product_brand?post=12807"},{"taxonomy":"product_cat","embeddable":true,"href":"https:\/\/letsgofitness.cl\/index.php\/wp-json\/wp\/v2\/product_cat?post=12807"},{"taxonomy":"product_tag","embeddable":true,"href":"https:\/\/letsgofitness.cl\/index.php\/wp-json\/wp\/v2\/product_tag?post=12807"}],"curies":[{"name":"wp","href":"https:\/\/api.w.org\/{rel}","templated":true}]}}