{"id":12806,"date":"2025-08-06T16:43:42","date_gmt":"2025-08-06T19:43:42","guid":{"rendered":"https:\/\/letsgofitness.cl\/?post_type=product&#038;p=12806"},"modified":"2026-04-14T17:15:36","modified_gmt":"2026-04-14T20:15:36","slug":"hack-squat-impulse","status":"publish","type":"product","link":"https:\/\/letsgofitness.cl\/index.php\/producto\/hack-squat-impulse\/","title":{"rendered":"HACK SQUAT &#8211; IMPULSE"},"content":{"rendered":"<p id=\"tw-target-text\" class=\"tw-data-text tw-text-large tw-ta\" dir=\"ltr\" data-placeholder=\"Traducci\u00f3n\" data-ved=\"2ahUKEwjZpu6l9aCOAxUpAbkGHYd-LtUQ3ewLegQICRAV\" aria-label=\"Texto traducido: Descripci\u00f3n: ? Pedal con \u00e1ngulo ajustable con 4 posiciones, que permite \u00e1ngulos de entrenamiento de 35\u00b0 a 50\u00b0 para adaptarse a las preferencias del usuario. ? Equipado con cuatro barras para mayor resistencia. ? Dise\u00f1o de doble prop\u00f3sito con opciones de transporte al hombro y a la cintura, para una mayor variedad de necesidades de entrenamiento. ? L\u00edmite de seguridad ajustable para proteger eficazmente a usuarios de diferentes alturas durante el uso, garantizando una experiencia de entrenamiento uniforme para cada usuario.\"><span class=\"Y2IQFc\" lang=\"es\">Descripci\u00f3n: <\/span><\/p>\n<ul>\n<li class=\"tw-data-text tw-text-large tw-ta\" dir=\"ltr\" data-placeholder=\"Traducci\u00f3n\" data-ved=\"2ahUKEwjZpu6l9aCOAxUpAbkGHYd-LtUQ3ewLegQICRAV\" aria-label=\"Texto traducido: Descripci\u00f3n: ? Pedal con \u00e1ngulo ajustable con 4 posiciones, que permite \u00e1ngulos de entrenamiento de 35\u00b0 a 50\u00b0 para adaptarse a las preferencias del usuario. ? Equipado con cuatro barras para mayor resistencia. ? Dise\u00f1o de doble prop\u00f3sito con opciones de transporte al hombro y a la cintura, para una mayor variedad de necesidades de entrenamiento. ? L\u00edmite de seguridad ajustable para proteger eficazmente a usuarios de diferentes alturas durante el uso, garantizando una experiencia de entrenamiento uniforme para cada usuario.\"><span class=\"Y2IQFc\" lang=\"es\">Plataforma con \u00e1ngulo ajustable con 4 posiciones, que permite \u00e1ngulos de entrenamiento de 35\u00b0 a 50\u00b0 para adaptarse a las preferencias del usuario.<\/span><\/li>\n<li class=\"tw-data-text tw-text-large tw-ta\" dir=\"ltr\" data-placeholder=\"Traducci\u00f3n\" data-ved=\"2ahUKEwjZpu6l9aCOAxUpAbkGHYd-LtUQ3ewLegQICRAV\" aria-label=\"Texto traducido: Descripci\u00f3n: ? Pedal con \u00e1ngulo ajustable con 4 posiciones, que permite \u00e1ngulos de entrenamiento de 35\u00b0 a 50\u00b0 para adaptarse a las preferencias del usuario. ? Equipado con cuatro barras para mayor resistencia. ? Dise\u00f1o de doble prop\u00f3sito con opciones de transporte al hombro y a la cintura, para una mayor variedad de necesidades de entrenamiento. ? L\u00edmite de seguridad ajustable para proteger eficazmente a usuarios de diferentes alturas durante el uso, garantizando una experiencia de entrenamiento uniforme para cada usuario.\"><span class=\"Y2IQFc\" lang=\"es\">Dise\u00f1o de doble prop\u00f3sito con opciones de transporte al hombro y a la cintura, para una mayor variedad de necesidades de entrenamiento.<\/span><\/li>\n<li class=\"tw-data-text tw-text-large tw-ta\" dir=\"ltr\" data-placeholder=\"Traducci\u00f3n\" data-ved=\"2ahUKEwjZpu6l9aCOAxUpAbkGHYd-LtUQ3ewLegQICRAV\" aria-label=\"Texto traducido: Descripci\u00f3n: ? Pedal con \u00e1ngulo ajustable con 4 posiciones, que permite \u00e1ngulos de entrenamiento de 35\u00b0 a 50\u00b0 para adaptarse a las preferencias del usuario. ? Equipado con cuatro barras para mayor resistencia. ? Dise\u00f1o de doble prop\u00f3sito con opciones de transporte al hombro y a la cintura, para una mayor variedad de necesidades de entrenamiento. ? L\u00edmite de seguridad ajustable para proteger eficazmente a usuarios de diferentes alturas durante el uso, garantizando una experiencia de entrenamiento uniforme para cada usuario.\"><span class=\"Y2IQFc\" lang=\"es\">L\u00edmite de seguridad ajustable para proteger eficazmente a usuarios de diferentes alturas durante el uso, garantizando una experiencia de entrenamiento uniforme para cada usuario.<\/span><\/li>\n<\/ul>\n","protected":false},"excerpt":{"rendered":"<p>Descripci\u00f3n: Plataforma con \u00e1ngulo ajustable con 4 posiciones, que permite \u00e1ngulos de entrenamiento de 35\u00b0 a 50\u00b0 para adaptarse a las preferencias del usuario. Dise\u00f1o de<span class=\"excerpt-hellip\"> [\u2026]<\/span><\/p>\n","protected":false},"featured_media":12798,"template":"","meta":{"_joinchat":[]},"product_brand":[],"product_cat":[211,122,32,47],"product_tag":[],"class_list":{"0":"post-12806","1":"product","2":"type-product","3":"status-publish","4":"has-post-thumbnail","6":"product_cat-impulse","7":"product_cat-stock","8":"product_cat-profesional","9":"product_cat-peso-libre-profesional","11":"first","12":"instock","13":"sale","14":"shipping-taxable","15":"purchasable","16":"product-type-simple"},"_links":{"self":[{"href":"https:\/\/letsgofitness.cl\/index.php\/wp-json\/wp\/v2\/product\/12806","targetHints":{"allow":["GET"]}}],"collection":[{"href":"https:\/\/letsgofitness.cl\/index.php\/wp-json\/wp\/v2\/product"}],"about":[{"href":"https:\/\/letsgofitness.cl\/index.php\/wp-json\/wp\/v2\/types\/product"}],"wp:featuredmedia":[{"embeddable":true,"href":"https:\/\/letsgofitness.cl\/index.php\/wp-json\/wp\/v2\/media\/12798"}],"wp:attachment":[{"href":"https:\/\/letsgofitness.cl\/index.php\/wp-json\/wp\/v2\/media?parent=12806"}],"wp:term":[{"taxonomy":"product_brand","embeddable":true,"href":"https:\/\/letsgofitness.cl\/index.php\/wp-json\/wp\/v2\/product_brand?post=12806"},{"taxonomy":"product_cat","embeddable":true,"href":"https:\/\/letsgofitness.cl\/index.php\/wp-json\/wp\/v2\/product_cat?post=12806"},{"taxonomy":"product_tag","embeddable":true,"href":"https:\/\/letsgofitness.cl\/index.php\/wp-json\/wp\/v2\/product_tag?post=12806"}],"curies":[{"name":"wp","href":"https:\/\/api.w.org\/{rel}","templated":true}]}}