{"id":12770,"date":"2025-08-06T17:22:54","date_gmt":"2025-08-06T20:22:54","guid":{"rendered":"https:\/\/letsgofitness.cl\/?post_type=product&#038;p=12770"},"modified":"2026-04-16T09:58:13","modified_gmt":"2026-04-16T12:58:13","slug":"seated-leg-extension-impulse","status":"publish","type":"product","link":"https:\/\/letsgofitness.cl\/index.php\/producto\/seated-leg-extension-impulse\/","title":{"rendered":"SEATED LEG EXTENSION &#8211; IMPULSE **OFERTA PAGO CONTADO $1.490.000** (TRANSFERENCIA)"},"content":{"rendered":"<p>Enfocada en el entrenamiento de cuadr\u00edceps aislados debido al movimiento independiente de cada pierna &#8211; tambi\u00e9n se puede usar con ambas piernas-.<\/p>\n<p><strong>Caracter\u00edsticas:<\/strong><\/p>\n<ol>\n<li>Acolchados anat\u00f3micos y soportes en cada ejecuci\u00f3n.<\/li>\n<li>Rodillo adaptables a diversas lingutes de piernas.<\/li>\n<li>Carga progregsiva mentira discos ol\u00edmpicos.<\/li>\n<li>Estructura de acero ultra resistente y durable.<\/li>\n<li>Pintura resistente a rayones, impactos y corrosi\u00f3n.<\/li>\n<\/ol>\n","protected":false},"excerpt":{"rendered":"<p>Enfocada en el entrenamiento de cuadr\u00edceps aislados debido al movimiento independiente de cada pierna &#8211; tambi\u00e9n se puede usar con ambas piernas-. Caracter\u00edsticas: Acolchados anat\u00f3micos y<span class=\"excerpt-hellip\"> [\u2026]<\/span><\/p>\n","protected":false},"featured_media":12771,"template":"","meta":{"_joinchat":[]},"product_brand":[],"product_cat":[211,135,122,32],"product_tag":[],"class_list":{"0":"post-12770","1":"product","2":"type-product","3":"status-publish","4":"has-post-thumbnail","6":"product_cat-impulse","7":"product_cat-oferta","8":"product_cat-stock","9":"product_cat-profesional","11":"first","12":"instock","13":"sale","14":"shipping-taxable","15":"purchasable","16":"product-type-simple"},"_links":{"self":[{"href":"https:\/\/letsgofitness.cl\/index.php\/wp-json\/wp\/v2\/product\/12770","targetHints":{"allow":["GET"]}}],"collection":[{"href":"https:\/\/letsgofitness.cl\/index.php\/wp-json\/wp\/v2\/product"}],"about":[{"href":"https:\/\/letsgofitness.cl\/index.php\/wp-json\/wp\/v2\/types\/product"}],"wp:featuredmedia":[{"embeddable":true,"href":"https:\/\/letsgofitness.cl\/index.php\/wp-json\/wp\/v2\/media\/12771"}],"wp:attachment":[{"href":"https:\/\/letsgofitness.cl\/index.php\/wp-json\/wp\/v2\/media?parent=12770"}],"wp:term":[{"taxonomy":"product_brand","embeddable":true,"href":"https:\/\/letsgofitness.cl\/index.php\/wp-json\/wp\/v2\/product_brand?post=12770"},{"taxonomy":"product_cat","embeddable":true,"href":"https:\/\/letsgofitness.cl\/index.php\/wp-json\/wp\/v2\/product_cat?post=12770"},{"taxonomy":"product_tag","embeddable":true,"href":"https:\/\/letsgofitness.cl\/index.php\/wp-json\/wp\/v2\/product_tag?post=12770"}],"curies":[{"name":"wp","href":"https:\/\/api.w.org\/{rel}","templated":true}]}}