{"id":12766,"date":"2025-08-06T17:14:53","date_gmt":"2025-08-06T20:14:53","guid":{"rendered":"https:\/\/letsgofitness.cl\/?post_type=product&#038;p=12766"},"modified":"2026-04-10T11:08:46","modified_gmt":"2026-04-10T14:08:46","slug":"prone-leg-curl-impulse","status":"publish","type":"product","link":"https:\/\/letsgofitness.cl\/index.php\/producto\/prone-leg-curl-impulse\/","title":{"rendered":"PRONE LEG CURL &#8211; IMPULSE"},"content":{"rendered":"<p>Enfocado en la activaci\u00f3n \u00f3ptima de los isquiotibiales.<\/p>\n<ul>\n<li><strong data-start=\"1132\" data-end=\"1173\">m\u00e1quina de curl de piernas en posici\u00f3n prono<\/strong><\/li>\n<\/ul>\n<p><strong>Caracter\u00edsticas:<\/strong><\/p>\n<ol>\n<li>\u00a0Dise\u00f1ado para gimnasios comerciales e instalaciones de entrenamiento profesional.<\/li>\n<li>Para usuarios de todos los niveles de condici\u00f3n f\u00edsica.<\/li>\n<li>Soporte de rodillos ajustables para piernas personalizable a diferentes alturas de usuario.<\/li>\n<li>Alta duraci\u00f3n en gimnasios de alto tr\u00e1fico, construida en acero ultra resistente.<\/li>\n<li>Acolchado de espuma de alta densidad para mayor comodidad del usuario durante los entrenamientos.<\/li>\n<\/ol>\n<p>&nbsp;<\/p>\n","protected":false},"excerpt":{"rendered":"<p>Enfocado en la activaci\u00f3n \u00f3ptima de los isquiotibiales. m\u00e1quina de curl de piernas en posici\u00f3n prono Caracter\u00edsticas: \u00a0Dise\u00f1ado para gimnasios comerciales e instalaciones de entrenamiento profesional.<span class=\"excerpt-hellip\"> [\u2026]<\/span><\/p>\n","protected":false},"featured_media":13092,"template":"","meta":{"_joinchat":[]},"product_brand":[],"product_cat":[211,135,122,32,47],"product_tag":[],"class_list":{"0":"post-12766","1":"product","2":"type-product","3":"status-publish","4":"has-post-thumbnail","6":"product_cat-impulse","7":"product_cat-oferta","8":"product_cat-stock","9":"product_cat-profesional","10":"product_cat-peso-libre-profesional","12":"first","13":"outofstock","14":"sale","15":"shipping-taxable","16":"purchasable","17":"product-type-simple"},"_links":{"self":[{"href":"https:\/\/letsgofitness.cl\/index.php\/wp-json\/wp\/v2\/product\/12766","targetHints":{"allow":["GET"]}}],"collection":[{"href":"https:\/\/letsgofitness.cl\/index.php\/wp-json\/wp\/v2\/product"}],"about":[{"href":"https:\/\/letsgofitness.cl\/index.php\/wp-json\/wp\/v2\/types\/product"}],"wp:featuredmedia":[{"embeddable":true,"href":"https:\/\/letsgofitness.cl\/index.php\/wp-json\/wp\/v2\/media\/13092"}],"wp:attachment":[{"href":"https:\/\/letsgofitness.cl\/index.php\/wp-json\/wp\/v2\/media?parent=12766"}],"wp:term":[{"taxonomy":"product_brand","embeddable":true,"href":"https:\/\/letsgofitness.cl\/index.php\/wp-json\/wp\/v2\/product_brand?post=12766"},{"taxonomy":"product_cat","embeddable":true,"href":"https:\/\/letsgofitness.cl\/index.php\/wp-json\/wp\/v2\/product_cat?post=12766"},{"taxonomy":"product_tag","embeddable":true,"href":"https:\/\/letsgofitness.cl\/index.php\/wp-json\/wp\/v2\/product_tag?post=12766"}],"curies":[{"name":"wp","href":"https:\/\/api.w.org\/{rel}","templated":true}]}}