{"id":12728,"date":"2025-07-02T16:31:07","date_gmt":"2025-07-02T19:31:07","guid":{"rendered":"https:\/\/letsgofitness.cl\/?post_type=product&#038;p=12728"},"modified":"2026-04-21T10:22:30","modified_gmt":"2026-04-21T13:22:30","slug":"preventa-leg-extension-strenght-st5-disponible-agosto","status":"publish","type":"product","link":"https:\/\/letsgofitness.cl\/index.php\/producto\/preventa-leg-extension-strenght-st5-disponible-agosto\/","title":{"rendered":"LEG EXTENSION STRENGHT ST5"},"content":{"rendered":"<p>La maquina <strong>Leg Extension strength st5,<\/strong> podr\u00e1s realizar ejercicios efectivos de extensi\u00f3n de piernas, que fortalecen los cu\u00e1driceps.<\/p>\n<p>Es una maquina ideal para entrenamientos de fuerza. Nos brinda un elegante color negro y un tapizado de cuerina de alta calidad, la cual, garantiza comodidad y durabilidad. Su <strong>pintura epoxi electrost\u00e1tica<\/strong> asegura resistencia al desgaste.<\/p>\n<p>Modelo con carga de discos, permitiendo personalizar tu rutina de acuerdo a tus necesidades.<\/p>\n<p>Estructura con terminaciones de excelente calidad, el cual se puede adaptar a cualquier gimnasio o espacio de entrenamiento en casa.<\/p>\n<p>&nbsp;<\/p>\n<p>DIMENSIONES Y PESO:<\/p>\n<p>Medidas: 152 X 130 X 143 cm<\/p>\n<p>&nbsp;<\/p>\n","protected":false},"excerpt":{"rendered":"<p>La maquina Leg Extension strength st5, podr\u00e1s realizar ejercicios efectivos de extensi\u00f3n de piernas, que fortalecen los cu\u00e1driceps. Es una maquina ideal para entrenamientos de fuerza.<span class=\"excerpt-hellip\"> [\u2026]<\/span><\/p>\n","protected":false},"featured_media":12730,"template":"","meta":{"_joinchat":[]},"product_brand":[],"product_cat":[246,135,288,122,247,32,47],"product_tag":[],"class_list":{"0":"post-12728","1":"product","2":"type-product","3":"status-publish","4":"has-post-thumbnail","6":"product_cat-cuadriceps","7":"product_cat-oferta","8":"product_cat-proximamente","9":"product_cat-stock","10":"product_cat-strength","11":"product_cat-profesional","12":"product_cat-peso-libre-profesional","14":"first","15":"instock","16":"sale","17":"shipping-taxable","18":"purchasable","19":"product-type-simple"},"_links":{"self":[{"href":"https:\/\/letsgofitness.cl\/index.php\/wp-json\/wp\/v2\/product\/12728","targetHints":{"allow":["GET"]}}],"collection":[{"href":"https:\/\/letsgofitness.cl\/index.php\/wp-json\/wp\/v2\/product"}],"about":[{"href":"https:\/\/letsgofitness.cl\/index.php\/wp-json\/wp\/v2\/types\/product"}],"wp:featuredmedia":[{"embeddable":true,"href":"https:\/\/letsgofitness.cl\/index.php\/wp-json\/wp\/v2\/media\/12730"}],"wp:attachment":[{"href":"https:\/\/letsgofitness.cl\/index.php\/wp-json\/wp\/v2\/media?parent=12728"}],"wp:term":[{"taxonomy":"product_brand","embeddable":true,"href":"https:\/\/letsgofitness.cl\/index.php\/wp-json\/wp\/v2\/product_brand?post=12728"},{"taxonomy":"product_cat","embeddable":true,"href":"https:\/\/letsgofitness.cl\/index.php\/wp-json\/wp\/v2\/product_cat?post=12728"},{"taxonomy":"product_tag","embeddable":true,"href":"https:\/\/letsgofitness.cl\/index.php\/wp-json\/wp\/v2\/product_tag?post=12728"}],"curies":[{"name":"wp","href":"https:\/\/api.w.org\/{rel}","templated":true}]}}