{"id":12722,"date":"2025-07-02T16:22:35","date_gmt":"2025-07-02T19:22:35","guid":{"rendered":"https:\/\/letsgofitness.cl\/?post_type=product&#038;p=12722"},"modified":"2026-04-10T11:13:11","modified_gmt":"2026-04-10T14:13:11","slug":"shoulder-press-strenght-st5","status":"publish","type":"product","link":"https:\/\/letsgofitness.cl\/index.php\/producto\/shoulder-press-strenght-st5\/","title":{"rendered":"SHOULDER PRESS STRENGHT ST5"},"content":{"rendered":"<p><strong>SHOULDER PRESS STRENGHT ST5,<\/strong> podr\u00e1s realizar ejercicios efectivos que fortalecen los m\u00fasculos de esta \u00e1rea.<\/p>\n<p>Es una maquina ideal para entrenamientos de fuerza. Nos brinda un elegante color negro y un tapizado de cuerina de alta calidad, la cual, garantiza comodidad y durabilidad. Su <strong>pintura epoxi electrost\u00e1tica<\/strong> asegura resistencia al desgaste.<\/p>\n<p>Modelo con carga de discos, permitiendo personalizar tu rutina de acuerdo a tus necesidades.<\/p>\n<p>Estructura con terminaciones de excelente calidad, el cual se puede adaptar a cualquier gimnasio o espacio de entrenamiento en casa.<\/p>\n<p>DIMENSIONES:<\/p>\n<ul>\n<li>Medidas: 187,5 X 132,5 X 128 cm<\/li>\n<\/ul>\n","protected":false},"excerpt":{"rendered":"<p>SHOULDER PRESS STRENGHT ST5, podr\u00e1s realizar ejercicios efectivos que fortalecen los m\u00fasculos de esta \u00e1rea. Es una maquina ideal para entrenamientos de fuerza. Nos brinda un<span class=\"excerpt-hellip\"> [\u2026]<\/span><\/p>\n","protected":false},"featured_media":12723,"template":"","meta":{"_joinchat":[]},"product_brand":[],"product_cat":[135,288,61,122,247,32,47],"product_tag":[],"class_list":{"0":"post-12722","1":"product","2":"type-product","3":"status-publish","4":"has-post-thumbnail","6":"product_cat-oferta","7":"product_cat-proximamente","8":"product_cat-profesional-pesolibre-shoulder-press","9":"product_cat-stock","10":"product_cat-strength","11":"product_cat-profesional","12":"product_cat-peso-libre-profesional","14":"first","15":"instock","16":"sale","17":"shipping-taxable","18":"purchasable","19":"product-type-simple"},"_links":{"self":[{"href":"https:\/\/letsgofitness.cl\/index.php\/wp-json\/wp\/v2\/product\/12722","targetHints":{"allow":["GET"]}}],"collection":[{"href":"https:\/\/letsgofitness.cl\/index.php\/wp-json\/wp\/v2\/product"}],"about":[{"href":"https:\/\/letsgofitness.cl\/index.php\/wp-json\/wp\/v2\/types\/product"}],"wp:featuredmedia":[{"embeddable":true,"href":"https:\/\/letsgofitness.cl\/index.php\/wp-json\/wp\/v2\/media\/12723"}],"wp:attachment":[{"href":"https:\/\/letsgofitness.cl\/index.php\/wp-json\/wp\/v2\/media?parent=12722"}],"wp:term":[{"taxonomy":"product_brand","embeddable":true,"href":"https:\/\/letsgofitness.cl\/index.php\/wp-json\/wp\/v2\/product_brand?post=12722"},{"taxonomy":"product_cat","embeddable":true,"href":"https:\/\/letsgofitness.cl\/index.php\/wp-json\/wp\/v2\/product_cat?post=12722"},{"taxonomy":"product_tag","embeddable":true,"href":"https:\/\/letsgofitness.cl\/index.php\/wp-json\/wp\/v2\/product_tag?post=12722"}],"curies":[{"name":"wp","href":"https:\/\/api.w.org\/{rel}","templated":true}]}}