{"id":12675,"date":"2025-07-10T13:33:46","date_gmt":"2025-07-10T16:33:46","guid":{"rendered":"https:\/\/letsgofitness.cl\/?post_type=product&#038;p=12675"},"modified":"2026-04-10T11:16:43","modified_gmt":"2026-04-10T14:16:43","slug":"par-weightlifting-turtle-pad-fabricacion-nacional","status":"publish","type":"product","link":"https:\/\/letsgofitness.cl\/index.php\/producto\/par-weightlifting-turtle-pad-fabricacion-nacional\/","title":{"rendered":"PAR WEIGHTLIFTING TURTLE PAD &#8211; FABRICACI\u00d3N NACIONAL"},"content":{"rendered":"<p>La almohadilla <strong>Turtle Pad<\/strong> es una herramienta de entrenamiento vers\u00e1til que proporciona soporte en diversas \u00e1reas de tu entrenamiento. Fabricada con aglomerado de alta densidad y revestida de cuero sint\u00e9tico resistente ofrece un excelente soporte y una superficie de apoyo c\u00f3moda. Gracias a su dise\u00f1o elevado y estable, permite una mejor alineaci\u00f3n del cuerpo, mejora el rango de movimiento y protege zonas clave como la espalda, los hombros y la cadera.<\/p>\n<p>Su tama\u00f1o compacto, lo hace ideal para usar en habitaciones con espacio limitado sin sacrificar la funcionalidad.<\/p>\n<p data-start=\"645\" data-end=\"773\"><strong data-start=\"126\" data-end=\"141\">Dimensiones<\/strong><\/p>\n<ul>\n<li data-start=\"645\" data-end=\"773\">Largo: 59.5 cm<\/li>\n<li data-start=\"645\" data-end=\"773\">Ancho: 16 cm sup &#8211; 29cm inf<\/li>\n<li data-start=\"645\" data-end=\"773\">Alto: 20 cm<\/li>\n<\/ul>\n<p data-start=\"645\" data-end=\"773\"><strong data-start=\"126\" data-end=\"141\">Peso<\/strong><\/p>\n<ul>\n<li data-start=\"645\" data-end=\"773\">3 kg<\/li>\n<\/ul>\n<p>2 UNIDADES<\/p>\n","protected":false},"excerpt":{"rendered":"<h5><strong>STOCK DISPONIBLE\u00a0<\/strong><\/h5>\n","protected":false},"featured_media":12676,"template":"","meta":{"_joinchat":[]},"product_brand":[],"product_cat":[106,135,122],"product_tag":[],"class_list":{"0":"post-12675","1":"product","2":"type-product","3":"status-publish","4":"has-post-thumbnail","6":"product_cat-accesorios","7":"product_cat-oferta","8":"product_cat-stock","10":"first","11":"outofstock","12":"shipping-taxable","13":"purchasable","14":"product-type-simple"},"_links":{"self":[{"href":"https:\/\/letsgofitness.cl\/index.php\/wp-json\/wp\/v2\/product\/12675","targetHints":{"allow":["GET"]}}],"collection":[{"href":"https:\/\/letsgofitness.cl\/index.php\/wp-json\/wp\/v2\/product"}],"about":[{"href":"https:\/\/letsgofitness.cl\/index.php\/wp-json\/wp\/v2\/types\/product"}],"wp:featuredmedia":[{"embeddable":true,"href":"https:\/\/letsgofitness.cl\/index.php\/wp-json\/wp\/v2\/media\/12676"}],"wp:attachment":[{"href":"https:\/\/letsgofitness.cl\/index.php\/wp-json\/wp\/v2\/media?parent=12675"}],"wp:term":[{"taxonomy":"product_brand","embeddable":true,"href":"https:\/\/letsgofitness.cl\/index.php\/wp-json\/wp\/v2\/product_brand?post=12675"},{"taxonomy":"product_cat","embeddable":true,"href":"https:\/\/letsgofitness.cl\/index.php\/wp-json\/wp\/v2\/product_cat?post=12675"},{"taxonomy":"product_tag","embeddable":true,"href":"https:\/\/letsgofitness.cl\/index.php\/wp-json\/wp\/v2\/product_tag?post=12675"}],"curies":[{"name":"wp","href":"https:\/\/api.w.org\/{rel}","templated":true}]}}