{"id":12668,"date":"2025-07-10T13:36:31","date_gmt":"2025-07-10T16:36:31","guid":{"rendered":"https:\/\/letsgofitness.cl\/?post_type=product&#038;p=12668"},"modified":"2026-05-05T11:25:29","modified_gmt":"2026-05-05T14:25:29","slug":"set-weightlifting-pad-fabricacion-nacional","status":"publish","type":"product","link":"https:\/\/letsgofitness.cl\/index.php\/producto\/set-weightlifting-pad-fabricacion-nacional\/","title":{"rendered":"PAR WEIGHTLIFTING PAD &#8211; FABRICACI\u00d3N NACIONAL"},"content":{"rendered":"<p data-start=\"126\" data-end=\"141\"><strong data-start=\"126\" data-end=\"141\">Descripci\u00f3n<\/strong><\/p>\n<p data-start=\"143\" data-end=\"291\">El Set de WEIGHTLIFTING PAD est\u00e1 dise\u00f1ado para brindar seguridad en entrenamientos donde el suelo no es adecuado para apoyar o soltar pesas ol\u00edmpicas.<\/p>\n<p data-start=\"293\" data-end=\"444\">Son perfectos para reducir el ruido y evitar da\u00f1os tanto en el equipo como en la superficie durante ejercicios que implican ca\u00eddas de barra con discos.<\/p>\n<p data-start=\"293\" data-end=\"444\">Est\u00e1n fabricados con relleno de aglomerado de alta densidad, lo que ayuda a absorber eficazmente los impactos.<\/p>\n<p data-start=\"645\" data-end=\"773\">Cada set incluye dos unidades listas para acompa\u00f1arte en cada entrenamiento. Potencia tu rutina con confianza y profesionalismo.<\/p>\n<p data-start=\"645\" data-end=\"773\"><strong data-start=\"126\" data-end=\"141\">Dimensiones<\/strong><\/p>\n<ul>\n<li data-start=\"645\" data-end=\"773\">Largo: 80 cm<\/li>\n<li data-start=\"645\" data-end=\"773\">Ancho: 59 cm<\/li>\n<li data-start=\"645\" data-end=\"773\">Grosor: 20 cm<\/li>\n<li data-start=\"645\" data-end=\"773\">Densidad: 80<\/li>\n<\/ul>\n<p data-start=\"645\" data-end=\"773\"><strong data-start=\"126\" data-end=\"141\">Peso<\/strong><\/p>\n<ul>\n<li data-start=\"645\" data-end=\"773\">20.5kg<\/li>\n<\/ul>\n<p data-start=\"645\" data-end=\"773\">\n","protected":false},"excerpt":{"rendered":"<p>Descripci\u00f3n El Set de WEIGHTLIFTING PAD est\u00e1 dise\u00f1ado para brindar seguridad en entrenamientos donde el suelo no es adecuado para apoyar o soltar pesas ol\u00edmpicas. Son<span class=\"excerpt-hellip\"> [\u2026]<\/span><\/p>\n","protected":false},"featured_media":12671,"template":"","meta":{"_joinchat":[]},"product_brand":[],"product_cat":[135,122,47],"product_tag":[],"class_list":{"0":"post-12668","1":"product","2":"type-product","3":"status-publish","4":"has-post-thumbnail","6":"product_cat-oferta","7":"product_cat-stock","8":"product_cat-peso-libre-profesional","10":"first","11":"outofstock","12":"sale","13":"shipping-taxable","14":"purchasable","15":"product-type-simple"},"_links":{"self":[{"href":"https:\/\/letsgofitness.cl\/index.php\/wp-json\/wp\/v2\/product\/12668","targetHints":{"allow":["GET"]}}],"collection":[{"href":"https:\/\/letsgofitness.cl\/index.php\/wp-json\/wp\/v2\/product"}],"about":[{"href":"https:\/\/letsgofitness.cl\/index.php\/wp-json\/wp\/v2\/types\/product"}],"wp:featuredmedia":[{"embeddable":true,"href":"https:\/\/letsgofitness.cl\/index.php\/wp-json\/wp\/v2\/media\/12671"}],"wp:attachment":[{"href":"https:\/\/letsgofitness.cl\/index.php\/wp-json\/wp\/v2\/media?parent=12668"}],"wp:term":[{"taxonomy":"product_brand","embeddable":true,"href":"https:\/\/letsgofitness.cl\/index.php\/wp-json\/wp\/v2\/product_brand?post=12668"},{"taxonomy":"product_cat","embeddable":true,"href":"https:\/\/letsgofitness.cl\/index.php\/wp-json\/wp\/v2\/product_cat?post=12668"},{"taxonomy":"product_tag","embeddable":true,"href":"https:\/\/letsgofitness.cl\/index.php\/wp-json\/wp\/v2\/product_tag?post=12668"}],"curies":[{"name":"wp","href":"https:\/\/api.w.org\/{rel}","templated":true}]}}