{"id":12666,"date":"2025-07-10T13:34:26","date_gmt":"2025-07-10T16:34:26","guid":{"rendered":"https:\/\/letsgofitness.cl\/?post_type=product&#038;p=12666"},"modified":"2025-07-10T13:37:56","modified_gmt":"2025-07-10T16:37:56","slug":"weightlifgting-pad-torre-fabricacion-nacional","status":"publish","type":"product","link":"https:\/\/letsgofitness.cl\/index.php\/producto\/weightlifgting-pad-torre-fabricacion-nacional\/","title":{"rendered":"WEIGHTLIFGTING PAD TORRE &#8211; FABRICACI\u00d3N NACIONAL"},"content":{"rendered":"<ol>\n<li>Marcadores de carril o estaci\u00f3n: Usados para asignar a cada atleta una estaci\u00f3n durante una competencia o WOD grupal. Facilita el orden y la log\u00edstica durante eventos<\/li>\n<li>\u00a0P\u00f3dium para premiaciones<\/li>\n<li>Saltos pliom\u00e9tricos (box jumps)<\/li>\n<li>Apoyo para ejercicios funcionales: Puedes usarlos como punto de referencia para movimientos como burpees laterales, sprints entre estaciones, o shuttle runs.<\/li>\n<\/ol>\n<ul>\n<li>Densidad 80 de aglomerado alta calidad.<\/li>\n<li>Peso: 10 kg<\/li>\n<\/ul>\n","protected":false},"excerpt":{"rendered":"<h5><strong>STOCK DISPONIBLE\u00a0<\/strong><\/h5>\n","protected":false},"featured_media":12674,"template":"","meta":{"_joinchat":[]},"product_brand":[],"product_cat":[135],"product_tag":[],"class_list":{"0":"post-12666","1":"product","2":"type-product","3":"status-publish","4":"has-post-thumbnail","6":"product_cat-oferta","8":"first","9":"instock","10":"sale","11":"shipping-taxable","12":"purchasable","13":"product-type-simple"},"_links":{"self":[{"href":"https:\/\/letsgofitness.cl\/index.php\/wp-json\/wp\/v2\/product\/12666","targetHints":{"allow":["GET"]}}],"collection":[{"href":"https:\/\/letsgofitness.cl\/index.php\/wp-json\/wp\/v2\/product"}],"about":[{"href":"https:\/\/letsgofitness.cl\/index.php\/wp-json\/wp\/v2\/types\/product"}],"wp:featuredmedia":[{"embeddable":true,"href":"https:\/\/letsgofitness.cl\/index.php\/wp-json\/wp\/v2\/media\/12674"}],"wp:attachment":[{"href":"https:\/\/letsgofitness.cl\/index.php\/wp-json\/wp\/v2\/media?parent=12666"}],"wp:term":[{"taxonomy":"product_brand","embeddable":true,"href":"https:\/\/letsgofitness.cl\/index.php\/wp-json\/wp\/v2\/product_brand?post=12666"},{"taxonomy":"product_cat","embeddable":true,"href":"https:\/\/letsgofitness.cl\/index.php\/wp-json\/wp\/v2\/product_cat?post=12666"},{"taxonomy":"product_tag","embeddable":true,"href":"https:\/\/letsgofitness.cl\/index.php\/wp-json\/wp\/v2\/product_tag?post=12666"}],"curies":[{"name":"wp","href":"https:\/\/api.w.org\/{rel}","templated":true}]}}