{"id":12597,"date":"2025-06-10T18:37:22","date_gmt":"2025-06-10T21:37:22","guid":{"rendered":"https:\/\/letsgofitness.cl\/?post_type=product&#038;p=12597"},"modified":"2026-04-10T11:08:54","modified_gmt":"2026-04-10T14:08:54","slug":"preventa-hip-machine-strength","status":"publish","type":"product","link":"https:\/\/letsgofitness.cl\/index.php\/producto\/preventa-hip-machine-strength\/","title":{"rendered":"HIP MACHINE STRENGTH **OFERTA PAGO CONTADO $1.150.000** (Transferencia)"},"content":{"rendered":"<p data-start=\"531\" data-end=\"700\">La <strong data-start=\"352\" data-end=\"389\">Hip Machine Strength<\/strong>\u00a0es una m\u00e1quina especializada de alto rendimiento, dise\u00f1ada para potenciar el ejercicio de empuje de cadera con m\u00e1xima eficacia y seguridad.<\/p>\n<p data-start=\"531\" data-end=\"700\">Construida con una estructura robusta de acero y acabado con pintura electrost\u00e1tica en polvo, esta unidad est\u00e1 hecha para resistir entrenamientos intensos y prolongados.<\/p>\n<p data-start=\"702\" data-end=\"949\">Su sistema de <strong data-start=\"716\" data-end=\"743\">doble rodamiento lineal<\/strong> permite un movimiento fluido de la barra tanto en el eje vertical como en el horizontal, optimizando la ejecuci\u00f3n del ejercicio sin necesidad de m\u00faltiples ajustes, ideal para usuarios de todos los niveles.<\/p>\n<p data-start=\"951\" data-end=\"1157\">El banco de gran tama\u00f1o, con inclinaci\u00f3n estrat\u00e9gica y <strong data-start=\"1006\" data-end=\"1030\">hombreras integradas<\/strong>, proporciona estabilidad adicional, evitando desplazamientos y mejorando tanto la t\u00e9cnica como la capacidad de aplicar fuerza.<\/p>\n<p data-start=\"1159\" data-end=\"1324\">El dise\u00f1o incluye un <strong data-start=\"1180\" data-end=\"1226\">sistema de soporte con 3 puntos de bloqueo<\/strong>, que facilita iniciar y finalizar el ejercicio en una posici\u00f3n ergon\u00f3micamente correcta y c\u00f3moda.<\/p>\n<p data-start=\"1326\" data-end=\"1518\">La plataforma para los pies incorpora un <strong data-start=\"1367\" data-end=\"1380\">\u00e1ngulo 3D<\/strong> que favorece la rotaci\u00f3n externa de la cadera, lo cual mejora la alineaci\u00f3n y aumenta la activaci\u00f3n de los gl\u00fateos durante el movimiento.<\/p>\n<p data-start=\"1520\" data-end=\"1837\">El banco ajustable puede posicionarse a la misma altura que la plataforma de apoyo, lo que permite simular configuraciones tipo puente, reduciendo la participaci\u00f3n de los cu\u00e1driceps y enfocando el est\u00edmulo en los gl\u00fateos. Esta versatilidad abre la puerta a variaciones, progresiones y diferentes rangos de movimiento.<\/p>\n<p data-start=\"1839\" data-end=\"2072\">Adem\u00e1s, incluye <strong data-start=\"1855\" data-end=\"1889\">clavijas para bandas el\u00e1sticas<\/strong>, ideales para trabajar con sobrecarga variable en la fase final del empuje, y <strong data-start=\"1968\" data-end=\"2003\">soportes integrados para discos<\/strong>, que facilitan el orden y la eficiencia en el \u00e1rea de entrenamiento.<\/p>\n<p><strong>DIMENSIONES:<\/strong><\/p>\n<ul>\n<li>Largo: 1960 mm (196 cm)<\/li>\n<li>Ancho: 1700 mm (170 cm)<\/li>\n<li>Alto: 1300 mm (130 cm)<\/li>\n<\/ul>\n<p><strong>PESO:\u00a0<\/strong><\/p>\n<ul>\n<li>249 kg<\/li>\n<\/ul>\n<p><strong>CARGA MAXIMA:<\/strong><\/p>\n<ul>\n<li>200KG<\/li>\n<\/ul>\n<p>&nbsp;<\/p>\n","protected":false},"excerpt":{"rendered":"<p>&nbsp;<\/p>\n<p>&nbsp;<\/p>\n","protected":false},"featured_media":12828,"template":"","meta":{"_joinchat":[]},"product_brand":[],"product_cat":[276,135,122,32],"product_tag":[],"class_list":{"0":"post-12597","1":"product","2":"type-product","3":"status-publish","4":"has-post-thumbnail","6":"product_cat-oferta-pago-contado","7":"product_cat-oferta","8":"product_cat-stock","9":"product_cat-profesional","11":"first","12":"outofstock","13":"sale","14":"shipping-taxable","15":"purchasable","16":"product-type-simple"},"_links":{"self":[{"href":"https:\/\/letsgofitness.cl\/index.php\/wp-json\/wp\/v2\/product\/12597","targetHints":{"allow":["GET"]}}],"collection":[{"href":"https:\/\/letsgofitness.cl\/index.php\/wp-json\/wp\/v2\/product"}],"about":[{"href":"https:\/\/letsgofitness.cl\/index.php\/wp-json\/wp\/v2\/types\/product"}],"wp:featuredmedia":[{"embeddable":true,"href":"https:\/\/letsgofitness.cl\/index.php\/wp-json\/wp\/v2\/media\/12828"}],"wp:attachment":[{"href":"https:\/\/letsgofitness.cl\/index.php\/wp-json\/wp\/v2\/media?parent=12597"}],"wp:term":[{"taxonomy":"product_brand","embeddable":true,"href":"https:\/\/letsgofitness.cl\/index.php\/wp-json\/wp\/v2\/product_brand?post=12597"},{"taxonomy":"product_cat","embeddable":true,"href":"https:\/\/letsgofitness.cl\/index.php\/wp-json\/wp\/v2\/product_cat?post=12597"},{"taxonomy":"product_tag","embeddable":true,"href":"https:\/\/letsgofitness.cl\/index.php\/wp-json\/wp\/v2\/product_tag?post=12597"}],"curies":[{"name":"wp","href":"https:\/\/api.w.org\/{rel}","templated":true}]}}