{"id":12292,"date":"2025-05-13T11:46:57","date_gmt":"2025-05-13T14:46:57","guid":{"rendered":"https:\/\/letsgofitness.cl\/?post_type=product&#038;p=12292"},"modified":"2026-04-10T11:13:11","modified_gmt":"2026-04-10T14:13:11","slug":"super-squat-strength-xs-pro","status":"publish","type":"product","link":"https:\/\/letsgofitness.cl\/index.php\/producto\/super-squat-strength-xs-pro\/","title":{"rendered":"SUPER SQUAT STRENGTH XS PRO"},"content":{"rendered":"<p style=\"text-align: left\"><strong>SUPER SQUAT STRENGTH XS PRO,<\/strong> dise\u00f1ada para trabajar los m\u00fasculos de piernas y gl\u00fateos, como los cu\u00e1driceps isquiotibiales con un entrenamiento eficiente y focalizado, adem\u00e1s te asegura una forma \u00f3ptima ya que se ajustan los pesos seg\u00fan a tus necesidades su almohadilla para la espalda y hombro te brinda un excelente soporte. Durante el ejercicio, adem\u00e1s su movimiento inclinado te ayuda a reducir la presi\u00f3n en la columna, asegurando un entrenamiento c\u00f3modo y seguro,\u00a0 a diferencia de los ejercicios con pesas libres, <strong>SUPER SQUAT STRENGTH XS PRO<\/strong> minimiza la participaci\u00f3n de los m\u00fasculos estabilizadores del torso mejorando el impacto y la efectividad del ejercicio.<\/p>\n<h6><strong><span style=\"font-size: 25px\">Caracter\u00edsticas T\u00e9cnicas:<\/span><\/strong><\/h6>\n<div class=\"product__title\">\n<ul>\n<li>Plataforma de alta resistencia<\/li>\n<li>Tapices de espuma de poliuretano con alta elasticidad, recubiertos con cuero de microfibra para una gran comodidad<\/li>\n<li>Porta discos laterales cromados<\/li>\n<li>Barra de carga de discos cromada y de gran amplitud<\/li>\n<li>Manillas engomadas con terminaciones cromadas<\/li>\n<li><span class=\"key\">Dimensiones:\u00a0<\/span><span class=\"value\">Largo: 199 cm. Ancho: 164 cm. Alto: 145 cm.<\/span><\/li>\n<li><span class=\"key\">Peso:\u00a0<\/span><span class=\"value\">196 kg.<\/span><\/li>\n<li>Carga m\u00e1xima de peso: 300 kg<\/li>\n<\/ul>\n<\/div>\n","protected":false},"excerpt":{"rendered":"<h5><strong>STOCK DISPONIBLE<\/strong><\/h5>\n","protected":false},"featured_media":12295,"template":"","meta":{"_joinchat":[]},"product_brand":[],"product_cat":[135,122,247,32,47],"product_tag":[],"class_list":{"0":"post-12292","1":"product","2":"type-product","3":"status-publish","4":"has-post-thumbnail","6":"product_cat-oferta","7":"product_cat-stock","8":"product_cat-strength","9":"product_cat-profesional","10":"product_cat-peso-libre-profesional","12":"first","13":"outofstock","14":"sale","15":"shipping-taxable","16":"purchasable","17":"product-type-simple"},"_links":{"self":[{"href":"https:\/\/letsgofitness.cl\/index.php\/wp-json\/wp\/v2\/product\/12292","targetHints":{"allow":["GET"]}}],"collection":[{"href":"https:\/\/letsgofitness.cl\/index.php\/wp-json\/wp\/v2\/product"}],"about":[{"href":"https:\/\/letsgofitness.cl\/index.php\/wp-json\/wp\/v2\/types\/product"}],"wp:featuredmedia":[{"embeddable":true,"href":"https:\/\/letsgofitness.cl\/index.php\/wp-json\/wp\/v2\/media\/12295"}],"wp:attachment":[{"href":"https:\/\/letsgofitness.cl\/index.php\/wp-json\/wp\/v2\/media?parent=12292"}],"wp:term":[{"taxonomy":"product_brand","embeddable":true,"href":"https:\/\/letsgofitness.cl\/index.php\/wp-json\/wp\/v2\/product_brand?post=12292"},{"taxonomy":"product_cat","embeddable":true,"href":"https:\/\/letsgofitness.cl\/index.php\/wp-json\/wp\/v2\/product_cat?post=12292"},{"taxonomy":"product_tag","embeddable":true,"href":"https:\/\/letsgofitness.cl\/index.php\/wp-json\/wp\/v2\/product_tag?post=12292"}],"curies":[{"name":"wp","href":"https:\/\/api.w.org\/{rel}","templated":true}]}}