{"id":12255,"date":"2025-05-05T16:05:47","date_gmt":"2025-05-05T19:05:47","guid":{"rendered":"https:\/\/letsgofitness.cl\/?post_type=product&#038;p=12255"},"modified":"2026-04-10T11:16:43","modified_gmt":"2026-04-10T14:16:43","slug":"lampara-de-trabajo-multifuncional-estudio-de-tatuaje","status":"publish","type":"product","link":"https:\/\/letsgofitness.cl\/index.php\/producto\/lampara-de-trabajo-multifuncional-estudio-de-tatuaje\/","title":{"rendered":"L\u00c1MPARA DE TRABAJO MULTIFUNCIONAL (ESTUDIO DE TATUAJE) **OFERTA PAGO COTADO $160.000** (Transferencia)"},"content":{"rendered":"<h6><strong>\u00a0 \u00a0 \u00a0 \u00a0 Caracter\u00edsticas t\u00e9cnicas:<\/strong><\/h6>\n<ul>\n<li>L\u00e1mpara de trabajo multifuncional, podr\u00e1s tener una mejor iluminaci\u00f3n.<\/li>\n<li>Tambi\u00e9n incluye un pr\u00e1ctico soporte para ipad y as\u00ed permiti\u00e9ndole tener a mano tus dise\u00f1os y referencias digitales mientras trabaja.<\/li>\n<li>La l\u00e1mpara est\u00e1 dise\u00f1ada especialmente para profesionales de tatuajes que necesiten una luz m\u00e1s clara y constante.<\/li>\n<li>tambi\u00e9n obtendr\u00e1s una iluminaci\u00f3n potente pero suave adem\u00e1s te brindar\u00e1 un mayor espacio y libertad de movimiento en tu estudio .<\/li>\n<\/ul>\n","protected":false},"excerpt":{"rendered":"<p>\u00a0 \u00a0 \u00a0 \u00a0 Caracter\u00edsticas t\u00e9cnicas: L\u00e1mpara de trabajo multifuncional, podr\u00e1s tener una mejor iluminaci\u00f3n. Tambi\u00e9n incluye un pr\u00e1ctico soporte para ipad y as\u00ed permiti\u00e9ndole tener<span class=\"excerpt-hellip\"> [\u2026]<\/span><\/p>\n","protected":false},"featured_media":12258,"template":"","meta":{"_joinchat":[]},"product_brand":[],"product_cat":[106,135,122,32],"product_tag":[],"class_list":{"0":"post-12255","1":"product","2":"type-product","3":"status-publish","4":"has-post-thumbnail","6":"product_cat-accesorios","7":"product_cat-oferta","8":"product_cat-stock","9":"product_cat-profesional","11":"first","12":"instock","13":"sale","14":"shipping-taxable","15":"purchasable","16":"product-type-simple"},"_links":{"self":[{"href":"https:\/\/letsgofitness.cl\/index.php\/wp-json\/wp\/v2\/product\/12255","targetHints":{"allow":["GET"]}}],"collection":[{"href":"https:\/\/letsgofitness.cl\/index.php\/wp-json\/wp\/v2\/product"}],"about":[{"href":"https:\/\/letsgofitness.cl\/index.php\/wp-json\/wp\/v2\/types\/product"}],"wp:featuredmedia":[{"embeddable":true,"href":"https:\/\/letsgofitness.cl\/index.php\/wp-json\/wp\/v2\/media\/12258"}],"wp:attachment":[{"href":"https:\/\/letsgofitness.cl\/index.php\/wp-json\/wp\/v2\/media?parent=12255"}],"wp:term":[{"taxonomy":"product_brand","embeddable":true,"href":"https:\/\/letsgofitness.cl\/index.php\/wp-json\/wp\/v2\/product_brand?post=12255"},{"taxonomy":"product_cat","embeddable":true,"href":"https:\/\/letsgofitness.cl\/index.php\/wp-json\/wp\/v2\/product_cat?post=12255"},{"taxonomy":"product_tag","embeddable":true,"href":"https:\/\/letsgofitness.cl\/index.php\/wp-json\/wp\/v2\/product_tag?post=12255"}],"curies":[{"name":"wp","href":"https:\/\/api.w.org\/{rel}","templated":true}]}}