{"id":11984,"date":"2025-03-27T10:09:18","date_gmt":"2025-03-27T13:09:18","guid":{"rendered":"https:\/\/letsgofitness.cl\/?post_type=product&#038;p=11984"},"modified":"2026-04-10T11:13:11","modified_gmt":"2026-04-10T14:13:11","slug":"bicicleta-profesional-horizontal-st3","status":"publish","type":"product","link":"https:\/\/letsgofitness.cl\/index.php\/producto\/bicicleta-profesional-horizontal-st3\/","title":{"rendered":"BICICLETA PROFESIONAL HORIZONTAL ST3**OFERTA PAGO CONTADO $950.000**(transferencia)"},"content":{"rendered":"<h3 class=\"\" data-start=\"581\" data-end=\"612\">Caracter\u00edsticas destacadas:<\/h3>\n<ul data-start=\"613\" data-end=\"1682\">\n<li class=\"\" data-start=\"613\" data-end=\"767\">\n<p class=\"\" data-start=\"615\" data-end=\"767\"><strong data-start=\"615\" data-end=\"636\">Dise\u00f1o Ergon\u00f3mico<\/strong>: Su estructura horizontal permite una postura m\u00e1s relajada, reduciendo la tensi\u00f3n en la espalda y cuello durante el entrenamiento.<\/p>\n<\/li>\n<li class=\"\" data-start=\"768\" data-end=\"957\">\n<p class=\"\" data-start=\"770\" data-end=\"957\"><strong data-start=\"770\" data-end=\"793\">Comodidad sin igual<\/strong>: El asiento est\u00e1 acolchonado y es ajustable, adapt\u00e1ndose a tu cuerpo para una experiencia de pedaleo c\u00f3moda y sin molestias, incluso durante entrenamientos largos.<\/p>\n<\/li>\n<li class=\"\" data-start=\"958\" data-end=\"1146\">\n<p class=\"\" data-start=\"960\" data-end=\"1146\"><strong data-start=\"960\" data-end=\"985\">Resistencia ajustable<\/strong>: La bicicleta cuenta con un sistema de resistencia f\u00e1cil de ajustar, lo que te permite incrementar la intensidad de tu entrenamiento seg\u00fan tu nivel y objetivos.<\/p>\n<\/li>\n<li class=\"\" data-start=\"1309\" data-end=\"1486\">\n<p class=\"\" data-start=\"1311\" data-end=\"1486\"><strong data-start=\"1311\" data-end=\"1340\">Ideal para rehabilitaci\u00f3n<\/strong>: Su dise\u00f1o horizontal la hace ideal para personas en procesos de rehabilitaci\u00f3n o aquellos que buscan un ejercicio suave para las articulaciones.<\/p>\n<\/li>\n<li class=\"\" data-start=\"1487\" data-end=\"1682\">\n<p class=\"\" data-start=\"1489\" data-end=\"1682\"><strong data-start=\"1489\" data-end=\"1514\">Silenciosa y compacta<\/strong>: Disfruta de un entrenamiento silencioso gracias a su sistema de resistencia magn\u00e9tica, ideal para usarse en cualquier momento sin interrumpir tus actividades diarias.<\/p>\n<\/li>\n<\/ul>\n<p><strong>OFERTA PAGO CONTADO: $950.000<\/strong><\/p>\n<p><strong>\u00a0 \u00a0 \u00a0 \u00a0 \u00a0 Datos de Transferencia:<\/strong><\/p>\n<ul>\n<li>Cuenta corriente Banco de Chile N\u00b0\u00a0<strong>2780129801<\/strong><\/li>\n<li>Nombre:<strong>\u00a0Lets Go Fitness SpA\u00a0<\/strong>\u00a0Rut:<strong>\u00a076.631.524-0<\/strong><\/li>\n<li>Email:\u00a0<strong>ventas@letsgofitness.cl<\/strong><\/li>\n<\/ul>\n<blockquote><p><strong>Incluir mensaje SKU + OFERTA + Fono Contacto<\/strong><\/p><\/blockquote>\n","protected":false},"excerpt":{"rendered":"<p class=\"\" data-start=\"203\" data-end=\"579\">Transforma tu rutina de ejercicios con nuestra <strong data-start=\"250\" data-end=\"283\">Bicicleta Est\u00e1tica Horizontal ST3<\/strong>, dise\u00f1ada para ofrecer una experiencia de entrenamiento suave, c\u00f3moda y de bajo impacto. Ideal para personas de todas las edades y niveles de condici\u00f3n f\u00edsica, esta bicicleta es perfecta para mejorar la resistencia cardiovascular y tonificar las piernas, sin poner presi\u00f3n en las articulaciones.<\/p>\n","protected":false},"featured_media":11985,"template":"","meta":{"_joinchat":[]},"product_brand":[],"product_cat":[122,32],"product_tag":[],"class_list":{"0":"post-11984","1":"product","2":"type-product","3":"status-publish","4":"has-post-thumbnail","6":"product_cat-stock","7":"product_cat-profesional","9":"first","10":"instock","11":"sale","12":"shipping-taxable","13":"purchasable","14":"product-type-simple"},"_links":{"self":[{"href":"https:\/\/letsgofitness.cl\/index.php\/wp-json\/wp\/v2\/product\/11984","targetHints":{"allow":["GET"]}}],"collection":[{"href":"https:\/\/letsgofitness.cl\/index.php\/wp-json\/wp\/v2\/product"}],"about":[{"href":"https:\/\/letsgofitness.cl\/index.php\/wp-json\/wp\/v2\/types\/product"}],"wp:featuredmedia":[{"embeddable":true,"href":"https:\/\/letsgofitness.cl\/index.php\/wp-json\/wp\/v2\/media\/11985"}],"wp:attachment":[{"href":"https:\/\/letsgofitness.cl\/index.php\/wp-json\/wp\/v2\/media?parent=11984"}],"wp:term":[{"taxonomy":"product_brand","embeddable":true,"href":"https:\/\/letsgofitness.cl\/index.php\/wp-json\/wp\/v2\/product_brand?post=11984"},{"taxonomy":"product_cat","embeddable":true,"href":"https:\/\/letsgofitness.cl\/index.php\/wp-json\/wp\/v2\/product_cat?post=11984"},{"taxonomy":"product_tag","embeddable":true,"href":"https:\/\/letsgofitness.cl\/index.php\/wp-json\/wp\/v2\/product_tag?post=11984"}],"curies":[{"name":"wp","href":"https:\/\/api.w.org\/{rel}","templated":true}]}}