{"id":11935,"date":"2025-03-17T16:29:52","date_gmt":"2025-03-17T19:29:52","guid":{"rendered":"https:\/\/letsgofitness.cl\/?post_type=product&#038;p=11935"},"modified":"2026-04-10T11:13:11","modified_gmt":"2026-04-10T14:13:11","slug":"multi-estacion-12-stack-boss-strength","status":"publish","type":"product","link":"https:\/\/letsgofitness.cl\/index.php\/producto\/multi-estacion-12-stack-boss-strength\/","title":{"rendered":"MULTI ESTACION 12 STACK BOSS STRENGTH"},"content":{"rendered":"<p><strong>BOSS STRENGTH<\/strong> MULTIJUNGLE\u00a0 12 Estaciones, cuenta con un dise\u00f1o elegante y est\u00e9tico, respaldado por un exhaustivo estudio de calidad que garantiza un uso totalmente profesional. Est\u00e1 dise\u00f1ada para ofrecer una amplia variedad de ejercicios para alcanzar el m\u00e1ximo rendimiento de trabajo en todas las zonas musculares del cuerpo, cada estaci\u00f3n es\u00a0 indispensable para\u00a0 tu gimnasio. Este modelo de estaci\u00f3n compuesto por 12 puntos de polea con 12 torres de stack independientes (<strong>125kg cada estaci\u00f3n<\/strong>) brinda al usuario innumerables posibilidades mediante la combinaci\u00f3n del uso de diversos agarres, permitiendo ejercitar y fortalecer tanto el tren superior como el inferior. Esto es posible gracias a sus mecanismos de poleas de transmisi\u00f3n por cable conectadas a una torreta de placas de peso cada una.<\/p>\n<p><strong>Caracter\u00edsticas T\u00e9cnicas:<\/strong><br \/>\n<strong>Estructura<\/strong><\/p>\n<ul>\n<li>Construida en tubo oval de acero de 3 mm.<\/li>\n<li>Partes desmontables<\/li>\n<li>Acero macizo con el que se evitan problemas de desgaste.<\/li>\n<\/ul>\n<p><strong>\u00a0Barras gu\u00edas y placas<\/strong><\/p>\n<ul>\n<li>Las barras gu\u00edas son de acero rectificado y normalizado (cromoduro). Las placas son de acero calibrado, pintadas en negro, estas tienen anillos de tefl\u00f3n de una calidad superior, lo cual produce un deslizamiento correcto y evitando ruidos por fricci\u00f3n.<\/li>\n<\/ul>\n<p><strong>Pintura<\/strong><\/p>\n<ul>\n<li>El proceso de pintado de las m\u00e1quinas se realiza en t\u00fanel de tratamiento de cuatro capas, que ofrece una absoluta garant\u00eda contra la corrosi\u00f3n. En la primera capa se procede al desengrasado y fosfatado en caliente. La segunda se trata de un prefosfatado a temperatura ambiente. En la tercera se procede a fosfatar en caliente. Y por \u00faltimo, se cubre la estructura con pintura epoxi en polvo.<\/li>\n<\/ul>\n<p><strong>Transmisi\u00f3n<\/strong><\/p>\n<ul>\n<li>Por cable.<\/li>\n<\/ul>\n<p><strong>Piezas m\u00f3viles<\/strong><\/p>\n<ul>\n<li>Las m\u00e1quinas est\u00e1n montadas sobre rodamiento (circulares o lineales) o ruedas de bronce y rodamientos.<\/li>\n<\/ul>\n<p><strong>Tapizado<\/strong><\/p>\n<ul>\n<li>Realizado en goma espuma de 3 cm. de espesor con 150 kg. de presi\u00f3n, y polipiel ign\u00edfuga.<\/li>\n<\/ul>\n<p><strong>Dimensiones y peso<\/strong><\/p>\n<ul>\n<li>Largo: 1100 cm.<\/li>\n<li>Alto: 230 cm.<\/li>\n<\/ul>\n<p><strong>Peso placas: 1500 kg. distribuidos en 12 columnas (125kg cada estaci\u00f3n)<\/strong><\/p>\n","protected":false},"excerpt":{"rendered":"<p>Lets Go Fitness, asegura a nuestros clientes la m\u00e1xima calidad del Proveedor \u201d VISITA NUESTRO SHOWROOM\u00a0 Y COMPROBARAS\u201d<\/p>\n","protected":false},"featured_media":12170,"template":"","meta":{"_joinchat":[]},"product_brand":[],"product_cat":[66,276,135,122,32,48],"product_tag":[],"class_list":{"0":"post-11935","1":"product","2":"type-product","3":"status-publish","4":"has-post-thumbnail","6":"product_cat-profesional-pesointegrado-cable-crossover","7":"product_cat-oferta-pago-contado","8":"product_cat-oferta","9":"product_cat-stock","10":"product_cat-profesional","11":"product_cat-peso-integrado-profesional","13":"first","14":"outofstock","15":"sale","16":"shipping-taxable","17":"purchasable","18":"product-type-simple"},"_links":{"self":[{"href":"https:\/\/letsgofitness.cl\/index.php\/wp-json\/wp\/v2\/product\/11935","targetHints":{"allow":["GET"]}}],"collection":[{"href":"https:\/\/letsgofitness.cl\/index.php\/wp-json\/wp\/v2\/product"}],"about":[{"href":"https:\/\/letsgofitness.cl\/index.php\/wp-json\/wp\/v2\/types\/product"}],"wp:featuredmedia":[{"embeddable":true,"href":"https:\/\/letsgofitness.cl\/index.php\/wp-json\/wp\/v2\/media\/12170"}],"wp:attachment":[{"href":"https:\/\/letsgofitness.cl\/index.php\/wp-json\/wp\/v2\/media?parent=11935"}],"wp:term":[{"taxonomy":"product_brand","embeddable":true,"href":"https:\/\/letsgofitness.cl\/index.php\/wp-json\/wp\/v2\/product_brand?post=11935"},{"taxonomy":"product_cat","embeddable":true,"href":"https:\/\/letsgofitness.cl\/index.php\/wp-json\/wp\/v2\/product_cat?post=11935"},{"taxonomy":"product_tag","embeddable":true,"href":"https:\/\/letsgofitness.cl\/index.php\/wp-json\/wp\/v2\/product_tag?post=11935"}],"curies":[{"name":"wp","href":"https:\/\/api.w.org\/{rel}","templated":true}]}}