{"id":11914,"date":"2025-03-12T12:16:49","date_gmt":"2025-03-12T15:16:49","guid":{"rendered":"https:\/\/letsgofitness.cl\/?post_type=product&#038;p=11914"},"modified":"2026-05-05T11:22:03","modified_gmt":"2026-05-05T14:22:03","slug":"stair-climber-bs-x1","status":"publish","type":"product","link":"https:\/\/letsgofitness.cl\/index.php\/producto\/stair-climber-bs-x1\/","title":{"rendered":"STAIR CLIMBER BS X1"},"content":{"rendered":"<p><strong>CARACTERISTICAS T\u00c9CNICAS:<\/strong><\/p>\n<ul>\n<li>Sistema de suspensi\u00f3n tras permanecer inactiva durante 5 minutos, ideal para ahorrar energ\u00eda.<\/li>\n<li>Estructura Acero, pl\u00e1stico<\/li>\n<li>Pedales: Aleaci\u00f3n met\u00e1lica y material sint\u00e9tico<\/li>\n<li>Tomadas: Recubrimiento de caucho termopl\u00e1stico (TPR)<\/li>\n<li>Mecanismo de tracci\u00f3n: Sistema de engranaje interno, Resistencia electromagn\u00e9tica<\/li>\n<li>Ajustes: 40 niveles de resistencia customizables, Ajuste por Resistencia electromagn\u00e9tica, Control en display y en tomadas ergon\u00f3micas.<\/li>\n<li>Recursos multimedia: 8 pantallas LED para lectura separada de \u00edndices en display, Entrada USB para conexi\u00f3n y carga de dispositivos electr\u00f3nicos.<\/li>\n<li>Medici\u00f3n: Nivel de resistencia, Potencia, Tiempo de ejercicio, Distancia recorrida, Cron\u00f3metro, Calor\u00edas consumidas, Ritmo Cardiaco con medidor Polar T34 5.3K<\/li>\n<li>Sistemas integrados: Sistema autom\u00e1tico de identificaci\u00f3n de fallas, Sistema de suspensi\u00f3n autom\u00e1tica ante inactividad (tras 5 minutos)<\/li>\n<li>Peso: 200 kg<\/li>\n<li>Dimensiones: Largo 135.7cm X Ancho 90.5 cm X Alto 223 cm<\/li>\n<li>Peso m\u00e1x. usuario: 150 kg<\/li>\n<\/ul>\n","protected":false},"excerpt":{"rendered":"<h5><span class=\"OYPEnA font-feature-liga-off font-feature-clig-off font-feature-calt-off text-decoration-none text-strikethrough-none\">STOCK DISPONIBLE<\/span><\/h5>\n<p><strong>STAIR CLIMBER BS X1,<\/strong> implemento de alta tecnolog\u00eda para realizar ejercicio de cardio en la comodidad de su espacio de entrenamiento.\u00a0 Dise\u00f1ada con tomadas ergon\u00f3micas engomadas para ayudar al usuario a mantener el ritmo del ejercicio, cada pelda\u00f1o est\u00e1 dise\u00f1ado para mantener la seguridad en la caminata durante el tiempo necesario..<\/p>\n<p>&nbsp;<\/p>\n","protected":false},"featured_media":12173,"template":"","meta":{"_joinchat":[]},"product_brand":[],"product_cat":[135,122,32,46],"product_tag":[],"class_list":{"0":"post-11914","1":"product","2":"type-product","3":"status-publish","4":"has-post-thumbnail","6":"product_cat-oferta","7":"product_cat-stock","8":"product_cat-profesional","9":"product_cat-cardio-profesional","11":"first","12":"instock","13":"sale","14":"shipping-taxable","15":"purchasable","16":"product-type-simple"},"_links":{"self":[{"href":"https:\/\/letsgofitness.cl\/index.php\/wp-json\/wp\/v2\/product\/11914","targetHints":{"allow":["GET"]}}],"collection":[{"href":"https:\/\/letsgofitness.cl\/index.php\/wp-json\/wp\/v2\/product"}],"about":[{"href":"https:\/\/letsgofitness.cl\/index.php\/wp-json\/wp\/v2\/types\/product"}],"wp:featuredmedia":[{"embeddable":true,"href":"https:\/\/letsgofitness.cl\/index.php\/wp-json\/wp\/v2\/media\/12173"}],"wp:attachment":[{"href":"https:\/\/letsgofitness.cl\/index.php\/wp-json\/wp\/v2\/media?parent=11914"}],"wp:term":[{"taxonomy":"product_brand","embeddable":true,"href":"https:\/\/letsgofitness.cl\/index.php\/wp-json\/wp\/v2\/product_brand?post=11914"},{"taxonomy":"product_cat","embeddable":true,"href":"https:\/\/letsgofitness.cl\/index.php\/wp-json\/wp\/v2\/product_cat?post=11914"},{"taxonomy":"product_tag","embeddable":true,"href":"https:\/\/letsgofitness.cl\/index.php\/wp-json\/wp\/v2\/product_tag?post=11914"}],"curies":[{"name":"wp","href":"https:\/\/api.w.org\/{rel}","templated":true}]}}