{"id":11857,"date":"2025-02-26T17:26:41","date_gmt":"2025-02-26T20:26:41","guid":{"rendered":"https:\/\/letsgofitness.cl\/?post_type=product&#038;p=11857"},"modified":"2026-05-05T11:22:03","modified_gmt":"2026-05-05T14:22:03","slug":"glute-box-hip-thrust-cajon-multifuncional-densidad-120","status":"publish","type":"product","link":"https:\/\/letsgofitness.cl\/index.php\/producto\/glute-box-hip-thrust-cajon-multifuncional-densidad-120\/","title":{"rendered":"GLUTE BOX &#8211; HIP THRUST CAJON MULTIFUNCIONAL &#8211; DENSIDAD 100"},"content":{"rendered":"<p>Box especialmente dise\u00f1ado para entrenamiento de tren inferior, es posible realizar diversos ejercicios como: Hiperextensi\u00f3n de gl\u00fateo, step up salto sentadilla, sentadilla, hip thrust, hiperextensi\u00f3n con bandas el\u00e1sticas, entre otros.<\/p>\n<p>Su forma angular permite mayor estabilidad en los ejercicios donde se apoye el torso, adem\u00e1s proporciona una tensi\u00f3n constante en los gl\u00fateos.<\/p>\n<ul>\n<li>Confecci\u00f3n nacional.<\/li>\n<li>Espuma de alta densidad.<\/li>\n<li>Recubierto con tela resistente al roce y golpes.<\/li>\n<li>Carga m\u00e1xima recomendada <strong>220 kg<\/strong><\/li>\n<li>DIMENSIONES: 60 X 54 X 39 CM<\/li>\n<li>PESO: 20 KG<\/li>\n<\/ul>\n","protected":false},"excerpt":{"rendered":"<p>Box especialmente dise\u00f1ado para entrenamiento de tren inferior, es posible realizar diversos ejercicios como: Hiperextensi\u00f3n de gl\u00fateo, step up salto sentadilla, sentadilla, hip thrust, hiperextensi\u00f3n con<span class=\"excerpt-hellip\"> [\u2026]<\/span><\/p>\n","protected":false},"featured_media":11570,"template":"","meta":{"_joinchat":[]},"product_brand":[],"product_cat":[106,135,122],"product_tag":[],"class_list":{"0":"post-11857","1":"product","2":"type-product","3":"status-publish","4":"has-post-thumbnail","6":"product_cat-accesorios","7":"product_cat-oferta","8":"product_cat-stock","10":"first","11":"outofstock","12":"sale","13":"shipping-taxable","14":"purchasable","15":"product-type-simple"},"_links":{"self":[{"href":"https:\/\/letsgofitness.cl\/index.php\/wp-json\/wp\/v2\/product\/11857","targetHints":{"allow":["GET"]}}],"collection":[{"href":"https:\/\/letsgofitness.cl\/index.php\/wp-json\/wp\/v2\/product"}],"about":[{"href":"https:\/\/letsgofitness.cl\/index.php\/wp-json\/wp\/v2\/types\/product"}],"wp:featuredmedia":[{"embeddable":true,"href":"https:\/\/letsgofitness.cl\/index.php\/wp-json\/wp\/v2\/media\/11570"}],"wp:attachment":[{"href":"https:\/\/letsgofitness.cl\/index.php\/wp-json\/wp\/v2\/media?parent=11857"}],"wp:term":[{"taxonomy":"product_brand","embeddable":true,"href":"https:\/\/letsgofitness.cl\/index.php\/wp-json\/wp\/v2\/product_brand?post=11857"},{"taxonomy":"product_cat","embeddable":true,"href":"https:\/\/letsgofitness.cl\/index.php\/wp-json\/wp\/v2\/product_cat?post=11857"},{"taxonomy":"product_tag","embeddable":true,"href":"https:\/\/letsgofitness.cl\/index.php\/wp-json\/wp\/v2\/product_tag?post=11857"}],"curies":[{"name":"wp","href":"https:\/\/api.w.org\/{rel}","templated":true}]}}