{"id":11696,"date":"2025-02-07T11:41:28","date_gmt":"2025-02-07T14:41:28","guid":{"rendered":"https:\/\/letsgofitness.cl\/?post_type=product&#038;p=11696"},"modified":"2026-04-10T11:13:11","modified_gmt":"2026-04-10T14:13:11","slug":"roll-beach-m2","status":"publish","type":"product","link":"https:\/\/letsgofitness.cl\/index.php\/producto\/roll-beach-m2\/","title":{"rendered":"CARRO CAMPING MULTIFUNCIONAL M2"},"content":{"rendered":"<p><strong>Carro Camping Multifuncional M2,<\/strong> est\u00e1 Fabricado en Oxford 600D grueso de dos capas + PVC extra\u00edble, resistente al agua, f\u00e1cil de quitar y limpiar. Se puede cargar con todo lo que necesites para actividades al aire libre.<\/p>\n<p>El asa de tracci\u00f3n es ajustable, adecuados para personas de diferentes alturas. Permiten un mejor control de la direcci\u00f3n, lo que lo hace m\u00e1s c\u00f3modo y conveniente para su uso.<\/p>\n<p><strong> Caracter\u00edsticas funcionales:<\/strong><\/p>\n<p>Ruedas grandes giratorias de 360\u00b0, se pueden utilizar en arena de playa, rampas, piedras, c\u00e9sped, escalones, etc. Asas ajustables de empuje y tracci\u00f3n. Un par de frenos de pie en las ruedas traseras. El mango de tracci\u00f3n con bloqueo fijo se puede extender hasta 40.74 pulgadas.<\/p>\n<p>Material de alta calidad: el marco resistente permite cargas de hasta 80 kg. Freno de pie para mayor seguridad cuando este detenido, lo pliegas f\u00e1cilmente en segundos. Este carrito es apto para todas las actividades al aire libre y, por lo tanto, es el compa\u00f1ero de viaje perfecto para toda la familia.<\/p>\n<p>&nbsp;<\/p>\n<ul>\n<li><b>Peso neto: <\/b>13 KG<\/li>\n<li><b>Capacidad de carga m\u00e1xima : 80 <\/b>kg<\/li>\n<li><b>Anchura ruedas \u2013 en cm:<\/b> 7\u00d74 PULGADAS<\/li>\n<li><b>Freno de estacionamiento:<\/b> S\u00ed<\/li>\n<li><b>Longitud de la barra de tracci\u00f3n \u2013 en cm:<\/b> 83<\/li>\n<li><b>Accesorios adicionales:<\/b>\u00a0 Bolsa de transporte acolchada, Juego de 2 ganchos universales, Portavasos O Botellas<\/li>\n<li><b>Barra de tracci\u00f3n telesc\u00f3pica<\/b>: S\u00ed<\/li>\n<li><b>Se mantiene en pie incluso plegado<\/b>: S\u00ed<\/li>\n<li><b>Modelo<\/b>: M2<\/li>\n<\/ul>\n<p><b>Dimensiones:<\/b><\/p>\n<ul>\n<li><b>Largo: 91 cm<\/b><\/li>\n<li><b>Ancho: 58 cm<\/b><\/li>\n<li><b>Alto: 99 cm<\/b><\/li>\n<\/ul>\n","protected":false},"excerpt":{"rendered":"<p>Carro Camping Multifuncional M2, est\u00e1 Fabricado en Oxford 600D grueso de dos capas + PVC extra\u00edble, resistente al agua, f\u00e1cil de quitar y limpiar. Se puede<span class=\"excerpt-hellip\"> [\u2026]<\/span><\/p>\n","protected":false},"featured_media":11709,"template":"","meta":{"_joinchat":[]},"product_brand":[],"product_cat":[277,135,122],"product_tag":[],"class_list":{"0":"post-11696","1":"product","2":"type-product","3":"status-publish","4":"has-post-thumbnail","6":"product_cat-importaciones-lgf","7":"product_cat-oferta","8":"product_cat-stock","10":"first","11":"instock","12":"sale","13":"shipping-taxable","14":"purchasable","15":"product-type-simple"},"_links":{"self":[{"href":"https:\/\/letsgofitness.cl\/index.php\/wp-json\/wp\/v2\/product\/11696","targetHints":{"allow":["GET"]}}],"collection":[{"href":"https:\/\/letsgofitness.cl\/index.php\/wp-json\/wp\/v2\/product"}],"about":[{"href":"https:\/\/letsgofitness.cl\/index.php\/wp-json\/wp\/v2\/types\/product"}],"wp:featuredmedia":[{"embeddable":true,"href":"https:\/\/letsgofitness.cl\/index.php\/wp-json\/wp\/v2\/media\/11709"}],"wp:attachment":[{"href":"https:\/\/letsgofitness.cl\/index.php\/wp-json\/wp\/v2\/media?parent=11696"}],"wp:term":[{"taxonomy":"product_brand","embeddable":true,"href":"https:\/\/letsgofitness.cl\/index.php\/wp-json\/wp\/v2\/product_brand?post=11696"},{"taxonomy":"product_cat","embeddable":true,"href":"https:\/\/letsgofitness.cl\/index.php\/wp-json\/wp\/v2\/product_cat?post=11696"},{"taxonomy":"product_tag","embeddable":true,"href":"https:\/\/letsgofitness.cl\/index.php\/wp-json\/wp\/v2\/product_tag?post=11696"}],"curies":[{"name":"wp","href":"https:\/\/api.w.org\/{rel}","templated":true}]}}