{"id":11507,"date":"2025-01-16T08:15:49","date_gmt":"2025-01-16T11:15:49","guid":{"rendered":"https:\/\/letsgofitness.cl\/?post_type=product&#038;p=11507"},"modified":"2026-04-10T11:13:12","modified_gmt":"2026-04-10T14:13:12","slug":"barra-recta-corta-1-20-mt-cerakote-400lbs","status":"publish","type":"product","link":"https:\/\/letsgofitness.cl\/index.php\/producto\/barra-recta-corta-1-20-mt-cerakote-400lbs\/","title":{"rendered":"BARRA RECTA CORTA 1.20 MT CERAKOTE &#8211; 400LBS"},"content":{"rendered":"<p><strong><em>BARRA Recta Corta Cerakote\u00a0 RED<\/em><\/strong><\/p>\n<p>Barra BOSS STRENGTH Cerakote, es ideal para todo tipo de entrenamiento, el revestimiento de Cerakote , como muchas otras innovaciones, se hizo con fines \u00a0militares y luego se avanz\u00f3 para uso civil. El revestimiento de cer\u00e1mica se caracteriza por un alto grado de protecci\u00f3n contra la corrosi\u00f3n, el desgaste y tambi\u00e9n mejora la resistencia ante impactos y ca\u00eddas de la barra en esos duros entrenamientos, lo que garantiza una vida \u00fatil muy larga si se mantiene adecuadamente.<\/p>\n<ul>\n<li><span class=\"OYPEnA font-feature-liga-off font-feature-clig-off font-feature-calt-off text-decoration-none text-strikethrough-none\">CARACTERISTICAS:<\/span><\/li>\n<li><span class=\"OYPEnA font-feature-liga-off font-feature-clig-off font-feature-calt-off text-decoration-none text-strikethrough-none\">PESO: 10 KG<\/span><\/li>\n<li><span class=\"OYPEnA font-feature-liga-off font-feature-clig-off font-feature-calt-off text-decoration-none text-strikethrough-none\">MEDIDAS: 1.2 MTS<\/span><\/li>\n<li><span class=\"OYPEnA font-feature-liga-off font-feature-clig-off font-feature-calt-off text-decoration-none text-strikethrough-none\">MATERIAL: CERAKOTE RED<\/span><\/li>\n<li><span class=\"OYPEnA font-feature-liga-off font-feature-clig-off font-feature-calt-off text-decoration-none text-strikethrough-none\">CARGA MAX: 400 LIBRAS<\/span><\/li>\n<li><span class=\"OYPEnA font-feature-liga-off font-feature-clig-off font-feature-calt-off text-decoration-none text-strikethrough-none\">INCLUYE PAR DE TENAZAS<\/span><\/li>\n<\/ul>\n","protected":false},"excerpt":{"rendered":"<h5><strong>STOCK DISPONIBLE<\/strong><\/h5>\n","protected":false},"featured_media":11510,"template":"","meta":{"_joinchat":[]},"product_brand":[],"product_cat":[106,107,135,122],"product_tag":[],"class_list":{"0":"post-11507","1":"product","2":"type-product","3":"status-publish","4":"has-post-thumbnail","6":"product_cat-accesorios","7":"product_cat-accesorios-barras","8":"product_cat-oferta","9":"product_cat-stock","11":"first","12":"instock","13":"sale","14":"shipping-taxable","15":"purchasable","16":"product-type-simple"},"_links":{"self":[{"href":"https:\/\/letsgofitness.cl\/index.php\/wp-json\/wp\/v2\/product\/11507","targetHints":{"allow":["GET"]}}],"collection":[{"href":"https:\/\/letsgofitness.cl\/index.php\/wp-json\/wp\/v2\/product"}],"about":[{"href":"https:\/\/letsgofitness.cl\/index.php\/wp-json\/wp\/v2\/types\/product"}],"wp:featuredmedia":[{"embeddable":true,"href":"https:\/\/letsgofitness.cl\/index.php\/wp-json\/wp\/v2\/media\/11510"}],"wp:attachment":[{"href":"https:\/\/letsgofitness.cl\/index.php\/wp-json\/wp\/v2\/media?parent=11507"}],"wp:term":[{"taxonomy":"product_brand","embeddable":true,"href":"https:\/\/letsgofitness.cl\/index.php\/wp-json\/wp\/v2\/product_brand?post=11507"},{"taxonomy":"product_cat","embeddable":true,"href":"https:\/\/letsgofitness.cl\/index.php\/wp-json\/wp\/v2\/product_cat?post=11507"},{"taxonomy":"product_tag","embeddable":true,"href":"https:\/\/letsgofitness.cl\/index.php\/wp-json\/wp\/v2\/product_tag?post=11507"}],"curies":[{"name":"wp","href":"https:\/\/api.w.org\/{rel}","templated":true}]}}