{"id":11497,"date":"2025-01-15T08:32:10","date_gmt":"2025-01-15T11:32:10","guid":{"rendered":"https:\/\/letsgofitness.cl\/?post_type=product&#038;p=11497"},"modified":"2026-04-10T11:13:12","modified_gmt":"2026-04-10T14:13:12","slug":"powercrown-rotary-hip-multicadera-boss-strength-oferta-pago-contado-2-090-000-transferencia","status":"publish","type":"product","link":"https:\/\/letsgofitness.cl\/index.php\/producto\/powercrown-rotary-hip-multicadera-boss-strength-oferta-pago-contado-2-090-000-transferencia\/","title":{"rendered":"POWERCROWN ROTARY HIP (Multicadera) BOSS STRENGTH\/**OFERTA PAGO CONTADO $2.090.000** (transferencia)"},"content":{"rendered":"<h6><strong>La ROTARY HIP (Multicadera)<\/strong>\u00a0est\u00e1 fabricada para uso profesional. Est\u00e1 ergon\u00f3micamente dise\u00f1ada para proporcionar un movimiento natural, maximizar la efectividad de los ejercicios.<\/h6>\n<h6><em><strong>CARACTER\u00cdSTICAS T\u00c9CNICAS<\/strong><\/em><\/h6>\n<ul>\n<li>Estructura construida en tubo oval de acero de alta calidad de 3 mm. de espesor.<\/li>\n<li>Partes m\u00f3viles montadas con pletina de 0.5 cm. de espesor.<\/li>\n<li>Partes desmontables de acero macizo con el que se evitan problemas de desgaste.<\/li>\n<li>Las m\u00e1quinas est\u00e1n montadas sobre rodamientos (circulares o lineales) o ruedas de bronce y rodamientos.<\/li>\n<li>Brazos contrabalanceados. Anulan el peso de la parte de la estructura que hay que mover, para levantar s\u00f3lo el peso seleccionado con las placas.<\/li>\n<li>Uso de sistema de levas para desarrollar un peso uniforme. Mantiene el brazo de fuerza con una resistencia constante durante todo el recorrido.<\/li>\n<li>El proceso de pintado de las m\u00e1quinas se realiza en t\u00fanel de tratamiento de cuatro etapas que ofrece una absoluta garant\u00eda contra la corrosi\u00f3n. En la primera etapa se procede al desengrasado y fosfatado en caliente. La segunda se realiza un pre fosfatado a temperatura ambiente. En la tercera se procede a fosfatar en caliente. Y por \u00faltimo, se cubre la estructura con pintura epoxi en polvo.<\/li>\n<li>Las placas son de acero calibrado, pintadas en negro, estas tienen anillos de tefl\u00f3n de una calidad superior, lo cual produce un deslizamiento correcto y evita ruidos por fricci\u00f3n.<\/li>\n<li>Selectores de placas magnetizados. Los imanes evitan que el selector se salga durante el ejercicio.<\/li>\n<li>Torre de placas con indicadores de peso en kg y en lbs.<\/li>\n<li>Las barras gu\u00edas son de acero inoxidable.<\/li>\n<li>Transmisi\u00f3n por cable.<\/li>\n<li>Carenados delantero y trasero para evitar accidentes mientras las placas est\u00e1n en movimiento.<\/li>\n<li>Ajustes del asiento, del respaldo y de los rodillos acolchados. Permite la adaptaci\u00f3n de las m\u00e1quinas a cualquier usuario y ayuda a realizar los ejercicios con la postura correcta.<\/li>\n<li>Agarres de goma no absorbente y antideslizante. Son altamente resistentes.<\/li>\n<li>Tapizado realizado en goma espuma de 3 cm. de espesor con 150 kg. de presi\u00f3n y polipiel ign\u00edfuga.<\/li>\n<li>Pictograma explicativo sobre la postura correcta para la realizaci\u00f3n del ejercicio y los m\u00fasculos implicados en el mismo.<\/li>\n<li>POLEAS DE ALUMINIO<\/li>\n<li>EXTRA STACK<\/li>\n<li>Garant\u00eda estructura: 5 a\u00f1os.<\/li>\n<\/ul>\n<p>&nbsp;<\/p>\n<h6><em><strong>CARACTER\u00cdSTICAS T\u00c9CNICAS<\/strong><\/em><\/h6>\n<ul>\n<li><strong>Largo:<\/strong> 161 cm.<\/li>\n<li><strong>Ancho:<\/strong> 140 cm.<\/li>\n<li><strong>Alto:<\/strong> 99 cm.<\/li>\n<li><strong>Peso:<\/strong> 244 kg.<\/li>\n<li><strong>STACK:<\/strong> 86 KG.<\/li>\n<li><strong>Peso m\u00e1ximo del usuario:<\/strong> 180 kg.<\/li>\n<\/ul>\n<p>&nbsp;<\/p>\n<p>&nbsp;<\/p>\n<p><strong>*OFERTA PAGO CONTADO $2.090.000 (Transferencia)*<\/strong><\/p>\n<p><strong>Datos de Transferencia:<\/strong><\/p>\n<ul>\n<li>Cuenta corriente Banco de Chile N\u00b0\u00a0<strong>2780129801<\/strong><\/li>\n<li>Nombre:<strong>\u00a0Lets Go Fitness SpA\u00a0<\/strong>\u00a0Rut:<strong>\u00a076.631.524-0<\/strong><\/li>\n<li>Email:\u00a0<strong>ventas@letsgofitness.cl<\/strong><\/li>\n<\/ul>\n","protected":false},"excerpt":{"rendered":"<p><strong>*OFERTA PAGO CONTADO $2.090.000 (Transferencia)*\u00a0<\/strong><\/p>\n<p>Datos de Transferencia en\u00a0<strong>DESCRIPCI\u00d3N\u00a0 DEL PRODUCTO.<\/strong><\/p>\n","protected":false},"featured_media":11499,"template":"","meta":{"_joinchat":[]},"product_brand":[],"product_cat":[135,122,32],"product_tag":[],"class_list":{"0":"post-11497","1":"product","2":"type-product","3":"status-publish","4":"has-post-thumbnail","6":"product_cat-oferta","7":"product_cat-stock","8":"product_cat-profesional","10":"first","11":"instock","12":"sale","13":"shipping-taxable","14":"purchasable","15":"product-type-simple"},"_links":{"self":[{"href":"https:\/\/letsgofitness.cl\/index.php\/wp-json\/wp\/v2\/product\/11497","targetHints":{"allow":["GET"]}}],"collection":[{"href":"https:\/\/letsgofitness.cl\/index.php\/wp-json\/wp\/v2\/product"}],"about":[{"href":"https:\/\/letsgofitness.cl\/index.php\/wp-json\/wp\/v2\/types\/product"}],"wp:featuredmedia":[{"embeddable":true,"href":"https:\/\/letsgofitness.cl\/index.php\/wp-json\/wp\/v2\/media\/11499"}],"wp:attachment":[{"href":"https:\/\/letsgofitness.cl\/index.php\/wp-json\/wp\/v2\/media?parent=11497"}],"wp:term":[{"taxonomy":"product_brand","embeddable":true,"href":"https:\/\/letsgofitness.cl\/index.php\/wp-json\/wp\/v2\/product_brand?post=11497"},{"taxonomy":"product_cat","embeddable":true,"href":"https:\/\/letsgofitness.cl\/index.php\/wp-json\/wp\/v2\/product_cat?post=11497"},{"taxonomy":"product_tag","embeddable":true,"href":"https:\/\/letsgofitness.cl\/index.php\/wp-json\/wp\/v2\/product_tag?post=11497"}],"curies":[{"name":"wp","href":"https:\/\/api.w.org\/{rel}","templated":true}]}}