{"id":11496,"date":"2025-01-15T08:39:51","date_gmt":"2025-01-15T11:39:51","guid":{"rendered":"https:\/\/letsgofitness.cl\/?post_type=product&#038;p=11496"},"modified":"2026-04-10T11:13:12","modified_gmt":"2026-04-10T14:13:12","slug":"lateral-raise-boss-strength-silverback-stack-113-kg-oferta-pago-contado-1-860-000-transferencia","status":"publish","type":"product","link":"https:\/\/letsgofitness.cl\/index.php\/producto\/lateral-raise-boss-strength-silverback-stack-113-kg-oferta-pago-contado-1-860-000-transferencia\/","title":{"rendered":"LATERAL RAISE BOSS STRENGTH SILVERBACK STACK 113 KG\/ **OFERTA PAGO CONTADO $1.860.000** (transferencia)"},"content":{"rendered":"<p><strong>LATERAL RAISE BOSS STRENGTH<\/strong>\u00a0cuenta con un dise\u00f1o elegante y est\u00e9tico, avalado por un exhaustivo estudio de calidad que garantiza un uso totalmente profesional, centrado en la zona de los hombros. Esta m\u00e1quina ha sido creada ergon\u00f3micamente para proporcionar un movimiento natural y fluido, maximizando la efectividad de los ejercicios dirigidos a la zona lateral de los hombros.<\/p>\n<p>Est\u00e1 dise\u00f1ada espec\u00edficamente para entrenamientos que requieren un trabajo adecuado de la\u00a0<strong>zona lateral de los hombros.<\/strong>\u00a0Cuenta con un dise\u00f1o que proporciona un movimiento guiado y preciso al ejercitar el deltoides lateral, los hombros y la parte superior de la espalda, gracias a su sistema de levas que desarrolla un peso uniforme. Esto ayuda a mantener el brazo de fuerza con una resistencia constante durante todo el entrenamiento.<\/p>\n<p><strong>CARACTER\u00cdSTICAS T\u00c9CNICAS<\/strong><\/p>\n<ul>\n<li>Estructura construida en tubo oval de acero de alta calidad de 3 mm. de espesor.<\/li>\n<li>Partes m\u00f3viles montadas con pletina de 0.5 cm. de espesor.<\/li>\n<li>Partes desmontables de acero macizo con el que se evitan problemas de desgaste.<\/li>\n<li>Las m\u00e1quinas est\u00e1n montadas sobre rodamientos (circulares o lineales) o ruedas de bronce y rodamientos.<\/li>\n<li>Brazos contrabalanceados. Anulan el peso de la parte de la estructura que hay que mover, para levantar s\u00f3lo el peso seleccionado con las placas.<\/li>\n<li>Uso de sistema de levas para desarrollar un peso uniforme. Mantiene el brazo de fuerza con una resistencia constante durante todo el recorrido.<\/li>\n<li>El proceso de pintado de las m\u00e1quinas se realiza en t\u00fanel de tratamiento de cuatro capas, que ofrece una absoluta garant\u00eda contra la corrosi\u00f3n. En la primera capa se procede al desengrasado y fosfatado en caliente. La segunda se trata de un pre fosfatado a temperatura ambiente. En la tercera se procede a fosfatar en caliente. Y por \u00faltimo, se cubre la estructura con pintura epoxi en polvo.<\/li>\n<li>Las placas son de acero calibrado, pintadas en negro, estas tienen anillos de tefl\u00f3n de una calidad superior, lo cual produce un deslizamiento correcto y evita ruidos por fricci\u00f3n.<\/li>\n<li>Selectores de placas magnetizados. Los imanes evitan que el selector se salga durante el ejercicio.<\/li>\n<li>Torre de placas con indicadores de peso en kg y en lbs.<\/li>\n<li>Las barras gu\u00edas son de acero inoxidable.<\/li>\n<li>Transmisi\u00f3n por cable.<\/li>\n<li>Carenados delantero y trasero para evitar accidentes mientras las placas est\u00e1n en movimiento.<\/li>\n<li>Ajustes del asiento, del respaldo y de los rodillos acolchados. Permite la adaptaci\u00f3n de las m\u00e1quinas a cualquier usuario y ayuda a realizar los ejercicios con la postura correcta.<\/li>\n<li>Selectores de ajuste de color amarillo para localizarlos f\u00e1cilmente.<\/li>\n<li>Agarres de goma no absorbente y antideslizante. Son altamente resistentes.<\/li>\n<li>Incluye botellero.<\/li>\n<li>Tapizado realizado en goma espuma de 3 cm. de espesor con 150 kg. de presi\u00f3n y polipiel ign\u00edfuga.<\/li>\n<li>Pictograma explicativo sobre la postura correcta para la realizaci\u00f3n del ejercicio y los m\u00fasculos implicados en el mismo.<\/li>\n<li>Garant\u00eda estructura: 7 a\u00f1os<\/li>\n<\/ul>\n<p><strong>DIMENSIONES Y PESO:<\/strong><\/p>\n<div class=\"resp-tabs-container\">\n<div class=\"resp-tab-content resp-tab-content-active\" aria-labelledby=\"tab_item-1\">\n<ul>\n<li><b>Peso m\u00e1ximo del usuario:\u00a0<\/b>180 kg.<\/li>\n<li><strong>Carga de placas:<\/strong> 113 kg.<\/li>\n<\/ul>\n<\/div>\n<p>&nbsp;<\/p>\n<p><strong>Datos de Transferencia:<\/strong><\/p>\n<ul>\n<li>Cuenta corriente Banco de Chile N\u00b0\u00a0<strong>2780129801<\/strong><\/li>\n<li>Nombre:<strong>\u00a0Lets Go Fitness SpA\u00a0<\/strong>\u00a0Rut:<strong>\u00a076.631.524-0<\/strong><\/li>\n<li>Email:\u00a0<strong>ventas@letsgofitness.cl<\/strong><\/li>\n<\/ul>\n<\/div>\n","protected":false},"excerpt":{"rendered":"<p><strong>*OFERTA PAGO CONTADO $1.860.000 (Transferencia)*\u00a0<\/strong><\/p>\n<p>Datos de Transferencia en\u00a0<strong>DESCRIPCI\u00d3N\u00a0 DEL PRODUCTO.<\/strong><\/p>\n","protected":false},"featured_media":11498,"template":"","meta":{"_joinchat":[]},"product_brand":[],"product_cat":[276,135,122,32],"product_tag":[],"class_list":{"0":"post-11496","1":"product","2":"type-product","3":"status-publish","4":"has-post-thumbnail","6":"product_cat-oferta-pago-contado","7":"product_cat-oferta","8":"product_cat-stock","9":"product_cat-profesional","11":"first","12":"instock","13":"sale","14":"shipping-taxable","15":"purchasable","16":"product-type-simple"},"_links":{"self":[{"href":"https:\/\/letsgofitness.cl\/index.php\/wp-json\/wp\/v2\/product\/11496","targetHints":{"allow":["GET"]}}],"collection":[{"href":"https:\/\/letsgofitness.cl\/index.php\/wp-json\/wp\/v2\/product"}],"about":[{"href":"https:\/\/letsgofitness.cl\/index.php\/wp-json\/wp\/v2\/types\/product"}],"wp:featuredmedia":[{"embeddable":true,"href":"https:\/\/letsgofitness.cl\/index.php\/wp-json\/wp\/v2\/media\/11498"}],"wp:attachment":[{"href":"https:\/\/letsgofitness.cl\/index.php\/wp-json\/wp\/v2\/media?parent=11496"}],"wp:term":[{"taxonomy":"product_brand","embeddable":true,"href":"https:\/\/letsgofitness.cl\/index.php\/wp-json\/wp\/v2\/product_brand?post=11496"},{"taxonomy":"product_cat","embeddable":true,"href":"https:\/\/letsgofitness.cl\/index.php\/wp-json\/wp\/v2\/product_cat?post=11496"},{"taxonomy":"product_tag","embeddable":true,"href":"https:\/\/letsgofitness.cl\/index.php\/wp-json\/wp\/v2\/product_tag?post=11496"}],"curies":[{"name":"wp","href":"https:\/\/api.w.org\/{rel}","templated":true}]}}