{"id":11475,"date":"2025-01-15T09:09:16","date_gmt":"2025-01-15T12:09:16","guid":{"rendered":"https:\/\/letsgofitness.cl\/?post_type=product&#038;p=11475"},"modified":"2026-04-10T11:13:12","modified_gmt":"2026-04-10T14:13:12","slug":"boxing-post-boss-strength","status":"publish","type":"product","link":"https:\/\/letsgofitness.cl\/index.php\/producto\/boxing-post-boss-strength\/","title":{"rendered":"BOXING POST BOSS STRENGTH"},"content":{"rendered":"<p>BOXING POST BOSS STRENGTH t se puede utilizar para deportes como <strong>boxeo, taekwondo<\/strong>, <strong>kickboxing<\/strong> y <strong>karate<\/strong> entre otros, fortalece tu condici\u00f3n f\u00edsica te ayuda a liberar presi\u00f3n.<\/p>\n<p>Base estable te brinda una mejor seguridad ya que proporciona un rebote mucho m\u00e1s r\u00e1pido.<\/p>\n<p><strong>Caracter\u00edsticas T\u00e9cnicas:\u00a0<\/strong><\/p>\n<ul>\n<li><strong>Dimensiones<\/strong>: 180 x 35 x 35cm<\/li>\n<li><strong>Material:<\/strong> PU<\/li>\n<\/ul>\n","protected":false},"excerpt":{"rendered":"<h4><strong>STOCK DISPONIBLE<\/strong><\/h4>\n","protected":false},"featured_media":11477,"template":"","meta":{"_joinchat":[]},"product_brand":[],"product_cat":[106,135,122],"product_tag":[],"class_list":{"0":"post-11475","1":"product","2":"type-product","3":"status-publish","4":"has-post-thumbnail","6":"product_cat-accesorios","7":"product_cat-oferta","8":"product_cat-stock","10":"first","11":"instock","12":"sale","13":"shipping-taxable","14":"purchasable","15":"product-type-simple"},"_links":{"self":[{"href":"https:\/\/letsgofitness.cl\/index.php\/wp-json\/wp\/v2\/product\/11475","targetHints":{"allow":["GET"]}}],"collection":[{"href":"https:\/\/letsgofitness.cl\/index.php\/wp-json\/wp\/v2\/product"}],"about":[{"href":"https:\/\/letsgofitness.cl\/index.php\/wp-json\/wp\/v2\/types\/product"}],"wp:featuredmedia":[{"embeddable":true,"href":"https:\/\/letsgofitness.cl\/index.php\/wp-json\/wp\/v2\/media\/11477"}],"wp:attachment":[{"href":"https:\/\/letsgofitness.cl\/index.php\/wp-json\/wp\/v2\/media?parent=11475"}],"wp:term":[{"taxonomy":"product_brand","embeddable":true,"href":"https:\/\/letsgofitness.cl\/index.php\/wp-json\/wp\/v2\/product_brand?post=11475"},{"taxonomy":"product_cat","embeddable":true,"href":"https:\/\/letsgofitness.cl\/index.php\/wp-json\/wp\/v2\/product_cat?post=11475"},{"taxonomy":"product_tag","embeddable":true,"href":"https:\/\/letsgofitness.cl\/index.php\/wp-json\/wp\/v2\/product_tag?post=11475"}],"curies":[{"name":"wp","href":"https:\/\/api.w.org\/{rel}","templated":true}]}}