{"id":11429,"date":"2025-01-14T16:23:27","date_gmt":"2025-01-14T19:23:27","guid":{"rendered":"https:\/\/letsgofitness.cl\/?post_type=product&#038;p=11429"},"modified":"2026-04-10T16:41:19","modified_gmt":"2026-04-10T19:41:19","slug":"leg-press-45o-profesional-x-fit","status":"publish","type":"product","link":"https:\/\/letsgofitness.cl\/index.php\/producto\/leg-press-45o-profesional-x-fit\/","title":{"rendered":"LEG PRESS 45\u00ba PROFESIONAL X-FIT"},"content":{"rendered":"<p>Esta maquina te ofrece la libertad de ajustar los pesos y as\u00ed lograr una sobrecarga progresiva en tus entrenamientos de pierna, est\u00e1 equipada con cuatro soportes de carga de discos.<\/p>\n<ul>\n<li>Equipada con base antideslizante de goma estable para mayor firmeza y seguridad.<\/li>\n<li>Dise\u00f1o ergon\u00f3mico y preciso de \u00e1ngulos de entrenamiento.<\/li>\n<li>Su estructura es desmontable para un embalaje y transporte mas f\u00e1cil.<\/li>\n<li>Cuero PU de alta calidad para prevenir el crecimiento de bacterias, se adapta a la forma del cuerpo, dando m\u00e1s estabilidad y comodidad durante el ejercicio.<\/li>\n<li>Cortado y soldado por l\u00e1ser, lo que proporciona una apariencia suave y sin costuras.<\/li>\n<li>Barras cromadas de carga que evita la oxidaci\u00f3n y los rayones.<\/li>\n<li>Es perfecto para ejercitar los m\u00fasculos de las piernas y gl\u00fateos.<\/li>\n<li>Su gran plataforma para los pies, proporciona una variedad de posiciones.<\/li>\n<li>Dimensiones: 223 x 166 x 144 cm<\/li>\n<li>Peso: 175 kg<\/li>\n<li>Carga M\u00e0x. 600 kg<\/li>\n<\/ul>\n<p>&nbsp;<\/p>\n<p>&nbsp;<\/p>\n<p>&nbsp;<\/p>\n","protected":false},"excerpt":{"rendered":"<p>Esta maquina te ofrece la libertad de ajustar los pesos y as\u00ed lograr una sobrecarga progresiva en tus entrenamientos de pierna, est\u00e1 equipada con cuatro soportes<span class=\"excerpt-hellip\"> [\u2026]<\/span><\/p>\n","protected":false},"featured_media":11430,"template":"","meta":{"_joinchat":[]},"product_brand":[],"product_cat":[135,122,32,47],"product_tag":[],"class_list":{"0":"post-11429","1":"product","2":"type-product","3":"status-publish","4":"has-post-thumbnail","6":"product_cat-oferta","7":"product_cat-stock","8":"product_cat-profesional","9":"product_cat-peso-libre-profesional","11":"first","12":"instock","13":"sale","14":"shipping-taxable","15":"purchasable","16":"product-type-simple"},"_links":{"self":[{"href":"https:\/\/letsgofitness.cl\/index.php\/wp-json\/wp\/v2\/product\/11429","targetHints":{"allow":["GET"]}}],"collection":[{"href":"https:\/\/letsgofitness.cl\/index.php\/wp-json\/wp\/v2\/product"}],"about":[{"href":"https:\/\/letsgofitness.cl\/index.php\/wp-json\/wp\/v2\/types\/product"}],"wp:featuredmedia":[{"embeddable":true,"href":"https:\/\/letsgofitness.cl\/index.php\/wp-json\/wp\/v2\/media\/11430"}],"wp:attachment":[{"href":"https:\/\/letsgofitness.cl\/index.php\/wp-json\/wp\/v2\/media?parent=11429"}],"wp:term":[{"taxonomy":"product_brand","embeddable":true,"href":"https:\/\/letsgofitness.cl\/index.php\/wp-json\/wp\/v2\/product_brand?post=11429"},{"taxonomy":"product_cat","embeddable":true,"href":"https:\/\/letsgofitness.cl\/index.php\/wp-json\/wp\/v2\/product_cat?post=11429"},{"taxonomy":"product_tag","embeddable":true,"href":"https:\/\/letsgofitness.cl\/index.php\/wp-json\/wp\/v2\/product_tag?post=11429"}],"curies":[{"name":"wp","href":"https:\/\/api.w.org\/{rel}","templated":true}]}}