{"id":11405,"date":"2025-01-10T12:33:20","date_gmt":"2025-01-10T15:33:20","guid":{"rendered":"https:\/\/letsgofitness.cl\/?post_type=product&#038;p=11405"},"modified":"2026-04-24T10:09:20","modified_gmt":"2026-04-24T13:09:20","slug":"par-disco-de-acero-cromado-calibrado-premium-powerlifting-boss-strength","status":"publish","type":"product","link":"https:\/\/letsgofitness.cl\/index.php\/producto\/par-disco-de-acero-cromado-calibrado-premium-powerlifting-boss-strength\/","title":{"rendered":"Par Discos Olimpicos de Acero Cromado PREMIUM &#8211; Powerlifting BOSS STRENGTH"},"content":{"rendered":"<p>Las placas de acero son m\u00e1s <strong>delgadas y ligeras,<\/strong> y m\u00e1s placas de peso se pueden configurar en la misma manga de barra, satisfaciendo as\u00ed las necesidades de los atletas de peso pesado y convirti\u00e9ndose en una opci\u00f3n ideal para los atletas que persiguen <strong>pesos extremos<\/strong>. Gracias a la resistencia y dureza \u00fanicas del acero, las placas de acero son m\u00e1s duraderas que las de caucho o de hierro fundido.<\/p>\n<ul>\n<li><strong>Disco Calibrado de Powerlifting.<\/strong><\/li>\n<li><strong>Calidad para competencias.<\/strong><\/li>\n<li><strong>Dise\u00f1ados para no rebotar.<\/strong><\/li>\n<li><strong>Fabricado 100% en metal cromado.<\/strong><\/li>\n<\/ul>\n<p><strong>Especificaciones del producto: <\/strong>5\/10\/15\/20\/25 kg<\/p>\n","protected":false},"excerpt":{"rendered":"<p>STOCK DISPONIBLE- PRECIO POR PAR<\/p>\n","protected":false},"featured_media":11410,"template":"","meta":{"_joinchat":[]},"product_brand":[],"product_cat":[106,114,135,122,32],"product_tag":[],"class_list":{"0":"post-11405","1":"product","2":"type-product","3":"status-publish","4":"has-post-thumbnail","6":"product_cat-accesorios","7":"product_cat-discos","8":"product_cat-oferta","9":"product_cat-stock","10":"product_cat-profesional","12":"first","13":"instock","14":"sale","15":"shipping-taxable","16":"purchasable","17":"product-type-variable"},"_links":{"self":[{"href":"https:\/\/letsgofitness.cl\/index.php\/wp-json\/wp\/v2\/product\/11405","targetHints":{"allow":["GET"]}}],"collection":[{"href":"https:\/\/letsgofitness.cl\/index.php\/wp-json\/wp\/v2\/product"}],"about":[{"href":"https:\/\/letsgofitness.cl\/index.php\/wp-json\/wp\/v2\/types\/product"}],"wp:featuredmedia":[{"embeddable":true,"href":"https:\/\/letsgofitness.cl\/index.php\/wp-json\/wp\/v2\/media\/11410"}],"wp:attachment":[{"href":"https:\/\/letsgofitness.cl\/index.php\/wp-json\/wp\/v2\/media?parent=11405"}],"wp:term":[{"taxonomy":"product_brand","embeddable":true,"href":"https:\/\/letsgofitness.cl\/index.php\/wp-json\/wp\/v2\/product_brand?post=11405"},{"taxonomy":"product_cat","embeddable":true,"href":"https:\/\/letsgofitness.cl\/index.php\/wp-json\/wp\/v2\/product_cat?post=11405"},{"taxonomy":"product_tag","embeddable":true,"href":"https:\/\/letsgofitness.cl\/index.php\/wp-json\/wp\/v2\/product_tag?post=11405"}],"curies":[{"name":"wp","href":"https:\/\/api.w.org\/{rel}","templated":true}]}}