{"id":1136,"date":"2020-08-08T21:59:06","date_gmt":"2020-08-09T00:59:06","guid":{"rendered":"https:\/\/letsgofitness.cl\/?post_type=product&#038;p=1136"},"modified":"2026-04-10T11:11:12","modified_gmt":"2026-04-10T14:11:12","slug":"dual-leg-curl-extension-nuevo-modelo-stack-119kg","status":"publish","type":"product","link":"https:\/\/letsgofitness.cl\/index.php\/producto\/dual-leg-curl-extension-nuevo-modelo-stack-119kg\/","title":{"rendered":"DUAL LEG CURL \/ EXTENSION REALLEADER USA NUEVO MODELO   STACK 119KG"},"content":{"rendered":"<h6>El curl de piernas fortalece los m\u00fasculos isquiotibiales, y el ejercicio realizado con la m\u00e1quina de extensi\u00f3n de piernas ayuda a enfocarse en el grupo muscular principal del muslo.\u00a0El Let\u00b4s Go Fitness Prone Leg Curl\/Seated Leg Extension ayuda a los usuarios a enfocarse con precisi\u00f3n en los isquiotibiales y los cu\u00e1driceps de manera efectiva.<\/h6>\n<p>&nbsp;<\/p>\n<h6>\u00a0 \u00a0<strong>CARACTER\u00cdSTICAS T\u00c9CNICAS:<\/strong><\/h6>\n<ul>\n<li>4 posiciones iniciales para ajustes superiores de pre-estiramiento<\/li>\n<li>Los asientos convertibles operados con perillas desde el respaldo vertical hasta el banco en V, hacen que el cambio entre el entrenamiento sea muy f\u00e1cil, suave y r\u00e1pido.<\/li>\n<li>Los 3 niveles de ajuste de los rodillos aseguran que se puedan acomodar usuarios de diferentes tama\u00f1os.<\/li>\n<li>M\u00faltiples y convenientes empu\u00f1aduras de sujeci\u00f3n.<\/li>\n<li>Rodillo de espuma s\u00faper c\u00f3modo para que el usuario lo levante sin ninguna dificultad.<\/li>\n<\/ul>\n<p>&nbsp;<\/p>\n<p>BENEFICIOS:<\/p>\n<ul>\n<li>El ejercicio que se realiza con la m\u00e1quina de curl de piernas boca abajo no solo fortalece y mejora la flexibilidad de los isquiotibiales, sino que tambi\u00e9n se dirige a otros grupos musculares.<\/li>\n<li>Tener isquiotibiales fuertes y flexibles es un factor importante en su fuerza, equilibrio y resistencia en general, ya que su fuerza tambi\u00e9n ayuda a evitar lesiones a medida que avanza en su vida cotidiana y puede soportar entrenamientos intensos en el gimnasio.<\/li>\n<li>Los curls de piernas tambi\u00e9n contribuyen a mejorar la fuerza cardiovascular y el control del peso, los cuales son factores que pueden reducir y ayudar a prevenir el dolor cr\u00f3nico.<\/li>\n<li>La m\u00e1quina de extensi\u00f3n de piernas ayuda a trabajar los cu\u00e1driceps, que son los m\u00fasculos grandes de la parte delantera del muslo.<\/li>\n<li>Construir tus cu\u00e1driceps tambi\u00e9n puede aumentar la fuerza de los movimientos de patada, lo que puede ser beneficioso para deportes como el f\u00fatbol e incluso las artes marciales.<\/li>\n<li>Los usuarios se sentir\u00e1n c\u00f3modos con la almohadilla del asiento ajustable y otros sistemas ajustables para diferentes tama\u00f1os de usuarios, que est\u00e1n dise\u00f1ados con los principios de la ingenier\u00eda humana y la kinesiolog\u00eda.<\/li>\n<\/ul>\n<p>&nbsp;<\/p>\n<h6>\u00a0 \u00a0<strong>DIMENSIONES Y PESO:<\/strong><\/h6>\n<ul>\n<li>Medidas<strong>:<\/strong> 1600 x 950 x 1420<\/li>\n<li>Pila de pesas: 119kg<\/li>\n<li>Peso:\u00a0245KG<\/li>\n<\/ul>\n","protected":false},"excerpt":{"rendered":"<p>El curl de piernas fortalece los m\u00fasculos isquiotibiales, y el ejercicio realizado con la m\u00e1quina de extensi\u00f3n de piernas ayuda a enfocarse en el grupo muscular<span class=\"excerpt-hellip\"> [\u2026]<\/span><\/p>\n","protected":false},"featured_media":5801,"template":"","meta":{"_joinchat":[]},"product_brand":[],"product_cat":[90,91,283,32,48],"product_tag":[],"class_list":{"0":"post-1136","1":"product","2":"type-product","3":"status-publish","4":"has-post-thumbnail","6":"product_cat-semiprofesional-dual","7":"product_cat-semiprofesional-dual-leg-extension-leg-curl","8":"product_cat-realleader","9":"product_cat-profesional","10":"product_cat-peso-integrado-profesional","12":"first","13":"outofstock","14":"sale","15":"shipping-taxable","16":"purchasable","17":"product-type-simple"},"_links":{"self":[{"href":"https:\/\/letsgofitness.cl\/index.php\/wp-json\/wp\/v2\/product\/1136","targetHints":{"allow":["GET"]}}],"collection":[{"href":"https:\/\/letsgofitness.cl\/index.php\/wp-json\/wp\/v2\/product"}],"about":[{"href":"https:\/\/letsgofitness.cl\/index.php\/wp-json\/wp\/v2\/types\/product"}],"wp:featuredmedia":[{"embeddable":true,"href":"https:\/\/letsgofitness.cl\/index.php\/wp-json\/wp\/v2\/media\/5801"}],"wp:attachment":[{"href":"https:\/\/letsgofitness.cl\/index.php\/wp-json\/wp\/v2\/media?parent=1136"}],"wp:term":[{"taxonomy":"product_brand","embeddable":true,"href":"https:\/\/letsgofitness.cl\/index.php\/wp-json\/wp\/v2\/product_brand?post=1136"},{"taxonomy":"product_cat","embeddable":true,"href":"https:\/\/letsgofitness.cl\/index.php\/wp-json\/wp\/v2\/product_cat?post=1136"},{"taxonomy":"product_tag","embeddable":true,"href":"https:\/\/letsgofitness.cl\/index.php\/wp-json\/wp\/v2\/product_tag?post=1136"}],"curies":[{"name":"wp","href":"https:\/\/api.w.org\/{rel}","templated":true}]}}