{"id":11344,"date":"2025-01-03T12:00:24","date_gmt":"2025-01-03T15:00:24","guid":{"rendered":"https:\/\/letsgofitness.cl\/?post_type=product&#038;p=11344"},"modified":"2026-04-10T11:13:13","modified_gmt":"2026-04-10T14:13:13","slug":"lateral-raise-boss-strength-powercrown-stack-113-kg-oferta-pago-contado-1-890-000-transferencia","status":"publish","type":"product","link":"https:\/\/letsgofitness.cl\/index.php\/producto\/lateral-raise-boss-strength-powercrown-stack-113-kg-oferta-pago-contado-1-890-000-transferencia\/","title":{"rendered":"LATERAL RAISE BOSS STRENGTH POWERCROWN STACK 113 KG\/ **OFERTA PAGO CONTADO $1.890.000** (transferencia)"},"content":{"rendered":"<p><strong>LATERAL RAISE BOSS STRENGTH POWERCROWN<\/strong> cuenta con un dise\u00f1o elegante y est\u00e9tico, avalado por un exhaustivo estudio de calidad que garantiza un uso totalmente profesional, centrado en la zona de los hombros. Esta m\u00e1quina ha sido creada ergon\u00f3micamente para proporcionar un movimiento natural y fluido, maximizando la efectividad de los ejercicios dirigidos a la zona lateral de los hombros.<\/p>\n<p>Est\u00e1 dise\u00f1ada espec\u00edficamente para entrenamientos que requieren un trabajo adecuado de la <strong>zona lateral de los hombros.<\/strong> Cuenta con un dise\u00f1o que proporciona un movimiento guiado y preciso al ejercitar el deltoides lateral, los hombros y la parte superior de la espalda, gracias a su sistema de levas que desarrolla un peso uniforme. Esto ayuda a mantener el brazo de fuerza con una resistencia constante durante todo el entrenamiento.<\/p>\n<p>&nbsp;<\/p>\n<p><strong>Caracter\u00edsticas t\u00e9cnicas:<\/strong><\/p>\n<ul>\n<li>Estructura fabricada en tubo de acero ovalado de 3 mm de espesor de alta calidad.<\/li>\n<li>Partes m\u00f3viles ensambladas con chapa de 0,5 cm de espesor.<\/li>\n<li>Piezas desmontables fabricadas en acero macizo para evitar problemas de desgaste.<\/li>\n<li>Las m\u00e1quinas est\u00e1n montadas sobre cojinetes (circulares o lineales) o ruedas y cojinetes de bronce.<\/li>\n<li>Brazos contrapesados. Anulan el peso de la parte de la estructura a mover, para levantar \u00fanicamente el peso seleccionado con las placas.<\/li>\n<li>Uso de sistema de levas para desarrollar un peso uniforme. Mantiene el brazo de potencia con resistencia constante durante todo el recorrido.<\/li>\n<li>El proceso de pintado de las m\u00e1quinas se realiza en un t\u00fanel de tratamiento de cuatro capas, lo que ofrece una garant\u00eda absoluta contra la corrosi\u00f3n. La primera capa es de desengrasado y fosfatado en caliente. La segunda capa es de prefosfatado a temperatura ambiente.<\/li>\n<li>Selectores de placas imantados. Los imanes evitan que el selector se deslice durante el ejercicio.<\/li>\n<li>Torre de placas con indicadores de peso en kg y lbs.<\/li>\n<li>Barras gu\u00eda de acero inoxidable.<\/li>\n<li>Transmisi\u00f3n mediante cable reforzado de 3 mm con funda protectora de 2 mm de espesor.<\/li>\n<li>Carenados delantero y trasero en policarbonato para evitar accidentes mientras las placas est\u00e1n en movimiento.<\/li>\n<li>Dispone de un asiento regulable en altura, lo que permite adaptar las m\u00e1quinas a cualquier usuario y ayuda a realizar los ejercicios con una postura correcta.<\/li>\n<li>Selectores de ajuste rojos para f\u00e1cil ubicaci\u00f3n.<\/li>\n<li>Empu\u00f1aduras de goma antideslizantes y no absorbentes. Son muy resistentes.<\/li>\n<li>Incluye dos bandejas grandes como porta botellas y objetos.<\/li>\n<li>Tapizado con relleno viscoel\u00e1stico y polipiel antibacteriana e ign\u00edfuga.<\/li>\n<li>Pictograma explicativo de la postura correcta para realizar el ejercicio y los m\u00fasculos implicados en el mismo.<\/li>\n<li>Garant\u00eda de la estructura: 5 a\u00f1os.<\/li>\n<\/ul>\n<p>DIMENSIONES &#8211; PESO:<\/p>\n<ul>\n<li>Largo: 150,6 cm.<\/li>\n<li>Ancho: 98,4 cm.<\/li>\n<li>Altura: 150 cm.<\/li>\n<li>Peso: 188 kg.<\/li>\n<li>Carga total de la placa: 113 kg.<\/li>\n<li>Peso m\u00e1ximo del usuario: 180 kg.<\/li>\n<\/ul>\n<p>&nbsp;<\/p>\n<p><strong>Datos de Transferencia:<\/strong><\/p>\n<ul>\n<li>Cuenta corriente Banco de Chile N\u00b0\u00a0<strong>2780129801<\/strong><\/li>\n<li>Nombre:<strong>\u00a0Lets Go Fitness SpA\u00a0<\/strong>\u00a0Rut:<strong>\u00a076.631.524-0<\/strong><\/li>\n<li>Email:\u00a0<strong>ventas@letsgofitness.cl<\/strong><\/li>\n<\/ul>\n","protected":false},"excerpt":{"rendered":"<p><strong>*OFERTA PAGO CONTADO $1.890.000 (Transferencia)*\u00a0<\/strong><\/p>\n<p>Datos de Transferencia en\u00a0<strong>DESCRIPCI\u00d3N\u00a0 DEL PRODUCTO.<\/strong><\/p>\n","protected":false},"featured_media":11330,"template":"","meta":{"_joinchat":[]},"product_brand":[],"product_cat":[135],"product_tag":[],"class_list":{"0":"post-11344","1":"product","2":"type-product","3":"status-publish","4":"has-post-thumbnail","6":"product_cat-oferta","8":"first","9":"outofstock","10":"sale","11":"shipping-taxable","12":"purchasable","13":"product-type-simple"},"_links":{"self":[{"href":"https:\/\/letsgofitness.cl\/index.php\/wp-json\/wp\/v2\/product\/11344","targetHints":{"allow":["GET"]}}],"collection":[{"href":"https:\/\/letsgofitness.cl\/index.php\/wp-json\/wp\/v2\/product"}],"about":[{"href":"https:\/\/letsgofitness.cl\/index.php\/wp-json\/wp\/v2\/types\/product"}],"wp:featuredmedia":[{"embeddable":true,"href":"https:\/\/letsgofitness.cl\/index.php\/wp-json\/wp\/v2\/media\/11330"}],"wp:attachment":[{"href":"https:\/\/letsgofitness.cl\/index.php\/wp-json\/wp\/v2\/media?parent=11344"}],"wp:term":[{"taxonomy":"product_brand","embeddable":true,"href":"https:\/\/letsgofitness.cl\/index.php\/wp-json\/wp\/v2\/product_brand?post=11344"},{"taxonomy":"product_cat","embeddable":true,"href":"https:\/\/letsgofitness.cl\/index.php\/wp-json\/wp\/v2\/product_cat?post=11344"},{"taxonomy":"product_tag","embeddable":true,"href":"https:\/\/letsgofitness.cl\/index.php\/wp-json\/wp\/v2\/product_tag?post=11344"}],"curies":[{"name":"wp","href":"https:\/\/api.w.org\/{rel}","templated":true}]}}