{"id":11334,"date":"2025-01-03T11:57:11","date_gmt":"2025-01-03T14:57:11","guid":{"rendered":"https:\/\/letsgofitness.cl\/?post_type=product&#038;p=11334"},"modified":"2026-04-10T11:13:13","modified_gmt":"2026-04-10T14:13:13","slug":"hip-thrust-boss-strength-powercrown-stack-114-kg","status":"publish","type":"product","link":"https:\/\/letsgofitness.cl\/index.php\/producto\/hip-thrust-boss-strength-powercrown-stack-114-kg\/","title":{"rendered":"HIP THRUST BOSS STRENGTH POWERCROWN STACK 114 KG\/**OFERTA PAGO CONTADO $1.980.000** (transferencia)"},"content":{"rendered":"<p><strong>HIP THRUST BOSS STRENGTH PowerCrown<\/strong> cuenta con un dise\u00f1o elegante y est\u00e9tico, avalado por un exhaustivo estudio de calidad que garantiza un uso totalmente profesional, centrado en la zona de los gl\u00fateos.\u00a0Esta m\u00e1quina ha sido creada ergon\u00f3micamente para proporcionar un movimiento natural y fluido, maximizando la efectividad de los ejercicios dirigidos a la zona de los gl\u00fateos y su conexi\u00f3n con la musculatura de la cadera y el f\u00e9mur. Ofrece una ejecuci\u00f3n guiada y c\u00f3moda para realizar el ejercicio de forma profesional y eficaz.<\/p>\n<p>Mediante el uso de esta m\u00e1quina, el usuario podr\u00e1 desarrollar un ejercicio similar al hip thrust con peso libre, pero de forma m\u00e1s controlada y focalizada en todo el rango de movimiento.<\/p>\n<p><strong>Caracter\u00edsticas t\u00e9cnicas:<\/strong><\/p>\n<ul>\n<li>Estructura fabricada en tubo de acero ovalado de 3 mm de espesor de alta calidad.<\/li>\n<li>Partes m\u00f3viles ensambladas con chapa de 0,5 cm de espesor.<\/li>\n<li>Piezas desmontables fabricadas en acero macizo para evitar problemas de desgaste.<\/li>\n<li>Las m\u00e1quinas est\u00e1n montadas sobre cojinetes (circulares o lineales) o ruedas y cojinetes de bronce.<\/li>\n<li>Brazos contrapesados. Anulan el peso de la parte de la estructura a mover, para levantar \u00fanicamente el peso seleccionado con las placas.<\/li>\n<li>Uso de sistema de levas para desarrollar un peso uniforme. Mantiene el brazo de potencia con resistencia constante durante todo el recorrido.<\/li>\n<li>El proceso de pintado de las m\u00e1quinas se realiza en un t\u00fanel de tratamiento de cuatro capas, lo que ofrece una garant\u00eda absoluta contra la corrosi\u00f3n.<\/li>\n<li>Selectores de placas imantados. Los imanes evitan que el selector se deslice durante el ejercicio.<\/li>\n<li>Torre de placas con indicadores de peso en kg. y lbs.<\/li>\n<li>Barras gu\u00eda de acero inoxidable.<\/li>\n<li>Transmisi\u00f3n mediante cable reforzado de 3 mm con funda protectora de 2 mm de espesor.<\/li>\n<li>Carenados delantero y trasero en policarbonato para evitar accidentes mientras las placas est\u00e1n en movimiento.<\/li>\n<li>Dispone de rodillo acolchado y plataforma de apoyo regulable. Permite adaptar las m\u00e1quinas a cualquier usuario y ayuda a realizar los ejercicios con la postura correcta.<\/li>\n<li>Selectores de ajuste rojos para f\u00e1cil ubicaci\u00f3n.<\/li>\n<li>Empu\u00f1aduras de goma antideslizantes y no absorbentes.<\/li>\n<li>Tapizado con relleno viscoel\u00e1stico y polipiel antibacteriana e ign\u00edfuga.<\/li>\n<li>Pictograma explicativo de la postura correcta para realizar el ejercicio y los m\u00fasculos implicados en el mismo.<\/li>\n<\/ul>\n<p><strong>Dimensiones y Peso:<\/strong><\/p>\n<ul>\n<li><strong>Longitud:<\/strong>\u00a0162,4 cm.<\/li>\n<li><strong>Ancho:<\/strong>\u00a0117,2 cm.<\/li>\n<li><strong>Altura:<\/strong>\u00a0149,6 cm.<\/li>\n<li><strong>Peso:<\/strong>\u00a0245 kg.<\/li>\n<li><strong>Carga total de la placa:<\/strong> 114 kg.<\/li>\n<li><strong>Peso m\u00e1ximo del usuario:<\/strong>\u00a0180 kg.<\/li>\n<\/ul>\n<p><strong>OFERTA PAGO CONTADO: $1.980.000<\/strong><\/p>\n<p><strong>\u00a0 \u00a0 \u00a0 \u00a0 \u00a0 Datos de Transferencia:<\/strong><\/p>\n<ul>\n<li>Cuenta corriente Banco de Chile N\u00b0\u00a0<strong>2780129801<\/strong><\/li>\n<li>Nombre:<strong>\u00a0Lets Go Fitness SpA Rut<\/strong>:<strong>\u00a076.631.524-0<\/strong><\/li>\n<li>Email:\u00a0<strong>ventas@letsgofitness.cl<\/strong><\/li>\n<\/ul>\n<p><strong><em>Incluir mensaje SKU + OFERTA + Fono Contacto<\/em><\/strong><\/p>\n","protected":false},"excerpt":{"rendered":"<p><strong>*OFERTA PAGO CONTADO $1.980.000 (Transferencia)*\u00a0<\/strong><\/p>\n<p>Datos de Transferencia en\u00a0<strong>DESCRIPCI\u00d3N DEL PRODUCTO.<\/strong><\/p>\n<p>&nbsp;<\/p>\n","protected":false},"featured_media":11333,"template":"","meta":{"_joinchat":[]},"product_brand":[],"product_cat":[128,276,135,122,32,48],"product_tag":[],"class_list":{"0":"post-11334","1":"product","2":"type-product","3":"status-publish","4":"has-post-thumbnail","6":"product_cat-cyber-lets-go","7":"product_cat-oferta-pago-contado","8":"product_cat-oferta","9":"product_cat-stock","10":"product_cat-profesional","11":"product_cat-peso-integrado-profesional","13":"first","14":"instock","15":"sale","16":"shipping-taxable","17":"purchasable","18":"product-type-simple"},"_links":{"self":[{"href":"https:\/\/letsgofitness.cl\/index.php\/wp-json\/wp\/v2\/product\/11334","targetHints":{"allow":["GET"]}}],"collection":[{"href":"https:\/\/letsgofitness.cl\/index.php\/wp-json\/wp\/v2\/product"}],"about":[{"href":"https:\/\/letsgofitness.cl\/index.php\/wp-json\/wp\/v2\/types\/product"}],"wp:featuredmedia":[{"embeddable":true,"href":"https:\/\/letsgofitness.cl\/index.php\/wp-json\/wp\/v2\/media\/11333"}],"wp:attachment":[{"href":"https:\/\/letsgofitness.cl\/index.php\/wp-json\/wp\/v2\/media?parent=11334"}],"wp:term":[{"taxonomy":"product_brand","embeddable":true,"href":"https:\/\/letsgofitness.cl\/index.php\/wp-json\/wp\/v2\/product_brand?post=11334"},{"taxonomy":"product_cat","embeddable":true,"href":"https:\/\/letsgofitness.cl\/index.php\/wp-json\/wp\/v2\/product_cat?post=11334"},{"taxonomy":"product_tag","embeddable":true,"href":"https:\/\/letsgofitness.cl\/index.php\/wp-json\/wp\/v2\/product_tag?post=11334"}],"curies":[{"name":"wp","href":"https:\/\/api.w.org\/{rel}","templated":true}]}}