{"id":11304,"date":"2025-01-10T14:18:47","date_gmt":"2025-01-10T17:18:47","guid":{"rendered":"https:\/\/letsgofitness.cl\/?post_type=product&#038;p=11304"},"modified":"2026-04-10T11:13:12","modified_gmt":"2026-04-10T14:13:12","slug":"bara-olimpica-corta-1-20mt-cerakote-red-400-lbs-modelo-2-boss-strength","status":"publish","type":"product","link":"https:\/\/letsgofitness.cl\/index.php\/producto\/bara-olimpica-corta-1-20mt-cerakote-red-400-lbs-modelo-2-boss-strength\/","title":{"rendered":"BARRA Z OLIMPICA CORTA 1.20MT CERAKOTE RED 400 LBS\/ MODELO 2 BOSS STRENGTH"},"content":{"rendered":"<p><strong><em>BARRA Z Cerakote\u00a0 RED<\/em><\/strong><\/p>\n<p>Barra BOSS STRENGTH Cerakote, es ideal para todo tipo de entrenamiento, el revestimiento de Cerakote , como muchas otras innovaciones, se hizo con fines \u00a0militares y luego se avanz\u00f3 para uso civil. El revestimiento de cer\u00e1mica se caracteriza por un alto grado de protecci\u00f3n contra la corrosi\u00f3n, el desgaste y tambi\u00e9n mejora la resistencia ante impactos y ca\u00eddas de la barra en esos duros entrenamientos, lo que garantiza una vida \u00fatil muy larga si se mantiene adecuadamente.<\/p>\n<p>CARACTERISTICAS:<\/p>\n<ul>\n<li>PESO: 10 KG<\/li>\n<li>MEDIDAS: 1.2 MTS<\/li>\n<li>MATERIAL: CERAKOTE RED<\/li>\n<li>CARGA MAX: 400 LIBRAS<\/li>\n<li>28 MM<\/li>\n<li>INCLUYE PAR DE TENAZAS<\/li>\n<\/ul>\n<p>&nbsp;<\/p>\n<p><strong>\u00a1Look impresionante con grabado laser,<\/strong>\u00a0<strong>se tu propio BOSS en cada entrenamiento!<\/strong><\/p>\n","protected":false},"excerpt":{"rendered":"<p>BARRA Z Cerakote\u00a0 RED Barra BOSS STRENGTH Cerakote, es ideal para todo tipo de entrenamiento, el revestimiento de Cerakote , como muchas otras innovaciones, se hizo<span class=\"excerpt-hellip\"> [\u2026]<\/span><\/p>\n","protected":false},"featured_media":11420,"template":"","meta":{"_joinchat":[]},"product_brand":[],"product_cat":[106,110,107,135,122],"product_tag":[],"class_list":{"0":"post-11304","1":"product","2":"type-product","3":"status-publish","4":"has-post-thumbnail","6":"product_cat-accesorios","7":"product_cat-accesorios-barras-z","8":"product_cat-accesorios-barras","9":"product_cat-oferta","10":"product_cat-stock","12":"first","13":"instock","14":"sale","15":"shipping-taxable","16":"purchasable","17":"product-type-simple"},"_links":{"self":[{"href":"https:\/\/letsgofitness.cl\/index.php\/wp-json\/wp\/v2\/product\/11304","targetHints":{"allow":["GET"]}}],"collection":[{"href":"https:\/\/letsgofitness.cl\/index.php\/wp-json\/wp\/v2\/product"}],"about":[{"href":"https:\/\/letsgofitness.cl\/index.php\/wp-json\/wp\/v2\/types\/product"}],"wp:featuredmedia":[{"embeddable":true,"href":"https:\/\/letsgofitness.cl\/index.php\/wp-json\/wp\/v2\/media\/11420"}],"wp:attachment":[{"href":"https:\/\/letsgofitness.cl\/index.php\/wp-json\/wp\/v2\/media?parent=11304"}],"wp:term":[{"taxonomy":"product_brand","embeddable":true,"href":"https:\/\/letsgofitness.cl\/index.php\/wp-json\/wp\/v2\/product_brand?post=11304"},{"taxonomy":"product_cat","embeddable":true,"href":"https:\/\/letsgofitness.cl\/index.php\/wp-json\/wp\/v2\/product_cat?post=11304"},{"taxonomy":"product_tag","embeddable":true,"href":"https:\/\/letsgofitness.cl\/index.php\/wp-json\/wp\/v2\/product_tag?post=11304"}],"curies":[{"name":"wp","href":"https:\/\/api.w.org\/{rel}","templated":true}]}}