{"id":11290,"date":"2024-12-30T12:10:17","date_gmt":"2024-12-30T15:10:17","guid":{"rendered":"https:\/\/letsgofitness.cl\/?post_type=product&#038;p=11290"},"modified":"2026-04-10T11:08:54","modified_gmt":"2026-04-10T14:08:54","slug":"chest-press-st3","status":"publish","type":"product","link":"https:\/\/letsgofitness.cl\/index.php\/producto\/chest-press-st3\/","title":{"rendered":"CHEST PRESS ST3"},"content":{"rendered":"<h5><strong>CARACTER\u00cdSTICAS T\u00c9CNICAS<\/strong><\/h5>\n<ul>\n<li>Estructura con pintura en polvo para una fijaci\u00f3n total y una alta resistencia.<\/li>\n<li>Biomec\u00e1nica dise\u00f1ada para permitir la accesibilidad a cualquier tipo de usuario.<\/li>\n<li>Regulaci\u00f3n de la fase de inicio.<\/li>\n<li>Respaldo regulable en inclinaci\u00f3n y asiento regulable en posici\u00f3n y altura.<\/li>\n<li>Gracias a su capacidad de regulaci\u00f3n de \u00e1ngulo es un modelo que puede albergar cargas muy altas de peso.<\/li>\n<li>Agarre para realizar el movimiento de forma neutra y en pronaci\u00f3n.<\/li>\n<li>Tapizado de asientos y respaldo con relleno de PU, antibacteriano e ign\u00edfugo<\/li>\n<li>Densidad tapizado: 160 kg\/m3.<\/li>\n<li>Rodamientos industriales y perner\u00eda de alta calidad.<\/li>\n<li>6 portadiscos de carga en acero inoxidable.<\/li>\n<li>Agarres c\u00f3modos recubiertos de goma no porosa. Ofrecen una muy buena sensaci\u00f3n de agarre y seguridad al contacto.<\/li>\n<li>Pictograma explicativo sobre la postura correcta para la realizaci\u00f3n del ejercicio y los m\u00fasculos implicados en el mismo.<\/li>\n<li>Tacos de PVC blandos antideslizantes en su base.<\/li>\n<\/ul>\n<h5><strong>DIMENSIONES Y PESO<\/strong><\/h5>\n<ul>\n<li><strong>Largo:<\/strong>\u00a0156 cm.<\/li>\n<li><strong>Ancho: <\/strong>157 cm.<\/li>\n<li><strong>Alto:<\/strong>\u00a0147.2 cm.<\/li>\n<li><strong>Peso:\u00a0<\/strong>155 kg.<\/li>\n<li><strong>Capacidad m\u00e1xima de carga:\u00a0<\/strong>200 kg.<\/li>\n<\/ul>\n","protected":false},"excerpt":{"rendered":"<p>Este innovador press de pecho est\u00e1 dise\u00f1ado con tecnolog\u00eda avanzada en biomec\u00e1nica, asegurando un movimiento natural y fluido. Su dise\u00f1o compacto y ergon\u00f3mico se adapta perfectamente a las necesidades de cada usuario, permitiendo un ajuste preciso del respaldo y el asiento, tanto en posici\u00f3n como en altura, para optimizar tu experiencia de entrenamiento.<\/p>\n<p>Con esta m\u00e1quina, no solo diversificar\u00e1s tu rutina de pecho, sino que lograr\u00e1s un enfoque m\u00e1s personalizado y efectivo para llevar tu rendimiento al m\u00e1ximo.<\/p>\n","protected":false},"featured_media":11264,"template":"","meta":{"_joinchat":[]},"product_brand":[],"product_cat":[135,122,32],"product_tag":[],"class_list":{"0":"post-11290","1":"product","2":"type-product","3":"status-publish","4":"has-post-thumbnail","6":"product_cat-oferta","7":"product_cat-stock","8":"product_cat-profesional","10":"first","11":"outofstock","12":"sale","13":"shipping-taxable","14":"purchasable","15":"product-type-simple"},"_links":{"self":[{"href":"https:\/\/letsgofitness.cl\/index.php\/wp-json\/wp\/v2\/product\/11290","targetHints":{"allow":["GET"]}}],"collection":[{"href":"https:\/\/letsgofitness.cl\/index.php\/wp-json\/wp\/v2\/product"}],"about":[{"href":"https:\/\/letsgofitness.cl\/index.php\/wp-json\/wp\/v2\/types\/product"}],"wp:featuredmedia":[{"embeddable":true,"href":"https:\/\/letsgofitness.cl\/index.php\/wp-json\/wp\/v2\/media\/11264"}],"wp:attachment":[{"href":"https:\/\/letsgofitness.cl\/index.php\/wp-json\/wp\/v2\/media?parent=11290"}],"wp:term":[{"taxonomy":"product_brand","embeddable":true,"href":"https:\/\/letsgofitness.cl\/index.php\/wp-json\/wp\/v2\/product_brand?post=11290"},{"taxonomy":"product_cat","embeddable":true,"href":"https:\/\/letsgofitness.cl\/index.php\/wp-json\/wp\/v2\/product_cat?post=11290"},{"taxonomy":"product_tag","embeddable":true,"href":"https:\/\/letsgofitness.cl\/index.php\/wp-json\/wp\/v2\/product_tag?post=11290"}],"curies":[{"name":"wp","href":"https:\/\/api.w.org\/{rel}","templated":true}]}}