{"id":11288,"date":"2024-12-30T15:22:41","date_gmt":"2024-12-30T18:22:41","guid":{"rendered":"https:\/\/letsgofitness.cl\/?post_type=product&#038;p=11288"},"modified":"2026-04-10T11:08:54","modified_gmt":"2026-04-10T14:08:54","slug":"shoulder-press-st3","status":"publish","type":"product","link":"https:\/\/letsgofitness.cl\/index.php\/producto\/shoulder-press-st3\/","title":{"rendered":"SHOULDER PRESS ST3 **OFERTA PAGO CONTADO $1.100.000** (Transferencia)"},"content":{"rendered":"<h5>CARACTER\u00cdSTICAS T\u00c9CNICAS<\/h5>\n<ul>\n<li>Estructura con pintura en polvo para una fijaci\u00f3n total y una alta resistencia.<\/li>\n<li>Biomec\u00e1nica de m\u00e1quina dise\u00f1ada especialmente para permitir la accesibilidad a cualquier tipo de usuario.<\/li>\n<li>Capacidad de regulaci\u00f3n de la fase de inicio.<\/li>\n<li>Cuenta con respaldo regulable en inclinaci\u00f3n y asiento regulable en posici\u00f3n y altura.<\/li>\n<li>Cuenta con agarre para realizar el movimiento de forma neutra y en pronaci\u00f3n.<\/li>\n<li>Tapizado de asientos y respaldo con relleno de PU, antibacteriano e ign\u00edfugo.<\/li>\n<li>Densidad tapizado: 160 kg\/m3.<\/li>\n<li>Rodamientos industriales y perner\u00eda de alta calidad.<\/li>\n<li>6 portadiscos de carga en acero inoxidable.<\/li>\n<li>Agarres c\u00f3modos recubiertos de goma no porosa. Ofrecen una muy buena sensaci\u00f3n de agarre y seguridad al contacto.<\/li>\n<li>Pictograma explicativo sobre la postura correcta para la realizaci\u00f3n del ejercicio y los m\u00fasculos implicados en el mismo.<\/li>\n<li>Tacos de PVC blandos antideslizantes en su base.<\/li>\n<\/ul>\n<h5>DIMENSIONES Y PESO<\/h5>\n<ul>\n<li><strong>Largo:<\/strong>\u00a0161 cm.<\/li>\n<li><strong>Ancho:\u00a0<\/strong>157 cm.<\/li>\n<li><strong>Alto:<\/strong>\u00a0147.2 cm.<\/li>\n<li><strong>Peso:\u00a0<\/strong>155 kg.<\/li>\n<li><strong>Capacidad m\u00e1xima de carga:\u00a0<\/strong>200 kg.<\/li>\n<\/ul>\n","protected":false},"excerpt":{"rendered":"<p>Dise\u00f1ada ergon\u00f3micamente, esta m\u00e1quina asegura un movimiento natural y fluido, maximizando la efectividad de los ejercicios dirigidos a los hombros. Su respaldo y asiento ajustables en posici\u00f3n y altura permiten personalizar el equipo seg\u00fan tus necesidades biomec\u00e1nicas, optimizando tu postura de empuje.<\/p>\n","protected":false},"featured_media":11262,"template":"","meta":{"_joinchat":[]},"product_brand":[],"product_cat":[135,122,32,47],"product_tag":[],"class_list":{"0":"post-11288","1":"product","2":"type-product","3":"status-publish","4":"has-post-thumbnail","6":"product_cat-oferta","7":"product_cat-stock","8":"product_cat-profesional","9":"product_cat-peso-libre-profesional","11":"first","12":"outofstock","13":"sale","14":"shipping-taxable","15":"purchasable","16":"product-type-simple"},"_links":{"self":[{"href":"https:\/\/letsgofitness.cl\/index.php\/wp-json\/wp\/v2\/product\/11288","targetHints":{"allow":["GET"]}}],"collection":[{"href":"https:\/\/letsgofitness.cl\/index.php\/wp-json\/wp\/v2\/product"}],"about":[{"href":"https:\/\/letsgofitness.cl\/index.php\/wp-json\/wp\/v2\/types\/product"}],"wp:featuredmedia":[{"embeddable":true,"href":"https:\/\/letsgofitness.cl\/index.php\/wp-json\/wp\/v2\/media\/11262"}],"wp:attachment":[{"href":"https:\/\/letsgofitness.cl\/index.php\/wp-json\/wp\/v2\/media?parent=11288"}],"wp:term":[{"taxonomy":"product_brand","embeddable":true,"href":"https:\/\/letsgofitness.cl\/index.php\/wp-json\/wp\/v2\/product_brand?post=11288"},{"taxonomy":"product_cat","embeddable":true,"href":"https:\/\/letsgofitness.cl\/index.php\/wp-json\/wp\/v2\/product_cat?post=11288"},{"taxonomy":"product_tag","embeddable":true,"href":"https:\/\/letsgofitness.cl\/index.php\/wp-json\/wp\/v2\/product_tag?post=11288"}],"curies":[{"name":"wp","href":"https:\/\/api.w.org\/{rel}","templated":true}]}}