{"id":11287,"date":"2024-12-30T16:50:54","date_gmt":"2024-12-30T19:50:54","guid":{"rendered":"https:\/\/letsgofitness.cl\/?post_type=product&#038;p=11287"},"modified":"2026-04-10T11:08:54","modified_gmt":"2026-04-10T14:08:54","slug":"antebrazo-forearm-jungle-st3","status":"publish","type":"product","link":"https:\/\/letsgofitness.cl\/index.php\/producto\/antebrazo-forearm-jungle-st3\/","title":{"rendered":"ANTEBRAZO TOTAL JUNGLE  ST3 **OFERTA PAGO CONTADO $850.000** (Transferencia)"},"content":{"rendered":"<p>Dise\u00f1ada para los verdaderos apasionados del entrenamiento, esta m\u00e1quina es ideal para quienes buscan trabajar cada m\u00fasculo de su cuerpo con la m\u00e1xima eficiencia. Con el modelo Antebrazos Total, llevar\u00e1s tus antebrazos a un nivel superior de forma c\u00f3moda y efectiva.<\/p>\n<p>Este innovador equipo ofrece 4 tipos de ejercicios en una sola estructura, combinando los movimientos esenciales para el desarrollo de los antebrazos, todo con carga de discos y optimizaci\u00f3n del espacio. Destaca tu gimnasio con una m\u00e1quina exclusiva, disponible \u00fanicamente en Let&#8217;s Go Fitness. \u00a1Marca la diferencia!<\/p>\n<h5>CARACTER\u00cdSTICAS T\u00c9CNICAS<\/h5>\n<ul>\n<li>Fabricada en tubo cuadrado de acero Q235 de 3 mm de espesor.<\/li>\n<li>Estructura con pintura en polvo para una fijaci\u00f3n total y una alta resistencia.<\/li>\n<li>Biomec\u00e1nica dise\u00f1ada especialmente para permitir la accesibilidad a cualquier tipo de usuario.<\/li>\n<li>Posibilidad de realizar 4 ejercicios focalizados en el antebrazo dentro de la misma m\u00e1quina: curl de antebrazo con carga de peso, manivela con movimiento lateral de control del peso, encogimientos de antebrazo con soporte y pinza de contracci\u00f3n de antebrazo.<\/li>\n<li>M\u00e1quina con dise\u00f1o exclusivo.<\/li>\n<li>Tapizado con relleno de PU y algod\u00f3n, antibacteriano e ign\u00edfugo.<\/li>\n<li>Densidad tapizado: 88 kg\/m3.<\/li>\n<li>Rodamientos industriales y perner\u00eda de alta calidad.<\/li>\n<li>6 portadiscos de carga en acero inoxidable.<\/li>\n<li>Agarres c\u00f3modos recubiertos de goma no porosa. Ofrecen una muy buena sensaci\u00f3n de agarre y seguridad al contacto.<\/li>\n<li>Pictograma explicativo sobre la postura correcta para la realizaci\u00f3n del ejercicio y los m\u00fasculos implicados en el mismo.<\/li>\n<li>Tacos de PVC blandos antideslizantes en su base.<\/li>\n<\/ul>\n<h5><strong>DIMENSIONES Y PESO<\/strong><\/h5>\n<ul>\n<li><strong>Largo:<\/strong>\u00a0168 cm.<\/li>\n<li><strong>Ancho:\u00a0<\/strong>160 cm.<\/li>\n<li><strong>Alto:<\/strong>\u00a0133 cm.<\/li>\n<li><strong>Peso:\u00a0<\/strong>135 kg.<\/li>\n<li><strong>Capacidad m\u00e1xima de carga:\u00a0<\/strong>200 kg.<\/li>\n<\/ul>\n<p><strong>Datos de Transferencia:<\/strong><\/p>\n<ul>\n<li>Cuenta corriente Banco de Chile N\u00b0\u00a0<strong>2780129801<\/strong><\/li>\n<li>Nombre:<strong>\u00a0Lets Go Fitness SpA\u00a0<\/strong>\u00a0Rut:<strong>\u00a076.631.524-0<\/strong><\/li>\n<li>Email:\u00a0<strong>ventas@letsgofitness.cl<\/strong><\/li>\n<\/ul>\n","protected":false},"excerpt":{"rendered":"<p>Dise\u00f1ada para los verdaderos apasionados del entrenamiento, esta m\u00e1quina es ideal para quienes buscan trabajar cada m\u00fasculo de su cuerpo con la m\u00e1xima eficiencia. Con el<span class=\"excerpt-hellip\"> [\u2026]<\/span><\/p>\n","protected":false},"featured_media":11250,"template":"","meta":{"_joinchat":[]},"product_brand":[],"product_cat":[135,122,32],"product_tag":[],"class_list":{"0":"post-11287","1":"product","2":"type-product","3":"status-publish","4":"has-post-thumbnail","6":"product_cat-oferta","7":"product_cat-stock","8":"product_cat-profesional","10":"first","11":"outofstock","12":"sale","13":"shipping-taxable","14":"purchasable","15":"product-type-simple"},"_links":{"self":[{"href":"https:\/\/letsgofitness.cl\/index.php\/wp-json\/wp\/v2\/product\/11287","targetHints":{"allow":["GET"]}}],"collection":[{"href":"https:\/\/letsgofitness.cl\/index.php\/wp-json\/wp\/v2\/product"}],"about":[{"href":"https:\/\/letsgofitness.cl\/index.php\/wp-json\/wp\/v2\/types\/product"}],"wp:featuredmedia":[{"embeddable":true,"href":"https:\/\/letsgofitness.cl\/index.php\/wp-json\/wp\/v2\/media\/11250"}],"wp:attachment":[{"href":"https:\/\/letsgofitness.cl\/index.php\/wp-json\/wp\/v2\/media?parent=11287"}],"wp:term":[{"taxonomy":"product_brand","embeddable":true,"href":"https:\/\/letsgofitness.cl\/index.php\/wp-json\/wp\/v2\/product_brand?post=11287"},{"taxonomy":"product_cat","embeddable":true,"href":"https:\/\/letsgofitness.cl\/index.php\/wp-json\/wp\/v2\/product_cat?post=11287"},{"taxonomy":"product_tag","embeddable":true,"href":"https:\/\/letsgofitness.cl\/index.php\/wp-json\/wp\/v2\/product_tag?post=11287"}],"curies":[{"name":"wp","href":"https:\/\/api.w.org\/{rel}","templated":true}]}}