{"id":11286,"date":"2024-12-27T16:12:53","date_gmt":"2024-12-27T19:12:53","guid":{"rendered":"https:\/\/letsgofitness.cl\/?post_type=product&#038;p=11286"},"modified":"2026-04-10T11:13:13","modified_gmt":"2026-04-10T14:13:13","slug":"preventa-maquina-para-abdominales-ab-coaster-st3","status":"publish","type":"product","link":"https:\/\/letsgofitness.cl\/index.php\/producto\/preventa-maquina-para-abdominales-ab-coaster-st3\/","title":{"rendered":"MAQUINA PARA ABDOMINALES AB COASTER ST3"},"content":{"rendered":"<p>Debido a su rieles cromados de alta resistencia a la tracci\u00f3n, esta maquina de abdominales permite un entrenamiento abdominal integral, es decir, se ejercitan todos los m\u00fasculos del abdomen, desde los inferiores a los superiores.<\/p>\n<p>Adem\u00e1s, debido a su dise\u00f1o ergon\u00f3mico se pueden maximizar los resultados en cada repetici\u00f3n, que en conjunto con sus superficie deslizante permite un movimiento suave y controlado, pero de alto impacto, pues se mantienen un soporte adecuado para la columna vertebral, que a su vez minimiza la tensi\u00f3n en la espalda baja.<\/p>\n<p>Tiene varios niveles de resistencia, para as\u00ed adaptar el eje al movimiento que se quiere dirigir.<\/p>\n<p>Posee tambi\u00e9n, un asiento ajustable mult\u00e1ngulo lo que facilita la progresi\u00f3n, la fuerza y la definici\u00f3n.<\/p>\n<p>Su estructura es solida y duradera, capaz de soportar entrenamientos intensivos.<\/p>\n<p>Permite a\u00f1adir mayor dificutad pues tiene 2 postes de carga de discos, lo que permite mejorar la resistencia e intensidad del entrenamiento.<\/p>\n<p>CAPACIDAD DE CARGA: HASTA 150 KG<\/p>\n<p><strong>OTRAS CARACTER\u00cdSTICAS:<\/strong><\/p>\n<ul>\n<li>Acero de alto calibre Q235.<\/li>\n<li>Empu\u00f1adura de goma.<\/li>\n<li>Coj\u00edn de piernas capaz de girar en 360\u00b0.<\/li>\n<li>Reposabrazos de goma de alta calidad adecuada para dar firmeza.<\/li>\n<li>Ruedas para facil movimiento.<\/li>\n<li>Peso m\u00e1ximo usuario: 180kg<\/li>\n<li>Pesa 70 kg.<\/li>\n<\/ul>\n","protected":false},"excerpt":{"rendered":"<p>Debido a su rieles cromados de alta resistencia a la tracci\u00f3n, esta maquina de abdominales permite un entrenamiento abdominal integral, es decir, se ejercitan todos los<span class=\"excerpt-hellip\"> [\u2026]<\/span><\/p>\n","protected":false},"featured_media":11249,"template":"","meta":{"_joinchat":[]},"product_brand":[],"product_cat":[135,122],"product_tag":[],"class_list":{"0":"post-11286","1":"product","2":"type-product","3":"status-publish","4":"has-post-thumbnail","6":"product_cat-oferta","7":"product_cat-stock","9":"first","10":"outofstock","11":"sale","12":"shipping-taxable","13":"purchasable","14":"product-type-simple"},"_links":{"self":[{"href":"https:\/\/letsgofitness.cl\/index.php\/wp-json\/wp\/v2\/product\/11286","targetHints":{"allow":["GET"]}}],"collection":[{"href":"https:\/\/letsgofitness.cl\/index.php\/wp-json\/wp\/v2\/product"}],"about":[{"href":"https:\/\/letsgofitness.cl\/index.php\/wp-json\/wp\/v2\/types\/product"}],"wp:featuredmedia":[{"embeddable":true,"href":"https:\/\/letsgofitness.cl\/index.php\/wp-json\/wp\/v2\/media\/11249"}],"wp:attachment":[{"href":"https:\/\/letsgofitness.cl\/index.php\/wp-json\/wp\/v2\/media?parent=11286"}],"wp:term":[{"taxonomy":"product_brand","embeddable":true,"href":"https:\/\/letsgofitness.cl\/index.php\/wp-json\/wp\/v2\/product_brand?post=11286"},{"taxonomy":"product_cat","embeddable":true,"href":"https:\/\/letsgofitness.cl\/index.php\/wp-json\/wp\/v2\/product_cat?post=11286"},{"taxonomy":"product_tag","embeddable":true,"href":"https:\/\/letsgofitness.cl\/index.php\/wp-json\/wp\/v2\/product_tag?post=11286"}],"curies":[{"name":"wp","href":"https:\/\/api.w.org\/{rel}","templated":true}]}}