{"id":11282,"date":"2024-12-27T15:33:30","date_gmt":"2024-12-27T18:33:30","guid":{"rendered":"https:\/\/letsgofitness.cl\/?post_type=product&#038;p=11282"},"modified":"2026-04-22T18:38:20","modified_gmt":"2026-04-22T21:38:20","slug":"preventa-smith-machine-st3","status":"publish","type":"product","link":"https:\/\/letsgofitness.cl\/index.php\/producto\/preventa-smith-machine-st3\/","title":{"rendered":"SMITH MACHINE ST3 **PAGO CONTADO $1.400.000** (Transferencia)"},"content":{"rendered":"<p>Su dise\u00f1o ergon\u00f3mico especialmente creado para adaptarse al eje natural del cuerpo, permite:<\/p>\n<ul>\n<li>Un entrenamiento eficiente y seguro, que reduce los riesgos de lesiones.<\/li>\n<li>Entrega mayor amplitud en la ejecuci\u00f3n.<\/li>\n<li>Propicia mantener una posici\u00f3n adecuada y lineal de las articulaciones para una ejecuci\u00f3n correcta.<\/li>\n<\/ul>\n<p>Barra ajustable:<\/p>\n<p>Debido a la versatilidad de la posici\u00f3n de la barra, es posible trabjar diversos grupos musculares como pecho y hombros, piernas y gl\u00fateos, espalda, abdominales o brazos.<\/p>\n<p>Tambi\u00e9n es antideslizante, lo que entrega un agarre seguro en cada repetici\u00f3n.<\/p>\n<p>Otro beneficio de la smith machine, es que no requiere ayuda de un acompa\u00f1ante para mantener el equilibrio puesto porque la barra est\u00e1 unida a los rieles y ejerce presi\u00f3n contraria al movimiento realizado, lo que tambi\u00e9n reduce la tensi\u00f3n de las articulaciones en comparaci\u00f3n con las m\u00e1quinas de peso libre.<\/p>\n<p>Puede ser usada por principiantes o personas com mayor experiencia.<\/p>\n<p>&nbsp;<\/p>\n<p>DIMENSIONES: Largo: 225 cm Ancho: 134 cm Alto: 229 cm<\/p>\n<p>CAPACIDAD DE CARGA: 350KG<\/p>\n<p>&nbsp;<\/p>\n","protected":false},"excerpt":{"rendered":"<p>Su dise\u00f1o ergon\u00f3mico especialmente creado para adaptarse al eje natural del cuerpo, permite: Un entrenamiento eficiente y seguro, que reduce los riesgos de lesiones. Entrega mayor<span class=\"excerpt-hellip\"> [\u2026]<\/span><\/p>\n","protected":false},"featured_media":11260,"template":"","meta":{"_joinchat":[]},"product_brand":[],"product_cat":[135,122,32,47],"product_tag":[],"class_list":{"0":"post-11282","1":"product","2":"type-product","3":"status-publish","4":"has-post-thumbnail","6":"product_cat-oferta","7":"product_cat-stock","8":"product_cat-profesional","9":"product_cat-peso-libre-profesional","11":"first","12":"instock","13":"sale","14":"shipping-taxable","15":"purchasable","16":"product-type-simple"},"_links":{"self":[{"href":"https:\/\/letsgofitness.cl\/index.php\/wp-json\/wp\/v2\/product\/11282","targetHints":{"allow":["GET"]}}],"collection":[{"href":"https:\/\/letsgofitness.cl\/index.php\/wp-json\/wp\/v2\/product"}],"about":[{"href":"https:\/\/letsgofitness.cl\/index.php\/wp-json\/wp\/v2\/types\/product"}],"wp:featuredmedia":[{"embeddable":true,"href":"https:\/\/letsgofitness.cl\/index.php\/wp-json\/wp\/v2\/media\/11260"}],"wp:attachment":[{"href":"https:\/\/letsgofitness.cl\/index.php\/wp-json\/wp\/v2\/media?parent=11282"}],"wp:term":[{"taxonomy":"product_brand","embeddable":true,"href":"https:\/\/letsgofitness.cl\/index.php\/wp-json\/wp\/v2\/product_brand?post=11282"},{"taxonomy":"product_cat","embeddable":true,"href":"https:\/\/letsgofitness.cl\/index.php\/wp-json\/wp\/v2\/product_cat?post=11282"},{"taxonomy":"product_tag","embeddable":true,"href":"https:\/\/letsgofitness.cl\/index.php\/wp-json\/wp\/v2\/product_tag?post=11282"}],"curies":[{"name":"wp","href":"https:\/\/api.w.org\/{rel}","templated":true}]}}