{"id":11279,"date":"2024-12-27T15:36:03","date_gmt":"2024-12-27T18:36:03","guid":{"rendered":"https:\/\/letsgofitness.cl\/?post_type=product&#038;p=11279"},"modified":"2026-04-10T11:10:05","modified_gmt":"2026-04-10T14:10:05","slug":"preventa-banco-press-inclinado-st3","status":"publish","type":"product","link":"https:\/\/letsgofitness.cl\/index.php\/producto\/preventa-banco-press-inclinado-st3\/","title":{"rendered":"BANCO PRESS INCLINADO ST3 (OLIMPICO)"},"content":{"rendered":"<p>Al ser un banco press inclinado, permite la activaci\u00f3n de los m\u00fasculos del pecho, sobre todo los pectorales, es un ejercicio compuesto pues se utilizan varios m\u00fasculos de forma simult\u00e1nea (deltoide anterior, tr\u00edcep y m\u00fasculos estabilizadores de la zona de la cintura escapular); por lo que, si bien es un ejercicio de tren superior, tambi\u00e9n, por consecuencia y para una correcta ejecuci\u00f3n, es necesario activar otros grupos musculares como el core, cu\u00e1driceps y gl\u00fateos.<\/p>\n<p><strong>OTRAS CARACTER\u00cdSTICAS:<\/strong><\/p>\n<ul>\n<li>Se adapta a diversas estaturas.<\/li>\n<li>Incluye soportes para almacenar barras.<\/li>\n<li>Espuma de alta densidad.<\/li>\n<li>Estructura de acero.<\/li>\n<li>Capacidad de carga de 300KG.<\/li>\n<li>Peso m\u00e1ximo de usuario: 200KG.<\/li>\n<li>Posee un piso en altura en la parte posterior para que la asistencia de su acompa\u00f1ante se ubique a la altura adecuada.<\/li>\n<\/ul>\n","protected":false},"excerpt":{"rendered":"<p>Al ser un banco press inclinado, permite la activaci\u00f3n de los m\u00fasculos del pecho, sobre todo los pectorales, es un ejercicio compuesto pues se utilizan varios<span class=\"excerpt-hellip\"> [\u2026]<\/span><\/p>\n","protected":false},"featured_media":11256,"template":"","meta":{"_joinchat":[]},"product_brand":[],"product_cat":[135,122,32],"product_tag":[],"class_list":{"0":"post-11279","1":"product","2":"type-product","3":"status-publish","4":"has-post-thumbnail","6":"product_cat-oferta","7":"product_cat-stock","8":"product_cat-profesional","10":"first","11":"outofstock","12":"sale","13":"shipping-taxable","14":"purchasable","15":"product-type-simple"},"_links":{"self":[{"href":"https:\/\/letsgofitness.cl\/index.php\/wp-json\/wp\/v2\/product\/11279","targetHints":{"allow":["GET"]}}],"collection":[{"href":"https:\/\/letsgofitness.cl\/index.php\/wp-json\/wp\/v2\/product"}],"about":[{"href":"https:\/\/letsgofitness.cl\/index.php\/wp-json\/wp\/v2\/types\/product"}],"wp:featuredmedia":[{"embeddable":true,"href":"https:\/\/letsgofitness.cl\/index.php\/wp-json\/wp\/v2\/media\/11256"}],"wp:attachment":[{"href":"https:\/\/letsgofitness.cl\/index.php\/wp-json\/wp\/v2\/media?parent=11279"}],"wp:term":[{"taxonomy":"product_brand","embeddable":true,"href":"https:\/\/letsgofitness.cl\/index.php\/wp-json\/wp\/v2\/product_brand?post=11279"},{"taxonomy":"product_cat","embeddable":true,"href":"https:\/\/letsgofitness.cl\/index.php\/wp-json\/wp\/v2\/product_cat?post=11279"},{"taxonomy":"product_tag","embeddable":true,"href":"https:\/\/letsgofitness.cl\/index.php\/wp-json\/wp\/v2\/product_tag?post=11279"}],"curies":[{"name":"wp","href":"https:\/\/api.w.org\/{rel}","templated":true}]}}