{"id":11229,"date":"2024-12-18T15:56:43","date_gmt":"2024-12-18T18:56:43","guid":{"rendered":"https:\/\/letsgofitness.cl\/?post_type=product&#038;p=11229"},"modified":"2026-04-10T11:10:05","modified_gmt":"2026-04-10T14:10:05","slug":"luz-led-rgb-1-hexagono","status":"publish","type":"product","link":"https:\/\/letsgofitness.cl\/index.php\/producto\/luz-led-rgb-1-hexagono\/","title":{"rendered":"LUZ LED RGB 1 HEX\u00c1GONO"},"content":{"rendered":"<p>Las luces LED hexagonales son perfectas para dar un cambio radical a diferentes espacios, aportando un dise\u00f1o moderno y atractivo. Son ideales para lugares como garajes, estudios, oficinas, gimnasios, showrooms y talleres. Adem\u00e1s de ofrecer una iluminaci\u00f3n extremadamente brillante, estas luces a\u00f1aden un toque \u00fanico que mejora la apariencia de cualquier entorno.<\/p>\n<p>El dise\u00f1o de este sistema consiste en un hexagono luminoso. Adem\u00e1s, incluye un controlador y un adaptador de corriente para conectarlo a una toma est\u00e1ndar. Todo el equipo necesario para su instalaci\u00f3n est\u00e1 incluido.<\/p>\n<p>Para garantizar un funcionamiento adecuado, es fundamental seguir las instrucciones y el orden preciso de los tubos de iluminaci\u00f3n.<\/p>\n","protected":false},"excerpt":{"rendered":"<div class=\"attribute-item\">\n<div class=\"left\" data-spm-anchor-id=\"a2700.details.0.i65.1c3f4b63GMZsdX\"><strong>Medidas: <\/strong>0.98 * 0.89 mts<\/div>\n<div class=\"left\" data-spm-anchor-id=\"a2700.details.0.i65.1c3f4b63GMZsdX\"><strong>Emisi\u00f3n de color:<\/strong>\u00a0RGB<\/div>\n<\/div>\n<div class=\"attribute-item\">\n<div class=\"left\"><strong>Fuente de luz:<\/strong>\u00a0LED<\/div>\n<div>\n<div class=\"left\" data-spm-anchor-id=\"a2700.details.0.i68.1c3f4b63GMZsdX\"><strong>Material:<\/strong>\u00a0Aluminio + PVC + ABS<\/div>\n<div data-spm-anchor-id=\"a2700.details.0.i68.1c3f4b63GMZsdX\">\n<div class=\"attribute-item\">\n<div class=\"left\" data-spm-anchor-id=\"a2700.details.0.i69.1c3f4b63GMZsdX\"><strong>Voltaje:<\/strong>\u00a012V<\/div>\n<\/div>\n<\/div>\n<\/div>\n<\/div>\n","protected":false},"featured_media":11230,"template":"","meta":{"_joinchat":[]},"product_brand":[],"product_cat":[106,277,135,122,32],"product_tag":[],"class_list":{"0":"post-11229","1":"product","2":"type-product","3":"status-publish","4":"has-post-thumbnail","6":"product_cat-accesorios","7":"product_cat-importaciones-lgf","8":"product_cat-oferta","9":"product_cat-stock","10":"product_cat-profesional","12":"first","13":"instock","14":"sale","15":"shipping-taxable","16":"purchasable","17":"product-type-simple"},"_links":{"self":[{"href":"https:\/\/letsgofitness.cl\/index.php\/wp-json\/wp\/v2\/product\/11229","targetHints":{"allow":["GET"]}}],"collection":[{"href":"https:\/\/letsgofitness.cl\/index.php\/wp-json\/wp\/v2\/product"}],"about":[{"href":"https:\/\/letsgofitness.cl\/index.php\/wp-json\/wp\/v2\/types\/product"}],"wp:featuredmedia":[{"embeddable":true,"href":"https:\/\/letsgofitness.cl\/index.php\/wp-json\/wp\/v2\/media\/11230"}],"wp:attachment":[{"href":"https:\/\/letsgofitness.cl\/index.php\/wp-json\/wp\/v2\/media?parent=11229"}],"wp:term":[{"taxonomy":"product_brand","embeddable":true,"href":"https:\/\/letsgofitness.cl\/index.php\/wp-json\/wp\/v2\/product_brand?post=11229"},{"taxonomy":"product_cat","embeddable":true,"href":"https:\/\/letsgofitness.cl\/index.php\/wp-json\/wp\/v2\/product_cat?post=11229"},{"taxonomy":"product_tag","embeddable":true,"href":"https:\/\/letsgofitness.cl\/index.php\/wp-json\/wp\/v2\/product_tag?post=11229"}],"curies":[{"name":"wp","href":"https:\/\/api.w.org\/{rel}","templated":true}]}}