{"id":11075,"date":"2024-12-05T12:05:48","date_gmt":"2024-12-05T15:05:48","guid":{"rendered":"https:\/\/letsgofitness.cl\/?post_type=product&#038;p=11075"},"modified":"2026-04-10T11:10:05","modified_gmt":"2026-04-10T14:10:05","slug":"luz-led-rgb-14-hexagonos","status":"publish","type":"product","link":"https:\/\/letsgofitness.cl\/index.php\/producto\/luz-led-rgb-14-hexagonos\/","title":{"rendered":"LUZ LED RGB 14 HEX\u00c1GONOS"},"content":{"rendered":"<p>El innovador Sistema de Luces LED RGB Hexagonales ofrece una experiencia de iluminaci\u00f3n \u00fanica, permitiendo cambiar colores y crear m\u00faltiples efectos con facilidad. Este kit incluye todo lo necesario para su funcionamiento: simplemente conecta, enchufa y selecciona entre una amplia variedad de modos de color y efectos, todo controlado a trav\u00e9s de un pr\u00e1ctico control remoto.<\/p>\n<p>El dise\u00f1o de este sistema consiste en un rack hexagonal con 14 piezas. Adem\u00e1s, incluye un controlador y un adaptador de corriente para conectarlo a una toma est\u00e1ndar. Todo el equipo necesario para su instalaci\u00f3n est\u00e1 incluido.<\/p>\n<p>Para garantizar un funcionamiento adecuado, es fundamental seguir las instrucciones y el orden preciso de los tubos de iluminaci\u00f3n.<\/p>\n","protected":false},"excerpt":{"rendered":"<div class=\"attribute-item\">\n<div class=\"left\" data-spm-anchor-id=\"a2700.details.0.i65.1c3f4b63GMZsdX\"><strong>Medidas: <\/strong>4.78 * 2.41 mts<\/div>\n<div class=\"left\" data-spm-anchor-id=\"a2700.details.0.i65.1c3f4b63GMZsdX\"><strong>Emisi\u00f3n de color:<\/strong> RGB<\/div>\n<\/div>\n<div class=\"attribute-item\">\n<div class=\"left\"><strong>Fuente de luz:<\/strong> LED<\/div>\n<div>\n<div class=\"left\" data-spm-anchor-id=\"a2700.details.0.i68.1c3f4b63GMZsdX\"><strong>Material:<\/strong> Aluminio + PVC + ABS<\/div>\n<div data-spm-anchor-id=\"a2700.details.0.i68.1c3f4b63GMZsdX\">\n<div class=\"attribute-item\">\n<div class=\"left\" data-spm-anchor-id=\"a2700.details.0.i69.1c3f4b63GMZsdX\"><strong>Voltaje:<\/strong> 12V<\/div>\n<\/div>\n<div class=\"attribute-item\">\n<div class=\"left\"><strong>Potencia:<\/strong> 43W<\/div>\n<\/div>\n<\/div>\n<\/div>\n<\/div>\n","protected":false},"featured_media":11076,"template":"","meta":{"_joinchat":[]},"product_brand":[],"product_cat":[277,272,135,122],"product_tag":[],"class_list":{"0":"post-11075","1":"product","2":"type-product","3":"status-publish","4":"has-post-thumbnail","6":"product_cat-importaciones-lgf","7":"product_cat-luz-led","8":"product_cat-oferta","9":"product_cat-stock","11":"first","12":"instock","13":"sale","14":"shipping-taxable","15":"purchasable","16":"product-type-simple"},"_links":{"self":[{"href":"https:\/\/letsgofitness.cl\/index.php\/wp-json\/wp\/v2\/product\/11075","targetHints":{"allow":["GET"]}}],"collection":[{"href":"https:\/\/letsgofitness.cl\/index.php\/wp-json\/wp\/v2\/product"}],"about":[{"href":"https:\/\/letsgofitness.cl\/index.php\/wp-json\/wp\/v2\/types\/product"}],"wp:featuredmedia":[{"embeddable":true,"href":"https:\/\/letsgofitness.cl\/index.php\/wp-json\/wp\/v2\/media\/11076"}],"wp:attachment":[{"href":"https:\/\/letsgofitness.cl\/index.php\/wp-json\/wp\/v2\/media?parent=11075"}],"wp:term":[{"taxonomy":"product_brand","embeddable":true,"href":"https:\/\/letsgofitness.cl\/index.php\/wp-json\/wp\/v2\/product_brand?post=11075"},{"taxonomy":"product_cat","embeddable":true,"href":"https:\/\/letsgofitness.cl\/index.php\/wp-json\/wp\/v2\/product_cat?post=11075"},{"taxonomy":"product_tag","embeddable":true,"href":"https:\/\/letsgofitness.cl\/index.php\/wp-json\/wp\/v2\/product_tag?post=11075"}],"curies":[{"name":"wp","href":"https:\/\/api.w.org\/{rel}","templated":true}]}}