{"id":10967,"date":"2024-11-18T15:36:44","date_gmt":"2024-11-18T18:36:44","guid":{"rendered":"https:\/\/letsgofitness.cl\/?post_type=product&#038;p=10967"},"modified":"2026-05-05T11:22:05","modified_gmt":"2026-05-05T14:22:05","slug":"preventa-shoulder-press-strength-st4","status":"publish","type":"product","link":"https:\/\/letsgofitness.cl\/index.php\/producto\/preventa-shoulder-press-strength-st4\/","title":{"rendered":"Shoulder Press STRENGTH ST4\/ **OFERTA PAGO CONTADO $1.390.000** (transferencia)"},"content":{"rendered":"<p><strong>SHOULDER PRESS ST4<\/strong>, es una m\u00e1quina de entrenamiento dise\u00f1ada para el desarrollo de los m\u00fasculos de los hombros, la shoulder press garantiza un rendimiento superior y ajustable para adaptarse a las necesidades de cada usuario, asegurando un movimiento suave y fluido en cada repetici\u00f3n sus agarres engomados te brindan un agarre c\u00f3modo\u00a0 y seguro, puedes ajustar f\u00e1cilmente la resistencia mediante un pin selector idealmente para gimnasios comerciales y home.<\/p>\n<h5><\/h5>\n<h5><strong>\u00a0 \u00a0 \u00a0 CARACTER\u00cdSTICAS T\u00c9CNICAS:<\/strong><\/h5>\n<ul>\n<li><strong>DIMENSIONES: <\/strong>177 X 140 X 145 CM<\/li>\n<li><strong>STACK<\/strong>: 100KG<\/li>\n<li><strong>MATERIAL:<\/strong> Q235<\/li>\n<li><strong>GROSOR:<\/strong> 3MM<\/li>\n<li><strong>ASIENTO AJUSTABLE<\/strong><\/li>\n<\/ul>\n<p>&nbsp;<\/p>\n<p><strong>OFERTA PAGO CONTADO: $1.390.000<\/strong><\/p>\n<p><strong>Datos de Transferencia:<\/strong><\/p>\n<ul>\n<li>Cuenta corriente Banco de Chile N\u00b0\u00a0<strong>2780129801<\/strong><\/li>\n<li>Nombre:<strong>\u00a0Lets Go Fitness SpA\u00a0<\/strong>\u00a0Rut:<strong>\u00a076.631.524-0<\/strong><\/li>\n<li>Email:\u00a0<strong>ventas@letsgofitness.cl<\/strong><\/li>\n<\/ul>\n<blockquote><p><strong>Incluir mensaje SKU + OFERTA + Fono Contacto<\/strong><\/p><\/blockquote>\n","protected":false},"excerpt":{"rendered":"<p><strong>*OFERTA PAGO CONTADO: $1.390.000 (Transferencia)*\u00a0<\/strong><\/p>\n<p>Datos de Transferencia en\u00a0<strong>DESCRIPCI\u00d3N\u00a0 DEL PRODUCTO.<\/strong><\/p>\n","protected":false},"featured_media":10887,"template":"","meta":{"_joinchat":[]},"product_brand":[],"product_cat":[276,135,122,32,47],"product_tag":[],"class_list":{"0":"post-10967","1":"product","2":"type-product","3":"status-publish","4":"has-post-thumbnail","6":"product_cat-oferta-pago-contado","7":"product_cat-oferta","8":"product_cat-stock","9":"product_cat-profesional","10":"product_cat-peso-libre-profesional","12":"first","13":"instock","14":"sale","15":"shipping-taxable","16":"purchasable","17":"product-type-simple"},"_links":{"self":[{"href":"https:\/\/letsgofitness.cl\/index.php\/wp-json\/wp\/v2\/product\/10967","targetHints":{"allow":["GET"]}}],"collection":[{"href":"https:\/\/letsgofitness.cl\/index.php\/wp-json\/wp\/v2\/product"}],"about":[{"href":"https:\/\/letsgofitness.cl\/index.php\/wp-json\/wp\/v2\/types\/product"}],"wp:featuredmedia":[{"embeddable":true,"href":"https:\/\/letsgofitness.cl\/index.php\/wp-json\/wp\/v2\/media\/10887"}],"wp:attachment":[{"href":"https:\/\/letsgofitness.cl\/index.php\/wp-json\/wp\/v2\/media?parent=10967"}],"wp:term":[{"taxonomy":"product_brand","embeddable":true,"href":"https:\/\/letsgofitness.cl\/index.php\/wp-json\/wp\/v2\/product_brand?post=10967"},{"taxonomy":"product_cat","embeddable":true,"href":"https:\/\/letsgofitness.cl\/index.php\/wp-json\/wp\/v2\/product_cat?post=10967"},{"taxonomy":"product_tag","embeddable":true,"href":"https:\/\/letsgofitness.cl\/index.php\/wp-json\/wp\/v2\/product_tag?post=10967"}],"curies":[{"name":"wp","href":"https:\/\/api.w.org\/{rel}","templated":true}]}}