{"id":10965,"date":"2024-11-18T15:10:11","date_gmt":"2024-11-18T18:10:11","guid":{"rendered":"https:\/\/letsgofitness.cl\/?post_type=product&#038;p=10965"},"modified":"2026-05-05T11:26:16","modified_gmt":"2026-05-05T14:26:16","slug":"preventa-abductor-strength-st3","status":"publish","type":"product","link":"https:\/\/letsgofitness.cl\/index.php\/producto\/preventa-abductor-strength-st3\/","title":{"rendered":"Abductor STRENGTH ST3 **OFERTA PAGO CONTADO $990.000**(Transferencia)"},"content":{"rendered":"<p>&nbsp;<\/p>\n<p><span id=\"tl_37\" class=\"magic-8\" data-spm-anchor-id=\"a2g0o.detail.1000023.i2.3c1cKxdiKxdioe\">El <strong>Abductor STRENGTH ST3<\/strong> de l\u00ednea de peso libre es un equipo dise\u00f1ado para proporcionar un entrenamiento efectivo y vers\u00e1til de los m\u00fasculos abductores del muslo. Con un dise\u00f1o robusto y ergon\u00f3mico. Permite ajustar el peso libremente con Discos , adapt\u00e1ndose a las necesidades y niveles de resistencia. Adem\u00e1s de fortalecer los m\u00fasculos del muslo, esta m\u00e1quina ofrece una mayor libertad de movimiento con una inclinaci\u00f3n ajustable, lo que garantiza una experiencia de entrenamiento eficiente y c\u00f3moda.<\/span><\/p>\n<p><strong>CARACTERISTICAS T\u00c9CNICAS :<\/strong><\/p>\n<ul>\n<li><strong>DIMENSIONES: <\/strong>133 X 152 X 141 CM<\/li>\n<li><strong>PESO:<\/strong> 180 KG<\/li>\n<li><strong>GROSOR:<\/strong> 50 X 100 X 3MM<\/li>\n<li><strong>Tubo de acero<\/strong>: Q235<\/li>\n<\/ul>\n<p>&nbsp;<\/p>\n<p><strong>OFERTA PAGO CONTADO $990.000<\/strong><\/p>\n<p><strong>Datos de Transferencia:<\/strong><\/p>\n<ul>\n<li>Cuenta corriente Banco de Chile N\u00b0\u00a0<strong>2780129801<\/strong><\/li>\n<li>Nombre:<strong>\u00a0Lets Go Fitness SpA\u00a0<\/strong>\u00a0Rut:<strong>\u00a076.631.524-0<\/strong><\/li>\n<li>Email:\u00a0<strong>ventas@letsgofitness.cl<\/strong><\/li>\n<\/ul>\n<blockquote><p><strong>Incluir mensaje SKU + OFERTA + Fono Contacto<\/strong><\/p><\/blockquote>\n","protected":false},"excerpt":{"rendered":"<p><strong>*OFERTA PAGO CONTADO: $990.000 (Transferencia)*\u00a0<\/strong><\/p>\n<p>Datos de Transferencia en\u00a0<strong>DESCRIPCI\u00d3N\u00a0 DEL PRODUCTO.<\/strong><\/p>\n","protected":false},"featured_media":10871,"template":"","meta":{"_joinchat":[]},"product_brand":[],"product_cat":[135,122,32,47],"product_tag":[],"class_list":{"0":"post-10965","1":"product","2":"type-product","3":"status-publish","4":"has-post-thumbnail","6":"product_cat-oferta","7":"product_cat-stock","8":"product_cat-profesional","9":"product_cat-peso-libre-profesional","11":"first","12":"outofstock","13":"sale","14":"shipping-taxable","15":"purchasable","16":"product-type-simple"},"_links":{"self":[{"href":"https:\/\/letsgofitness.cl\/index.php\/wp-json\/wp\/v2\/product\/10965","targetHints":{"allow":["GET"]}}],"collection":[{"href":"https:\/\/letsgofitness.cl\/index.php\/wp-json\/wp\/v2\/product"}],"about":[{"href":"https:\/\/letsgofitness.cl\/index.php\/wp-json\/wp\/v2\/types\/product"}],"wp:featuredmedia":[{"embeddable":true,"href":"https:\/\/letsgofitness.cl\/index.php\/wp-json\/wp\/v2\/media\/10871"}],"wp:attachment":[{"href":"https:\/\/letsgofitness.cl\/index.php\/wp-json\/wp\/v2\/media?parent=10965"}],"wp:term":[{"taxonomy":"product_brand","embeddable":true,"href":"https:\/\/letsgofitness.cl\/index.php\/wp-json\/wp\/v2\/product_brand?post=10965"},{"taxonomy":"product_cat","embeddable":true,"href":"https:\/\/letsgofitness.cl\/index.php\/wp-json\/wp\/v2\/product_cat?post=10965"},{"taxonomy":"product_tag","embeddable":true,"href":"https:\/\/letsgofitness.cl\/index.php\/wp-json\/wp\/v2\/product_tag?post=10965"}],"curies":[{"name":"wp","href":"https:\/\/api.w.org\/{rel}","templated":true}]}}