{"id":10963,"date":"2024-11-18T14:55:33","date_gmt":"2024-11-18T17:55:33","guid":{"rendered":"https:\/\/letsgofitness.cl\/?post_type=product&#038;p=10963"},"modified":"2026-04-10T11:17:23","modified_gmt":"2026-04-10T14:17:23","slug":"preventa-dual-hack-leg-press-45-strength-st3","status":"publish","type":"product","link":"https:\/\/letsgofitness.cl\/index.php\/producto\/preventa-dual-hack-leg-press-45-strength-st3\/","title":{"rendered":"Dual Hack\/ Leg Press 45\u00b0 STRENGTH ST3 **OFERTA PAGO CONTADO $1.270.000** (Transferencia)"},"content":{"rendered":"<p><strong>Dual Hack\/ Leg Press 45\u00b0 STRENGTH ST3,<\/strong> Maquina con doble funci\u00f3n, construida de <strong>acero alta calidad (Q235<\/strong>), incluye 2 soportes para carga de discos ol\u00edmpicos. Posee soporte inferior con inclinaci\u00f3n ajustable, permite modificar los \u00e1ngulos de trabajo ya sea para el respaldo <strong>(LEG PRESS)<\/strong> o para la plataforma de apoyo <strong>(HACK).\u00a0<\/strong><\/p>\n<h5><strong>CARACTER\u00cdSTICAS T\u00c9CNICAS:<\/strong><\/h5>\n<ul>\n<li><strong>Dimensiones: <\/strong>2.38(Largo) X 1.64(Ancho) X 1.45(Alto) CM<\/li>\n<li><strong>Material de fabricaci\u00f3n: <\/strong>ACERO Q235<\/li>\n<li><strong>Ajustes:<\/strong> Soporte para pies &#8211; 5 posiciones de reclinaci\u00f3n<\/li>\n<li><strong>\u00c1ngulo de Inclinaci\u00f3n:<\/strong> 45\u00ba<\/li>\n<li><strong>Capacidad de carga<\/strong>\u00a0: 350 kg<\/li>\n<\/ul>\n<p>&nbsp;<\/p>\n","protected":false},"excerpt":{"rendered":"<p>&nbsp;<\/p>\n<p>&nbsp;<\/p>\n","protected":false},"featured_media":10964,"template":"","meta":{"_joinchat":[]},"product_brand":[],"product_cat":[276,135,122,32,48],"product_tag":[],"class_list":{"0":"post-10963","1":"product","2":"type-product","3":"status-publish","4":"has-post-thumbnail","6":"product_cat-oferta-pago-contado","7":"product_cat-oferta","8":"product_cat-stock","9":"product_cat-profesional","10":"product_cat-peso-integrado-profesional","12":"first","13":"outofstock","14":"sale","15":"shipping-taxable","16":"purchasable","17":"product-type-simple"},"_links":{"self":[{"href":"https:\/\/letsgofitness.cl\/index.php\/wp-json\/wp\/v2\/product\/10963","targetHints":{"allow":["GET"]}}],"collection":[{"href":"https:\/\/letsgofitness.cl\/index.php\/wp-json\/wp\/v2\/product"}],"about":[{"href":"https:\/\/letsgofitness.cl\/index.php\/wp-json\/wp\/v2\/types\/product"}],"wp:featuredmedia":[{"embeddable":true,"href":"https:\/\/letsgofitness.cl\/index.php\/wp-json\/wp\/v2\/media\/10964"}],"wp:attachment":[{"href":"https:\/\/letsgofitness.cl\/index.php\/wp-json\/wp\/v2\/media?parent=10963"}],"wp:term":[{"taxonomy":"product_brand","embeddable":true,"href":"https:\/\/letsgofitness.cl\/index.php\/wp-json\/wp\/v2\/product_brand?post=10963"},{"taxonomy":"product_cat","embeddable":true,"href":"https:\/\/letsgofitness.cl\/index.php\/wp-json\/wp\/v2\/product_cat?post=10963"},{"taxonomy":"product_tag","embeddable":true,"href":"https:\/\/letsgofitness.cl\/index.php\/wp-json\/wp\/v2\/product_tag?post=10963"}],"curies":[{"name":"wp","href":"https:\/\/api.w.org\/{rel}","templated":true}]}}