{"id":10921,"date":"2024-11-14T12:57:55","date_gmt":"2024-11-14T15:57:55","guid":{"rendered":"https:\/\/letsgofitness.cl\/?post_type=product&#038;p=10921"},"modified":"2026-04-10T11:17:23","modified_gmt":"2026-04-10T14:17:23","slug":"preventa-upright-recumbent-bike-st3","status":"publish","type":"product","link":"https:\/\/letsgofitness.cl\/index.php\/producto\/preventa-upright-recumbent-bike-st3\/","title":{"rendered":"BICICLETA PROFESIONAL VERTICAL STRENGTH ST3\/ **OFERTA PAGO CONTADO $1.100.000** (transferencia)"},"content":{"rendered":"<p><strong>Bicicleta profecional vertical<\/strong> te ofrece un entrenamiento ideal para obtener los beneficios de salud con el ciclismo desde su hogar, est\u00e1 dise\u00f1ada para utilizarla de manera suave y c\u00f3moda, la combinaci\u00f3n perfecta con una bicicleta vertical podr\u00e1s simular los mismo ejercicios de una bicicleta Cardiovascular, con ella podr\u00e1s mejorar tus ejercicios y tu forma f\u00edsica en general quemando calor\u00edas, tiene m\u00faltiples funciones estas variaciones logran que sea una bicicleta de entrenamiento completo que conlleva m\u00faltiples beneficios seg\u00fan el uso que le de el usuario, es com\u00fan verla en centros de entrenamiento, gimnasios de Crossfit, centros m\u00e9dicos, \u00a0ya que suele ser segura, efectiva y de recuperaci\u00f3n completa.<\/p>\n<p>&nbsp;<\/p>\n<ul>\n<li><strong>DIMENSIONES: 115 x 53.5 x 150 CM<\/strong><\/li>\n<\/ul>\n<p>&nbsp;<\/p>\n<p><strong>\u00a0 \u00a0 \u00a0 \u00a0 \u00a0 OFERTA PAGO CONTADO: $1.100.000<\/strong><\/p>\n<p><strong>\u00a0 \u00a0 \u00a0 \u00a0 \u00a0 Datos de Transferencia:<\/strong><\/p>\n<ul>\n<li>Cuenta corriente Banco de Chile N\u00b0\u00a0<strong>2780129801<\/strong><\/li>\n<li>Nombre:<strong>\u00a0Lets Go Fitness SpA\u00a0<\/strong>\u00a0Rut:<strong>\u00a076.631.524-0<\/strong><\/li>\n<li>Email:\u00a0<strong>ventas@letsgofitness.cl<\/strong><\/li>\n<\/ul>\n<blockquote><p><strong>Incluir mensaje SKU + OFERTA + Fono Contacto<\/strong><\/p><\/blockquote>\n","protected":false},"excerpt":{"rendered":"<p><strong>*OFERTA\u00a0 PAGO CONTADO: $1.100.000\u00a0 (Transferencia)*\u00a0<\/strong><\/p>\n<p>Datos de Transferencia en\u00a0<strong>DESCRIPCI\u00d3N\u00a0 DEL PRODUCTO.<\/strong><\/p>\n","protected":false},"featured_media":10876,"template":"","meta":{"_joinchat":[]},"product_brand":[],"product_cat":[135,122,32,46,54],"product_tag":[],"class_list":{"0":"post-10921","1":"product","2":"type-product","3":"status-publish","4":"has-post-thumbnail","6":"product_cat-oferta","7":"product_cat-stock","8":"product_cat-profesional","9":"product_cat-cardio-profesional","10":"product_cat-profesional-cardio-biciletas-estaticas","12":"first","13":"instock","14":"sale","15":"shipping-taxable","16":"purchasable","17":"product-type-simple"},"_links":{"self":[{"href":"https:\/\/letsgofitness.cl\/index.php\/wp-json\/wp\/v2\/product\/10921","targetHints":{"allow":["GET"]}}],"collection":[{"href":"https:\/\/letsgofitness.cl\/index.php\/wp-json\/wp\/v2\/product"}],"about":[{"href":"https:\/\/letsgofitness.cl\/index.php\/wp-json\/wp\/v2\/types\/product"}],"wp:featuredmedia":[{"embeddable":true,"href":"https:\/\/letsgofitness.cl\/index.php\/wp-json\/wp\/v2\/media\/10876"}],"wp:attachment":[{"href":"https:\/\/letsgofitness.cl\/index.php\/wp-json\/wp\/v2\/media?parent=10921"}],"wp:term":[{"taxonomy":"product_brand","embeddable":true,"href":"https:\/\/letsgofitness.cl\/index.php\/wp-json\/wp\/v2\/product_brand?post=10921"},{"taxonomy":"product_cat","embeddable":true,"href":"https:\/\/letsgofitness.cl\/index.php\/wp-json\/wp\/v2\/product_cat?post=10921"},{"taxonomy":"product_tag","embeddable":true,"href":"https:\/\/letsgofitness.cl\/index.php\/wp-json\/wp\/v2\/product_tag?post=10921"}],"curies":[{"name":"wp","href":"https:\/\/api.w.org\/{rel}","templated":true}]}}