{"id":10915,"date":"2024-11-14T10:57:19","date_gmt":"2024-11-14T13:57:19","guid":{"rendered":"https:\/\/letsgofitness.cl\/?post_type=product&#038;p=10915"},"modified":"2026-04-24T12:55:37","modified_gmt":"2026-04-24T15:55:37","slug":"preventa-hip-glute-strength-st4","status":"publish","type":"product","link":"https:\/\/letsgofitness.cl\/index.php\/producto\/preventa-hip-glute-strength-st4\/","title":{"rendered":"PREVENTA HIP GLUTE STRENGTH ST4"},"content":{"rendered":"<p>La <strong>HIP GLUTE STRENGTH<\/strong> <strong>ST4<\/strong>, dise\u00f1ada espec\u00edficamente para fortalecer los gl\u00fateos y la cadera ideal para mejorar la resistencia, proporciona un movimiento suave y eficiente gracias a su sistema de poleas y rodamientos de alta calidad, se ajusta mediante los stack de peso lo que permite un entrenamiento personalizado asegurando su progreso,\u00a0 entrenamiento m\u00e1s sencillo para el usuario para quienes buscan mejorar caderas y gl\u00fateos es perfecta es una excelente opci\u00f3n para cualquier espacio de entrenamiento o gimnasio.<\/p>\n<p><strong> Caracter\u00edsticas:\u00a0<\/strong><\/p>\n<ul>\n<li>Ajuste de plataforma en 5 niveles.<\/li>\n<li>Ajuste del \u00e1ngulo del rodillo en 8 posiciones.<\/li>\n<li>Incluye pin selector de placas magn\u00e9tico para mayor seguridad.<\/li>\n<li>Incluye partes acolchadas tanto en respaldo, rodillo y asiento.<\/li>\n<li>Botellero\u00a0en la parte lateral de la torre de la m\u00e1quina.<\/li>\n<li>Soportes antideslizantes\u00a0de la m\u00e1quina para alcanzar la mayor estabilidad.<\/li>\n<li>Dimensiones:156x 153.5x 163 cm<\/li>\n<li>Stack:100 kg<\/li>\n<\/ul>\n<p>&nbsp;<\/p>\n<p>&nbsp;<\/p>\n<p><strong>Datos de Transferencia:<\/strong><\/p>\n<ul>\n<li>Cuenta corriente Banco de Chile N\u00b0\u00a0<strong>2780129801<\/strong><\/li>\n<li>Nombre:<strong>\u00a0Lets Go Fitness SpA\u00a0<\/strong>\u00a0Rut:<strong>\u00a076.631.524-0<\/strong><\/li>\n<li>Email:\u00a0<strong>ventas@letsgofitness.cl<\/strong><\/li>\n<\/ul>\n","protected":false},"excerpt":{"rendered":"<p>Datos de Transferencia en\u00a0<strong>DESCRIPCI\u00d3N\u00a0 DEL PRODUCTO<\/strong><\/p>\n","protected":false},"featured_media":10916,"template":"","meta":{"_joinchat":[]},"product_brand":[],"product_cat":[276,135,121,122,247,48],"product_tag":[],"class_list":{"0":"post-10915","1":"product","2":"type-product","3":"status-publish","4":"has-post-thumbnail","6":"product_cat-oferta-pago-contado","7":"product_cat-oferta","8":"product_cat-proximamente-en-stock","9":"product_cat-stock","10":"product_cat-strength","11":"product_cat-peso-integrado-profesional","13":"first","14":"instock","15":"sale","16":"shipping-taxable","17":"purchasable","18":"product-type-simple"},"_links":{"self":[{"href":"https:\/\/letsgofitness.cl\/index.php\/wp-json\/wp\/v2\/product\/10915","targetHints":{"allow":["GET"]}}],"collection":[{"href":"https:\/\/letsgofitness.cl\/index.php\/wp-json\/wp\/v2\/product"}],"about":[{"href":"https:\/\/letsgofitness.cl\/index.php\/wp-json\/wp\/v2\/types\/product"}],"wp:featuredmedia":[{"embeddable":true,"href":"https:\/\/letsgofitness.cl\/index.php\/wp-json\/wp\/v2\/media\/10916"}],"wp:attachment":[{"href":"https:\/\/letsgofitness.cl\/index.php\/wp-json\/wp\/v2\/media?parent=10915"}],"wp:term":[{"taxonomy":"product_brand","embeddable":true,"href":"https:\/\/letsgofitness.cl\/index.php\/wp-json\/wp\/v2\/product_brand?post=10915"},{"taxonomy":"product_cat","embeddable":true,"href":"https:\/\/letsgofitness.cl\/index.php\/wp-json\/wp\/v2\/product_cat?post=10915"},{"taxonomy":"product_tag","embeddable":true,"href":"https:\/\/letsgofitness.cl\/index.php\/wp-json\/wp\/v2\/product_tag?post=10915"}],"curies":[{"name":"wp","href":"https:\/\/api.w.org\/{rel}","templated":true}]}}