{"id":10914,"date":"2024-11-14T10:48:26","date_gmt":"2024-11-14T13:48:26","guid":{"rendered":"https:\/\/letsgofitness.cl\/?post_type=product&#038;p=10914"},"modified":"2026-04-24T11:25:12","modified_gmt":"2026-04-24T14:25:12","slug":"preventa-kneeling-leg-curl-strength-st3","status":"publish","type":"product","link":"https:\/\/letsgofitness.cl\/index.php\/producto\/preventa-kneeling-leg-curl-strength-st3\/","title":{"rendered":"PREVENTA KNEELING LEG CURL STRENGTH ST3"},"content":{"rendered":"<p><strong>KNEELING LEG CURL STRENGTH ST3<\/strong>, se especifica para los entrenamientos de los m\u00fasculos femorales, las manijas de agarre permiten a cualquier persona una mejor posici\u00f3n y mejor movimiento, dise\u00f1ada para aislar y fortalecer los m\u00fasculos de los<strong>\u00a0<\/strong>isquiotibiales, con carga de discos cada brazo de palanca trabaja de manera independiente para lograr un mejor aislamiento y contracci\u00f3n muscular.<\/p>\n<p>&nbsp;<\/p>\n<p><strong>Caracter\u00edsticas t\u00e9cnicas:<\/strong><\/p>\n<ul>\n<li><strong>Soporte central para pierna de apoyo<\/strong><\/li>\n<li><strong>Fabricada de acero\u00a0<\/strong><\/li>\n<li><strong>Peso libre<\/strong><\/li>\n<li><strong>Dimensiones: 168.5 x 141.5 x 115 cm\u00a0<\/strong><\/li>\n<\/ul>\n<p>&nbsp;<\/p>\n<p>&nbsp;<\/p>\n<p>&nbsp;<\/p>\n<ul>\n<li><strong>Datos de <\/strong><strong>Transferencia:<\/strong><\/li>\n<\/ul>\n<ul>\n<li>Cuenta corriente Banco de Chile N\u00b0\u00a0<strong>2780129801<\/strong><\/li>\n<li>Nombre:<strong>\u00a0Lets Go Fitness SpA\u00a0<\/strong>\u00a0Rut:<strong>\u00a076.631.524-0<\/strong><\/li>\n<li>Email:\u00a0<strong>ventas@letsgofitness.cl<\/strong><\/li>\n<\/ul>\n<p>&nbsp;<\/p>\n<blockquote><p>&nbsp;<\/p><\/blockquote>\n","protected":false},"excerpt":{"rendered":"<p><strong>*OFERTA PAGO CONTADO $830.000 (Transferencia)*<\/strong><\/p>\n<p>Datos de Transferencia en\u00a0<strong>DESCRIPCI\u00d3N\u00a0 DEL PRODUCTO<\/strong><\/p>\n","protected":false},"featured_media":10878,"template":"","meta":{"_joinchat":[]},"product_brand":[],"product_cat":[276,135,121,122,247,32,47],"product_tag":[],"class_list":{"0":"post-10914","1":"product","2":"type-product","3":"status-publish","4":"has-post-thumbnail","6":"product_cat-oferta-pago-contado","7":"product_cat-oferta","8":"product_cat-proximamente-en-stock","9":"product_cat-stock","10":"product_cat-strength","11":"product_cat-profesional","12":"product_cat-peso-libre-profesional","14":"first","15":"instock","16":"sale","17":"shipping-taxable","18":"purchasable","19":"product-type-simple"},"_links":{"self":[{"href":"https:\/\/letsgofitness.cl\/index.php\/wp-json\/wp\/v2\/product\/10914","targetHints":{"allow":["GET"]}}],"collection":[{"href":"https:\/\/letsgofitness.cl\/index.php\/wp-json\/wp\/v2\/product"}],"about":[{"href":"https:\/\/letsgofitness.cl\/index.php\/wp-json\/wp\/v2\/types\/product"}],"wp:featuredmedia":[{"embeddable":true,"href":"https:\/\/letsgofitness.cl\/index.php\/wp-json\/wp\/v2\/media\/10878"}],"wp:attachment":[{"href":"https:\/\/letsgofitness.cl\/index.php\/wp-json\/wp\/v2\/media?parent=10914"}],"wp:term":[{"taxonomy":"product_brand","embeddable":true,"href":"https:\/\/letsgofitness.cl\/index.php\/wp-json\/wp\/v2\/product_brand?post=10914"},{"taxonomy":"product_cat","embeddable":true,"href":"https:\/\/letsgofitness.cl\/index.php\/wp-json\/wp\/v2\/product_cat?post=10914"},{"taxonomy":"product_tag","embeddable":true,"href":"https:\/\/letsgofitness.cl\/index.php\/wp-json\/wp\/v2\/product_tag?post=10914"}],"curies":[{"name":"wp","href":"https:\/\/api.w.org\/{rel}","templated":true}]}}