{"id":10900,"date":"2024-11-08T08:30:28","date_gmt":"2024-11-08T11:30:28","guid":{"rendered":"https:\/\/letsgofitness.cl\/?post_type=product&#038;p=10900"},"modified":"2026-04-24T11:05:55","modified_gmt":"2026-04-24T14:05:55","slug":"multipress-smith-st3","status":"publish","type":"product","link":"https:\/\/letsgofitness.cl\/index.php\/producto\/multipress-smith-st3\/","title":{"rendered":"PREVENTA MULTI PRESS SMITH STRENGTH ST3"},"content":{"rendered":"<p><strong>\u00a0Multipress smith<\/strong> se centra especialmente en la zona pectoral ya que proporciona un movimiento m\u00e1s maximizado, natural y fluido, la m\u00e1quina smith proporciona estabilidad durante el press de pecho, lo que permite un movimiento controlado y reduce el riesgo de lesiones, ofrece una funci\u00f3n de presi\u00f3n m\u00faltiple isolateral que trabaja ambos lados del pecho de forma independiente, la m\u00e1quina Smith no solo sirve para hacer press de pecho plano tambi\u00e9n se puede utilizar para hacer press de pecho inclinado,\u00a0 al ajustar el \u00e1ngulo del banco, puedes trabajar la parte superior del pecho esta variaci\u00f3n agrega diversidad a tu rutina de ejercicios, la parte del asiento se ajusta a seis \u00e1ngulos diferentes, lo que le permite encontrar el mejor ajuste y soporte para el \u00e1ngulo de banco.<\/p>\n<p>&nbsp;<\/p>\n<p><strong> Caracter\u00edsticas:<\/strong><\/p>\n<ul>\n<li>Asiento ajustable.<\/li>\n<li>Incluye subida y bajada.<\/li>\n<li>Rodamientos industriales de alta calidad.<\/li>\n<li>Material de acero.<\/li>\n<li>tapizado en goma espuma con espesor sint\u00e9tico.<\/li>\n<\/ul>\n<p><strong>\u00a0 \u00a0 \u00a0 \u00a0DIMENSIONES: 177 X 195 X 173 CM<\/strong><\/p>\n<p>&nbsp;<\/p>\n","protected":false},"excerpt":{"rendered":"<p><strong>STOCK DISPONIBL<\/strong><\/p>\n<p>&nbsp;<\/p>\n","protected":false},"featured_media":10879,"template":"","meta":{"_joinchat":[]},"product_brand":[],"product_cat":[276,135,121,122,32,47],"product_tag":[],"class_list":{"0":"post-10900","1":"product","2":"type-product","3":"status-publish","4":"has-post-thumbnail","6":"product_cat-oferta-pago-contado","7":"product_cat-oferta","8":"product_cat-proximamente-en-stock","9":"product_cat-stock","10":"product_cat-profesional","11":"product_cat-peso-libre-profesional","13":"first","14":"instock","15":"sale","16":"shipping-taxable","17":"purchasable","18":"product-type-simple"},"_links":{"self":[{"href":"https:\/\/letsgofitness.cl\/index.php\/wp-json\/wp\/v2\/product\/10900","targetHints":{"allow":["GET"]}}],"collection":[{"href":"https:\/\/letsgofitness.cl\/index.php\/wp-json\/wp\/v2\/product"}],"about":[{"href":"https:\/\/letsgofitness.cl\/index.php\/wp-json\/wp\/v2\/types\/product"}],"wp:featuredmedia":[{"embeddable":true,"href":"https:\/\/letsgofitness.cl\/index.php\/wp-json\/wp\/v2\/media\/10879"}],"wp:attachment":[{"href":"https:\/\/letsgofitness.cl\/index.php\/wp-json\/wp\/v2\/media?parent=10900"}],"wp:term":[{"taxonomy":"product_brand","embeddable":true,"href":"https:\/\/letsgofitness.cl\/index.php\/wp-json\/wp\/v2\/product_brand?post=10900"},{"taxonomy":"product_cat","embeddable":true,"href":"https:\/\/letsgofitness.cl\/index.php\/wp-json\/wp\/v2\/product_cat?post=10900"},{"taxonomy":"product_tag","embeddable":true,"href":"https:\/\/letsgofitness.cl\/index.php\/wp-json\/wp\/v2\/product_tag?post=10900"}],"curies":[{"name":"wp","href":"https:\/\/api.w.org\/{rel}","templated":true}]}}